{"id":119706,"date":"2025-05-18T21:33:41","date_gmt":"2025-05-18T21:33:41","guid":{"rendered":"https:\/\/staging2.stylingagenten.com\/fi\/produkt\/3-pack-max-factor-false-lash-effect-mascara-black-131ml\/"},"modified":"2026-04-14T17:28:26","modified_gmt":"2026-04-14T17:28:26","slug":"3-pack-max-factor-false-lash-effect-mascara-black-131ml","status":"publish","type":"product","link":"https:\/\/stylingagenten.com\/fi\/tuote\/3-pack-max-factor-false-lash-effect-mascara-black-131ml\/","title":{"rendered":"3-pack Max Factor False Lash Effect Mascara Black 13,1ml"},"content":{"rendered":"<p>Max FactorFalse Lash Effect -ripsiv\u00e4ri kaksinkertaistaa ripsien koon ja antaa tuloksen, jonka uskoit vain tekoripsien antavan. Se on kauden pakollinen esine meikkitaiteilijoiden keskuudessa. Salaisuus on yhdistelm\u00e4 Max Factorin kaikkien aikojen suurinta harjaa ja Liquid Lash -teknologiaa sis\u00e4lt\u00e4v\u00e4\u00e4 koostumusta. Jokaisella ripsien tuuheuttavalla pyyhk\u00e4isyll\u00e4 se levitt\u00e4\u00e4 ripsiv\u00e4ri\u00e4 koko ripsien ymp\u00e4rille paakkuuntumatta, jolloin saat ripset, joista olet uskaltanut vain haaveilla.<\/p>\n<p><strong>K\u00e4ytt\u00f6:<\/strong> vahva&gt; Paras tekniikka: Taivuta ripset useilla pienemmill\u00e4 hyppyill\u00e4 ripsien tyvest\u00e4 yl\u00e4osaan, jotta saat py\u00f6reyden. \u00c4l\u00e4 siis k\u00e4yt\u00e4 yht\u00e4 painetta, niin tuloksena on sen sijaan luonnoton V-muoto. Lis\u00e4\u00e4 sitten False Lash Effect, ja sinulla on molemmat ?avoin? ulkoasu, sek\u00e4 h\u00e4mm\u00e4stytt\u00e4v\u00e4 \u00e4\u00e4nenvoimakkuus ja ter\u00e4vyys hetkess\u00e4.<\/p>\n<p><strong>V\u00e4ri:<\/strong> Musta<\/p>\n","protected":false},"excerpt":{"rendered":"<p>Max FactorFalse Lash Effect -ripsiv\u00e4ri kaksinkertaistaa ripsien koon ja antaa tuloksen, jonka uskoit vain tekoripsien antavan. Se on kauden pakollinen esine meikkitaiteilijoiden keskuudessa. Salaisuus on yhdistelm\u00e4 Max Factorin kaikkien aikojen suurinta harjaa ja Liquid Lash -teknologiaa sis\u00e4lt\u00e4v\u00e4\u00e4 koostumusta. Jokaisella ripsien tuuheuttavalla pyyhk\u00e4isyll\u00e4 se levitt\u00e4\u00e4 ripsiv\u00e4ri\u00e4 koko ripsien ymp\u00e4rille paakkuuntumatta, jolloin saat ripset, joista olet uskaltanut [&hellip;]<\/p>\n","protected":false},"featured_media":119705,"comment_status":"open","ping_status":"closed","template":"","meta":{"_trash_the_other_posts":false},"product_brand":[],"product_cat":[673,1003],"product_tag":[],"berocket_brand":[1013],"class_list":{"0":"post-119706","1":"product","2":"type-product","3":"status-publish","4":"has-post-thumbnail","6":"product_cat-monipakkaus-meikki","7":"product_cat-myydyimmat","8":"pa_brand-max-factor","9":"berocket_brand-max-factor","11":"first","12":"instock","13":"sale","14":"taxable","15":"shipping-taxable","16":"purchasable","17":"product-type-simple"},"_links":{"self":[{"href":"https:\/\/stylingagenten.com\/fi\/wp-json\/wp\/v2\/product\/119706","targetHints":{"allow":["GET"]}}],"collection":[{"href":"https:\/\/stylingagenten.com\/fi\/wp-json\/wp\/v2\/product"}],"about":[{"href":"https:\/\/stylingagenten.com\/fi\/wp-json\/wp\/v2\/types\/product"}],"replies":[{"embeddable":true,"href":"https:\/\/stylingagenten.com\/fi\/wp-json\/wp\/v2\/comments?post=119706"}],"version-history":[{"count":0,"href":"https:\/\/stylingagenten.com\/fi\/wp-json\/wp\/v2\/product\/119706\/revisions"}],"wp:featuredmedia":[{"embeddable":true,"href":"https:\/\/stylingagenten.com\/fi\/wp-json\/wp\/v2\/media\/119705"}],"wp:attachment":[{"href":"https:\/\/stylingagenten.com\/fi\/wp-json\/wp\/v2\/media?parent=119706"}],"wp:term":[{"taxonomy":"product_brand","embeddable":true,"href":"https:\/\/stylingagenten.com\/fi\/wp-json\/wp\/v2\/product_brand?post=119706"},{"taxonomy":"product_cat","embeddable":true,"href":"https:\/\/stylingagenten.com\/fi\/wp-json\/wp\/v2\/product_cat?post=119706"},{"taxonomy":"product_tag","embeddable":true,"href":"https:\/\/stylingagenten.com\/fi\/wp-json\/wp\/v2\/product_tag?post=119706"},{"taxonomy":"berocket_brand","embeddable":true,"href":"https:\/\/stylingagenten.com\/fi\/wp-json\/wp\/v2\/berocket_brand?post=119706"}],"curies":[{"name":"wp","href":"https:\/\/api.w.org\/{rel}","templated":true}]}}