{"id":119696,"date":"2025-05-18T21:33:35","date_gmt":"2025-05-18T21:33:35","guid":{"rendered":"https:\/\/staging2.stylingagenten.com\/fi\/produkt\/3-pack-brave-new-hair-reboot-schampoo-conditioner-mask\/"},"modified":"2026-03-11T21:58:14","modified_gmt":"2026-03-11T21:58:14","slug":"3-pack-brave-new-hair-reboot-schampoo-conditioner-mask","status":"publish","type":"product","link":"https:\/\/stylingagenten.com\/fi\/tuote\/3-pack-brave-new-hair-reboot-schampoo-conditioner-mask\/","title":{"rendered":"3-pack Brave. New. Hair. Reboot Schampoo + Conditioner + Mask"},"content":{"rendered":"<p>Urhea. Uusi. Hiukset. Brave New Hair Reboot<br \/><strong>Reboot Shampoo<\/strong> on sulfaattiton shampoo, jolla on korjaavia ja kosteuttavia ominaisuuksia hyaluronihapon, pantenolin ja BRAVE PLEX -teknologian ansiosta.<br \/>10 etua:<br \/>\u2014 Ainutlaatuinen hiuksia yhdist\u00e4v\u00e4 tehoste<br \/>\u2014 Suoristaa hiuksia jopa kolme kertaa<br \/>\u2014 V\u00e4hent\u00e4\u00e4 kovien kemiallisten k\u00e4sittelyjen aiheuttamia vaurioita<br \/>\u2014 Palauttaa hiusten sis\u00e4isen rakenteen<br \/>\u2014 V\u00e4hent\u00e4\u00e4 katkenneita latvoja<br \/>\u2014 Lis\u00e4\u00e4 kiiltoa ja pehmeytt\u00e4<br \/>\u2014 Hiukset s\u00e4ilytt\u00e4v\u00e4t kaksi kertaa enemm\u00e4n kosteutta<br \/>\u2014 Antaa rakennetta hiuskuiduille<br \/>\u2014 Antistaattinen vaikutus<br \/>\u2014 Lis\u00e4\u00e4 hiusten hallittavuutta<br \/>K\u00e4ytt\u00f6: Hiero shampoo kosteisiin hiuksiin ja huuhtele vedell\u00e4. Toista prosessi ja hiero vaahtoa hiuksiin ja p\u00e4\u00e4nahkaan ja huuhtele sitten huolellisesti vedell\u00e4. S\u00e4\u00e4nn\u00f6llist\u00e4 k\u00e4ytt\u00f6\u00e4 suositellaan optimaalisen tuloksen saavuttamiseksi.<\/p>\n<p>Ei sis\u00e4ll\u00e4:<br \/>\u2014 Sulfaateista<br \/>\u2014 Silikoneista<br \/>\u2014 Lis\u00e4tty suola<br \/>\u2014 El\u00e4inper\u00e4isi\u00e4 ainesosia<br \/>\u2014 Vaseliini<\/p>\n<p><strong>Rohkea. Uusi. Hiukset. Reboot Conditioner 250 ml<\/strong><br \/>Brave New Hair Reboot Conditioner on kevyt hiustenhoitoaine, jolla on korjaavia ja kosteuttavia ominaisuuksia hyaluronihapon, pantenolin ja BRAVE PLEX -teknologian ansiosta.<br \/>10 etua:<br \/>\u2014 Ainutlaatuinen hiusten sidos. kerrannaisvaikutus<br \/> \u2014 Suoristaa hiuksia jopa kolme kertaa<br \/>\u2014 Palauttaa hiusten sis\u00e4isen rakenteen<br \/>\u2014 V\u00e4hent\u00e4\u00e4 katkenneita latvoja<br \/>\u2014 Lis\u00e4\u00e4 kiiltoa ja pehmeytt\u00e4<br \/>\u2014 Syv\u00e4hoito<br \/>\u2014 Lis\u00e4\u00e4 rakennetta hiuskuituihin<br \/> br&gt;\u2014 Antistaattinen vaikutus<br \/>\u2014 V\u00e4hent\u00e4\u00e4 kovien kemiallisten k\u00e4sittelyjen aiheuttamia vaurioita<br \/>\u2014 Lis\u00e4\u00e4 hiusten k\u00e4sitelt\u00e4vyytt\u00e4<br \/>K\u00e4ytt\u00f6: Kun olet pesenyt saman sarjan Reboot-shampoolla, levit\u00e4 runsas m\u00e4\u00e4r\u00e4 hoitoainetta. Hiero hoitoaine varovasti hiusten l\u00e4pi varmistaen, ett\u00e4 se peitt\u00e4\u00e4 latvuihin asti. Odota kolme minuuttia ja huuhtele sitten huolellisesti vedell\u00e4.<\/p>\n<p>Ei sis\u00e4ll\u00e4:<br \/>Sulfaatteja<br \/>Silikoneja<br \/>Lis\u00e4tty\u00e4 suolaa<br \/>El\u00e4inper\u00e4isi\u00e4 ainesosia<br \/>Vaseliini<\/p>\n<p> strong&gt;Reboot Mask Concentrate <\/strong> Brave New Hairilta on hiusnaamio, jolla on korjaavia ja kosteuttavia ominaisuuksia hyaluronihapon, pantenolin ja BRAVE PLEX -teknologian ansiosta.<br \/>10 etua:<br \/>\u2014 Ainutlaatuinen hiusten liimausvaikutus<br \/> \u2014 Suoristaa hiukset jopa kolme kertaa<br \/>\u2014 Palauttaa hiusten sis\u00e4isen rakenteen<br \/>\u2014 V\u00e4hent\u00e4\u00e4 halkeamia<br \/>\u2014 Antaa kiiltoa ja pehmeytt\u00e4<br \/>\u2014 Syv\u00e4hoito<br \/>\u2014 Antaa hiuksille rakennetta kuidut<br \/>\u2014 Antistaattinen vaikutus<br \/>\u2014 V\u00e4hent\u00e4\u00e4 kovien kemiallisten k\u00e4sittelyjen aiheuttamia vaurioita<br \/>\u2014 Lis\u00e4\u00e4 hiusten hallittavuutta<br \/>K\u00e4ytt\u00f6: K\u00e4yt\u00e4 hiusnaamiota saman sarjan Reboot shampoon j\u00e4lkeen. Anna vaikuttaa viisi minuuttia ja huuhtele huolellisesti vedell\u00e4.<\/p>\n<p>Ei sis\u00e4ll\u00e4:<br \/>Sulfaatteja<br \/>Silikoneja<br \/>Lis\u00e4tty\u00e4 suolaa<br \/>El\u00e4inper\u00e4isi\u00e4 ainesosia<br \/>Vaseliini<\/p>\n","protected":false},"excerpt":{"rendered":"<p>Urhea. Uusi. Hiukset. Brave New Hair RebootReboot Shampoo on sulfaattiton shampoo, jolla on korjaavia ja kosteuttavia ominaisuuksia hyaluronihapon, pantenolin ja BRAVE PLEX -teknologian ansiosta.10 etua:\u2014 Ainutlaatuinen hiuksia yhdist\u00e4v\u00e4 tehoste\u2014 Suoristaa hiuksia jopa kolme kertaa\u2014 V\u00e4hent\u00e4\u00e4 kovien kemiallisten k\u00e4sittelyjen aiheuttamia vaurioita\u2014 Palauttaa hiusten sis\u00e4isen rakenteen\u2014 V\u00e4hent\u00e4\u00e4 katkenneita latvoja\u2014 Lis\u00e4\u00e4 kiiltoa ja pehmeytt\u00e4\u2014 Hiukset s\u00e4ilytt\u00e4v\u00e4t kaksi kertaa [&hellip;]<\/p>\n","protected":false},"featured_media":119695,"comment_status":"open","ping_status":"closed","template":"","meta":{"_trash_the_other_posts":false},"product_brand":[],"product_cat":[672],"product_tag":[],"berocket_brand":[1211],"class_list":{"0":"post-119696","1":"product","2":"type-product","3":"status-publish","4":"has-post-thumbnail","6":"product_cat-monipakkaus-hiukset","7":"pa_brand-brave-new-hair","8":"berocket_brand-brave-new-hair","10":"first","11":"instock","12":"sale","13":"taxable","14":"shipping-taxable","15":"purchasable","16":"product-type-simple"},"_links":{"self":[{"href":"https:\/\/stylingagenten.com\/fi\/wp-json\/wp\/v2\/product\/119696","targetHints":{"allow":["GET"]}}],"collection":[{"href":"https:\/\/stylingagenten.com\/fi\/wp-json\/wp\/v2\/product"}],"about":[{"href":"https:\/\/stylingagenten.com\/fi\/wp-json\/wp\/v2\/types\/product"}],"replies":[{"embeddable":true,"href":"https:\/\/stylingagenten.com\/fi\/wp-json\/wp\/v2\/comments?post=119696"}],"version-history":[{"count":0,"href":"https:\/\/stylingagenten.com\/fi\/wp-json\/wp\/v2\/product\/119696\/revisions"}],"wp:featuredmedia":[{"embeddable":true,"href":"https:\/\/stylingagenten.com\/fi\/wp-json\/wp\/v2\/media\/119695"}],"wp:attachment":[{"href":"https:\/\/stylingagenten.com\/fi\/wp-json\/wp\/v2\/media?parent=119696"}],"wp:term":[{"taxonomy":"product_brand","embeddable":true,"href":"https:\/\/stylingagenten.com\/fi\/wp-json\/wp\/v2\/product_brand?post=119696"},{"taxonomy":"product_cat","embeddable":true,"href":"https:\/\/stylingagenten.com\/fi\/wp-json\/wp\/v2\/product_cat?post=119696"},{"taxonomy":"product_tag","embeddable":true,"href":"https:\/\/stylingagenten.com\/fi\/wp-json\/wp\/v2\/product_tag?post=119696"},{"taxonomy":"berocket_brand","embeddable":true,"href":"https:\/\/stylingagenten.com\/fi\/wp-json\/wp\/v2\/berocket_brand?post=119696"}],"curies":[{"name":"wp","href":"https:\/\/api.w.org\/{rel}","templated":true}]}}