{"id":119666,"date":"2025-05-18T21:33:23","date_gmt":"2025-05-18T21:33:23","guid":{"rendered":"https:\/\/staging2.stylingagenten.com\/fi\/produkt\/2-pack-fudge-matte-hed-extra-85g\/"},"modified":"2026-04-02T13:57:37","modified_gmt":"2026-04-02T13:57:37","slug":"2-pack-fudge-matte-hed-extra-85g","status":"publish","type":"product","link":"https:\/\/stylingagenten.com\/fi\/tuote\/2-pack-fudge-matte-hed-extra-85g\/","title":{"rendered":"2-pack Fudge Matte Hed Extra 85g"},"content":{"rendered":"<p>Fudge Matte Hed Extra on mattapintainen tahna, jolla on luja pito. Se antaa rakenteen ja muotoilee hiuksia erityisen mattapintaisella viimeistelyll\u00e4. Fudge Matte Hed Extra antaa volyymia ja sile\u00e4n hiuspinnan samalla kun se antaa hallinnan Chinaclayn ja orgaanisten vahojen avulla. Orgaaniset hoitavat aineet est\u00e4v\u00e4t kosteuden haihtumista ja s\u00e4ilytt\u00e4v\u00e4t hiusten luonnollisen laadun. Mieto kurkun ja melonin tuoksu.<\/p>\n","protected":false},"excerpt":{"rendered":"<p>Fudge Matte Hed Extra on mattapintainen tahna, jolla on luja pito. Se antaa rakenteen ja muotoilee hiuksia erityisen mattapintaisella viimeistelyll\u00e4. Fudge Matte Hed Extra antaa volyymia ja sile\u00e4n hiuspinnan samalla kun se antaa hallinnan Chinaclayn ja orgaanisten vahojen avulla. Orgaaniset hoitavat aineet est\u00e4v\u00e4t kosteuden haihtumista ja s\u00e4ilytt\u00e4v\u00e4t hiusten luonnollisen laadun. Mieto kurkun ja melonin tuoksu.<\/p>\n","protected":false},"featured_media":119665,"comment_status":"open","ping_status":"closed","template":"","meta":{"_trash_the_other_posts":false},"product_brand":[],"product_cat":[671],"product_tag":[],"berocket_brand":[1319],"class_list":{"0":"post-119666","1":"product","2":"type-product","3":"status-publish","4":"has-post-thumbnail","6":"product_cat-monipakkaus-vahaa","7":"pa_brand-fudge","8":"berocket_brand-fudge","10":"first","11":"instock","12":"sale","13":"taxable","14":"shipping-taxable","15":"purchasable","16":"product-type-simple"},"_links":{"self":[{"href":"https:\/\/stylingagenten.com\/fi\/wp-json\/wp\/v2\/product\/119666","targetHints":{"allow":["GET"]}}],"collection":[{"href":"https:\/\/stylingagenten.com\/fi\/wp-json\/wp\/v2\/product"}],"about":[{"href":"https:\/\/stylingagenten.com\/fi\/wp-json\/wp\/v2\/types\/product"}],"replies":[{"embeddable":true,"href":"https:\/\/stylingagenten.com\/fi\/wp-json\/wp\/v2\/comments?post=119666"}],"version-history":[{"count":0,"href":"https:\/\/stylingagenten.com\/fi\/wp-json\/wp\/v2\/product\/119666\/revisions"}],"wp:featuredmedia":[{"embeddable":true,"href":"https:\/\/stylingagenten.com\/fi\/wp-json\/wp\/v2\/media\/119665"}],"wp:attachment":[{"href":"https:\/\/stylingagenten.com\/fi\/wp-json\/wp\/v2\/media?parent=119666"}],"wp:term":[{"taxonomy":"product_brand","embeddable":true,"href":"https:\/\/stylingagenten.com\/fi\/wp-json\/wp\/v2\/product_brand?post=119666"},{"taxonomy":"product_cat","embeddable":true,"href":"https:\/\/stylingagenten.com\/fi\/wp-json\/wp\/v2\/product_cat?post=119666"},{"taxonomy":"product_tag","embeddable":true,"href":"https:\/\/stylingagenten.com\/fi\/wp-json\/wp\/v2\/product_tag?post=119666"},{"taxonomy":"berocket_brand","embeddable":true,"href":"https:\/\/stylingagenten.com\/fi\/wp-json\/wp\/v2\/berocket_brand?post=119666"}],"curies":[{"name":"wp","href":"https:\/\/api.w.org\/{rel}","templated":true}]}}