{"id":119658,"date":"2025-05-18T21:33:17","date_gmt":"2025-05-18T21:33:17","guid":{"rendered":"https:\/\/staging2.stylingagenten.com\/fi\/produkt\/paul-mitchell-cleanse-protect-duo\/"},"modified":"2026-04-08T15:25:55","modified_gmt":"2026-04-08T15:25:55","slug":"paul-mitchell-cleanse-protect-duo","status":"publish","type":"product","link":"https:\/\/stylingagenten.com\/fi\/tuote\/paul-mitchell-cleanse-protect-duo\/","title":{"rendered":"Paul Mitchell Cleanse &amp; Protect Duo"},"content":{"rendered":"<p>V\u00c4RJETTYILLE HIUKSILLE<br \/>T\u00e4m\u00e4 on iso juttu! Varaa ja s\u00e4\u00e4st\u00e4 Paul Mitchell -tuotteista, jotka puhdistavat ja suojaavat v\u00e4rj\u00e4ttyj\u00e4 hiuksia.<br \/>Rajoitetun er\u00e4n setti sis\u00e4lt\u00e4\u00e4:<br \/>Shampoo One 1000 ml: Alkuper\u00e4inen p\u00e4ivitt\u00e4inen shampoo puhdistaa hell\u00e4varaisesti kaikki hiustyypit ja j\u00e4tt\u00e4\u00e4 hiukset raikkaiksi ja raikkaat trooppiset. tuoksu.<br \/>Color Protect Treatment 150 ml: Intensiivinen hiusnaamio v\u00e4rj\u00e4tyille hiuksille auttaa suojaamaan auringon vaurioilta ja est\u00e4\u00e4 hiusten v\u00e4rin haalistumista virkist\u00e4v\u00e4n, energisen tuoksun avulla.<\/p>\n","protected":false},"excerpt":{"rendered":"<p>V\u00c4RJETTYILLE HIUKSILLET\u00e4m\u00e4 on iso juttu! Varaa ja s\u00e4\u00e4st\u00e4 Paul Mitchell -tuotteista, jotka puhdistavat ja suojaavat v\u00e4rj\u00e4ttyj\u00e4 hiuksia.Rajoitetun er\u00e4n setti sis\u00e4lt\u00e4\u00e4:Shampoo One 1000 ml: Alkuper\u00e4inen p\u00e4ivitt\u00e4inen shampoo puhdistaa hell\u00e4varaisesti kaikki hiustyypit ja j\u00e4tt\u00e4\u00e4 hiukset raikkaiksi ja raikkaat trooppiset. tuoksu.Color Protect Treatment 150 ml: Intensiivinen hiusnaamio v\u00e4rj\u00e4tyille hiuksille auttaa suojaamaan auringon vaurioilta ja est\u00e4\u00e4 hiusten v\u00e4rin haalistumista [&hellip;]<\/p>\n","protected":false},"featured_media":119657,"comment_status":"open","ping_status":"closed","template":"","meta":{"_trash_the_other_posts":false},"product_brand":[],"product_cat":[667,563],"product_tag":[],"berocket_brand":[1053],"class_list":{"0":"post-119658","1":"product","2":"type-product","3":"status-publish","4":"has-post-thumbnail","6":"product_cat-lahjasetti-hiustenhoitoon","7":"product_cat-shampoo","8":"pa_brand-paul-mitchell","9":"berocket_brand-paul-mitchell","11":"first","12":"instock","13":"sale","14":"taxable","15":"shipping-taxable","16":"purchasable","17":"product-type-simple"},"_links":{"self":[{"href":"https:\/\/stylingagenten.com\/fi\/wp-json\/wp\/v2\/product\/119658","targetHints":{"allow":["GET"]}}],"collection":[{"href":"https:\/\/stylingagenten.com\/fi\/wp-json\/wp\/v2\/product"}],"about":[{"href":"https:\/\/stylingagenten.com\/fi\/wp-json\/wp\/v2\/types\/product"}],"replies":[{"embeddable":true,"href":"https:\/\/stylingagenten.com\/fi\/wp-json\/wp\/v2\/comments?post=119658"}],"version-history":[{"count":0,"href":"https:\/\/stylingagenten.com\/fi\/wp-json\/wp\/v2\/product\/119658\/revisions"}],"wp:featuredmedia":[{"embeddable":true,"href":"https:\/\/stylingagenten.com\/fi\/wp-json\/wp\/v2\/media\/119657"}],"wp:attachment":[{"href":"https:\/\/stylingagenten.com\/fi\/wp-json\/wp\/v2\/media?parent=119658"}],"wp:term":[{"taxonomy":"product_brand","embeddable":true,"href":"https:\/\/stylingagenten.com\/fi\/wp-json\/wp\/v2\/product_brand?post=119658"},{"taxonomy":"product_cat","embeddable":true,"href":"https:\/\/stylingagenten.com\/fi\/wp-json\/wp\/v2\/product_cat?post=119658"},{"taxonomy":"product_tag","embeddable":true,"href":"https:\/\/stylingagenten.com\/fi\/wp-json\/wp\/v2\/product_tag?post=119658"},{"taxonomy":"berocket_brand","embeddable":true,"href":"https:\/\/stylingagenten.com\/fi\/wp-json\/wp\/v2\/berocket_brand?post=119658"}],"curies":[{"name":"wp","href":"https:\/\/api.w.org\/{rel}","templated":true}]}}