{"id":119596,"date":"2025-05-18T21:32:44","date_gmt":"2025-05-18T21:32:44","guid":{"rendered":"https:\/\/staging2.stylingagenten.com\/fi\/produkt\/wet-n-wild-coloricon-kohl-eyeliner-black-e601a\/"},"modified":"2026-04-11T00:58:40","modified_gmt":"2026-04-11T00:58:40","slug":"wet-n-wild-coloricon-kohl-eyeliner-black-e601a","status":"publish","type":"product","link":"https:\/\/stylingagenten.com\/fi\/tuote\/wet-n-wild-coloricon-kohl-eyeliner-black-e601a\/","title":{"rendered":"Wet n Wild Coloricon Kohl Eyeliner Black E601A"},"content":{"rendered":"<p>Wet n Wild Coloricon Khol Eyeliner Black E601A on eritt\u00e4in pigmenttinen eyeliner, jonka kermainen koostumus tekee sen levitt\u00e4misest\u00e4 helppoa ja sile\u00e4\u00e4.<\/p>\n","protected":false},"excerpt":{"rendered":"<p>Wet n Wild Coloricon Khol Eyeliner Black E601A on eritt\u00e4in pigmenttinen eyeliner, jonka kermainen koostumus tekee sen levitt\u00e4misest\u00e4 helppoa ja sile\u00e4\u00e4.<\/p>\n","protected":false},"featured_media":119595,"comment_status":"open","ping_status":"closed","template":"","meta":{"_trash_the_other_posts":false},"product_brand":[],"product_cat":[568],"product_tag":[4089],"berocket_brand":[1035],"class_list":{"0":"post-119596","1":"product","2":"type-product","3":"status-publish","4":"has-post-thumbnail","6":"product_cat-eyeliner-kajal","7":"product_tag-wet-n-wild-color-icon-lipliner-pencil","8":"pa_brand-wet-n-wild","9":"pa_variantti-black-e601a","10":"berocket_brand-wet-n-wild","12":"first","13":"instock","14":"sale","15":"taxable","16":"shipping-taxable","17":"purchasable","18":"product-type-simple"},"_links":{"self":[{"href":"https:\/\/stylingagenten.com\/fi\/wp-json\/wp\/v2\/product\/119596","targetHints":{"allow":["GET"]}}],"collection":[{"href":"https:\/\/stylingagenten.com\/fi\/wp-json\/wp\/v2\/product"}],"about":[{"href":"https:\/\/stylingagenten.com\/fi\/wp-json\/wp\/v2\/types\/product"}],"replies":[{"embeddable":true,"href":"https:\/\/stylingagenten.com\/fi\/wp-json\/wp\/v2\/comments?post=119596"}],"version-history":[{"count":0,"href":"https:\/\/stylingagenten.com\/fi\/wp-json\/wp\/v2\/product\/119596\/revisions"}],"wp:featuredmedia":[{"embeddable":true,"href":"https:\/\/stylingagenten.com\/fi\/wp-json\/wp\/v2\/media\/119595"}],"wp:attachment":[{"href":"https:\/\/stylingagenten.com\/fi\/wp-json\/wp\/v2\/media?parent=119596"}],"wp:term":[{"taxonomy":"product_brand","embeddable":true,"href":"https:\/\/stylingagenten.com\/fi\/wp-json\/wp\/v2\/product_brand?post=119596"},{"taxonomy":"product_cat","embeddable":true,"href":"https:\/\/stylingagenten.com\/fi\/wp-json\/wp\/v2\/product_cat?post=119596"},{"taxonomy":"product_tag","embeddable":true,"href":"https:\/\/stylingagenten.com\/fi\/wp-json\/wp\/v2\/product_tag?post=119596"},{"taxonomy":"berocket_brand","embeddable":true,"href":"https:\/\/stylingagenten.com\/fi\/wp-json\/wp\/v2\/berocket_brand?post=119596"}],"curies":[{"name":"wp","href":"https:\/\/api.w.org\/{rel}","templated":true}]}}