{"id":119558,"date":"2025-05-18T21:32:23","date_gmt":"2025-05-18T21:32:23","guid":{"rendered":"https:\/\/staging2.stylingagenten.com\/fi\/produkt\/loreal-paris-le-khol-naturel-by-paradise-eyeliner-101-midnight-black-1-2g\/"},"modified":"2026-03-31T09:48:37","modified_gmt":"2026-03-31T09:48:37","slug":"loreal-paris-le-khol-naturel-by-paradise-eyeliner-101-midnight-black-1-2g","status":"publish","type":"product","link":"https:\/\/stylingagenten.com\/fi\/tuote\/loreal-paris-le-khol-naturel-by-paradise-eyeliner-101-midnight-black-1-2g\/","title":{"rendered":"L&#8217;Or\u00e9al Paris Le Khol Naturel by Paradise Eyeliner 101 Midnight Black 1.2g"},"content":{"rendered":"<p>L&#8217;Or\u00e9al Paris Le Kohl korostaa silmi\u00e4si ja on tarkkuuden rajaus. Se sopii niille, jotka etsiv\u00e4t eyelineria herkille silmille. Tuote on ainutlaatuinen pehme\u00e4ll\u00e4 levityksell\u00e4\u00e4n ja sit\u00e4 voidaan k\u00e4ytt\u00e4\u00e4 yksin\u00e4\u00e4n tai yhdess\u00e4 tyylikk\u00e4\u00e4n luomiv\u00e4rin kanssa.<\/p>\n","protected":false},"excerpt":{"rendered":"<p>L&#8217;Or\u00e9al Paris Le Kohl korostaa silmi\u00e4si ja on tarkkuuden rajaus. Se sopii niille, jotka etsiv\u00e4t eyelineria herkille silmille. Tuote on ainutlaatuinen pehme\u00e4ll\u00e4 levityksell\u00e4\u00e4n ja sit\u00e4 voidaan k\u00e4ytt\u00e4\u00e4 yksin\u00e4\u00e4n tai yhdess\u00e4 tyylikk\u00e4\u00e4n luomiv\u00e4rin kanssa.<\/p>\n","protected":false},"featured_media":119557,"comment_status":"open","ping_status":"closed","template":"","meta":{"_trash_the_other_posts":false},"product_brand":[],"product_cat":[568],"product_tag":[3245],"berocket_brand":[2000],"class_list":{"0":"post-119558","1":"product","2":"type-product","3":"status-publish","4":"has-post-thumbnail","6":"product_cat-eyeliner-kajal","7":"product_tag-loreal-paris-le-khol-naturel-by-paradise-eyeliner","8":"pa_brand-loreal-paris-2","9":"pa_variantti-101-midnight-black","10":"berocket_brand-loreal-paris","12":"first","13":"instock","14":"sale","15":"taxable","16":"shipping-taxable","17":"purchasable","18":"product-type-simple"},"_links":{"self":[{"href":"https:\/\/stylingagenten.com\/fi\/wp-json\/wp\/v2\/product\/119558","targetHints":{"allow":["GET"]}}],"collection":[{"href":"https:\/\/stylingagenten.com\/fi\/wp-json\/wp\/v2\/product"}],"about":[{"href":"https:\/\/stylingagenten.com\/fi\/wp-json\/wp\/v2\/types\/product"}],"replies":[{"embeddable":true,"href":"https:\/\/stylingagenten.com\/fi\/wp-json\/wp\/v2\/comments?post=119558"}],"version-history":[{"count":0,"href":"https:\/\/stylingagenten.com\/fi\/wp-json\/wp\/v2\/product\/119558\/revisions"}],"wp:featuredmedia":[{"embeddable":true,"href":"https:\/\/stylingagenten.com\/fi\/wp-json\/wp\/v2\/media\/119557"}],"wp:attachment":[{"href":"https:\/\/stylingagenten.com\/fi\/wp-json\/wp\/v2\/media?parent=119558"}],"wp:term":[{"taxonomy":"product_brand","embeddable":true,"href":"https:\/\/stylingagenten.com\/fi\/wp-json\/wp\/v2\/product_brand?post=119558"},{"taxonomy":"product_cat","embeddable":true,"href":"https:\/\/stylingagenten.com\/fi\/wp-json\/wp\/v2\/product_cat?post=119558"},{"taxonomy":"product_tag","embeddable":true,"href":"https:\/\/stylingagenten.com\/fi\/wp-json\/wp\/v2\/product_tag?post=119558"},{"taxonomy":"berocket_brand","embeddable":true,"href":"https:\/\/stylingagenten.com\/fi\/wp-json\/wp\/v2\/berocket_brand?post=119558"}],"curies":[{"name":"wp","href":"https:\/\/api.w.org\/{rel}","templated":true}]}}