{"id":119500,"date":"2025-05-18T21:31:44","date_gmt":"2025-05-18T21:31:44","guid":{"rendered":"https:\/\/staging2.stylingagenten.com\/fi\/produkt\/kokie-velvet-smooth-eyeliner-gilded-gold\/"},"modified":"2026-03-15T16:37:40","modified_gmt":"2026-03-15T16:37:40","slug":"kokie-velvet-smooth-eyeliner-gilded-gold","status":"publish","type":"product","link":"https:\/\/stylingagenten.com\/fi\/tuote\/kokie-velvet-smooth-eyeliner-gilded-gold\/","title":{"rendered":"Kokie Velvet Smooth Eyeliner &#8211; Gilded Gold"},"content":{"rendered":"<p>Kokie Cosmetics esittelee vedenpit\u00e4v\u00e4n geelim\u00e4isen eyelinerin, joka liukuu &aring; sile\u00e4 ja kest\u00e4\u00e4 koko p\u00e4iv\u00e4n. <br \/>Puolimattapintainen pinta ei tartu tai hilseile ja tarjoaa kest\u00e4v\u00e4n tuloksen jopa 14 tuntia. <br \/>Ohutk\u00e4rjen avulla kehyst\u00e4t silm\u00e4t helposti intensiivisen tarkkuuden saamiseksi tai sulatat eyelinerin pienell\u00e4 siveltimell\u00e4. pehme\u00e4mpi ilme.<\/p>\n<p>Saatavana v\u00e4reiss\u00e4: kirkkaan sininen, pronssi, samppanja, hiilenharmaa, suklaa, syv\u00e4 laivasto, syvin musta, munakoiso, mets\u00e4nvihre\u00e4, kullattu kulta, kuninkaallinen ja sterlinghopea<\/p>\n<p> p&gt;<\/p>\n","protected":false},"excerpt":{"rendered":"<p>Kokie Cosmetics esittelee vedenpit\u00e4v\u00e4n geelim\u00e4isen eyelinerin, joka liukuu &aring; sile\u00e4 ja kest\u00e4\u00e4 koko p\u00e4iv\u00e4n. Puolimattapintainen pinta ei tartu tai hilseile ja tarjoaa kest\u00e4v\u00e4n tuloksen jopa 14 tuntia. Ohutk\u00e4rjen avulla kehyst\u00e4t silm\u00e4t helposti intensiivisen tarkkuuden saamiseksi tai sulatat eyelinerin pienell\u00e4 siveltimell\u00e4. pehme\u00e4mpi ilme. Saatavana v\u00e4reiss\u00e4: kirkkaan sininen, pronssi, samppanja, hiilenharmaa, suklaa, syv\u00e4 laivasto, syvin musta, munakoiso, [&hellip;]<\/p>\n","protected":false},"featured_media":119497,"comment_status":"open","ping_status":"closed","template":"","meta":{"_trash_the_other_posts":false},"product_brand":[],"product_cat":[568],"product_tag":[3171],"berocket_brand":[1198],"class_list":{"0":"post-119500","1":"product","2":"type-product","3":"status-publish","4":"has-post-thumbnail","6":"product_cat-eyeliner-kajal","7":"product_tag-kokie-velvet-smooth-eyeliner","8":"pa_brand-kokie-cosmetics","9":"pa_variantti-gilded-gold","10":"berocket_brand-kokie-cosmetics","12":"first","13":"instock","14":"sale","15":"taxable","16":"shipping-taxable","17":"purchasable","18":"product-type-simple"},"_links":{"self":[{"href":"https:\/\/stylingagenten.com\/fi\/wp-json\/wp\/v2\/product\/119500","targetHints":{"allow":["GET"]}}],"collection":[{"href":"https:\/\/stylingagenten.com\/fi\/wp-json\/wp\/v2\/product"}],"about":[{"href":"https:\/\/stylingagenten.com\/fi\/wp-json\/wp\/v2\/types\/product"}],"replies":[{"embeddable":true,"href":"https:\/\/stylingagenten.com\/fi\/wp-json\/wp\/v2\/comments?post=119500"}],"version-history":[{"count":0,"href":"https:\/\/stylingagenten.com\/fi\/wp-json\/wp\/v2\/product\/119500\/revisions"}],"wp:featuredmedia":[{"embeddable":true,"href":"https:\/\/stylingagenten.com\/fi\/wp-json\/wp\/v2\/media\/119497"}],"wp:attachment":[{"href":"https:\/\/stylingagenten.com\/fi\/wp-json\/wp\/v2\/media?parent=119500"}],"wp:term":[{"taxonomy":"product_brand","embeddable":true,"href":"https:\/\/stylingagenten.com\/fi\/wp-json\/wp\/v2\/product_brand?post=119500"},{"taxonomy":"product_cat","embeddable":true,"href":"https:\/\/stylingagenten.com\/fi\/wp-json\/wp\/v2\/product_cat?post=119500"},{"taxonomy":"product_tag","embeddable":true,"href":"https:\/\/stylingagenten.com\/fi\/wp-json\/wp\/v2\/product_tag?post=119500"},{"taxonomy":"berocket_brand","embeddable":true,"href":"https:\/\/stylingagenten.com\/fi\/wp-json\/wp\/v2\/berocket_brand?post=119500"}],"curies":[{"name":"wp","href":"https:\/\/api.w.org\/{rel}","templated":true}]}}