{"id":119459,"date":"2025-05-18T21:31:24","date_gmt":"2025-05-18T21:31:24","guid":{"rendered":"https:\/\/staging2.stylingagenten.com\/fi\/produkt\/max-factor-kohl-pencil-030-brown\/"},"modified":"2026-03-25T15:59:01","modified_gmt":"2026-03-25T15:59:01","slug":"max-factor-kohl-pencil-030-brown","status":"publish","type":"product","link":"https:\/\/stylingagenten.com\/fi\/tuote\/max-factor-kohl-pencil-030-brown\/","title":{"rendered":"Max Factor Kohl Pencil 030 Brown"},"content":{"rendered":"<p>Max Factor Kohl Pencil Eyeliner on hell\u00e4varainen ja helppo levitt\u00e4\u00e4. <br \/>Kyn\u00e4 on riitt\u00e4v\u00e4n luja elegantin tarkkuuden saamiseksi ja riitt\u00e4v\u00e4n pehme\u00e4 hienostuneen savuisen lopputuloksen saavuttamiseksi.<\/p>\n","protected":false},"excerpt":{"rendered":"<p>Max Factor Kohl Pencil Eyeliner on hell\u00e4varainen ja helppo levitt\u00e4\u00e4. Kyn\u00e4 on riitt\u00e4v\u00e4n luja elegantin tarkkuuden saamiseksi ja riitt\u00e4v\u00e4n pehme\u00e4 hienostuneen savuisen lopputuloksen saavuttamiseksi.<\/p>\n","protected":false},"featured_media":119449,"comment_status":"open","ping_status":"closed","template":"","meta":{"_trash_the_other_posts":false},"product_brand":[],"product_cat":[568],"product_tag":[3481],"berocket_brand":[1013],"class_list":{"0":"post-119459","1":"product","2":"type-product","3":"status-publish","4":"has-post-thumbnail","6":"product_cat-eyeliner-kajal","7":"product_tag-max-factor-kohl-pencil","8":"pa_brand-max-factor","9":"pa_variantti-030-brown","10":"berocket_brand-max-factor","12":"first","13":"outofstock","14":"sale","15":"taxable","16":"shipping-taxable","17":"purchasable","18":"product-type-simple"},"_links":{"self":[{"href":"https:\/\/stylingagenten.com\/fi\/wp-json\/wp\/v2\/product\/119459","targetHints":{"allow":["GET"]}}],"collection":[{"href":"https:\/\/stylingagenten.com\/fi\/wp-json\/wp\/v2\/product"}],"about":[{"href":"https:\/\/stylingagenten.com\/fi\/wp-json\/wp\/v2\/types\/product"}],"replies":[{"embeddable":true,"href":"https:\/\/stylingagenten.com\/fi\/wp-json\/wp\/v2\/comments?post=119459"}],"version-history":[{"count":0,"href":"https:\/\/stylingagenten.com\/fi\/wp-json\/wp\/v2\/product\/119459\/revisions"}],"wp:featuredmedia":[{"embeddable":true,"href":"https:\/\/stylingagenten.com\/fi\/wp-json\/wp\/v2\/media\/119449"}],"wp:attachment":[{"href":"https:\/\/stylingagenten.com\/fi\/wp-json\/wp\/v2\/media?parent=119459"}],"wp:term":[{"taxonomy":"product_brand","embeddable":true,"href":"https:\/\/stylingagenten.com\/fi\/wp-json\/wp\/v2\/product_brand?post=119459"},{"taxonomy":"product_cat","embeddable":true,"href":"https:\/\/stylingagenten.com\/fi\/wp-json\/wp\/v2\/product_cat?post=119459"},{"taxonomy":"product_tag","embeddable":true,"href":"https:\/\/stylingagenten.com\/fi\/wp-json\/wp\/v2\/product_tag?post=119459"},{"taxonomy":"berocket_brand","embeddable":true,"href":"https:\/\/stylingagenten.com\/fi\/wp-json\/wp\/v2\/berocket_brand?post=119459"}],"curies":[{"name":"wp","href":"https:\/\/api.w.org\/{rel}","templated":true}]}}