{"id":119440,"date":"2025-05-18T21:31:21","date_gmt":"2025-05-18T21:31:21","guid":{"rendered":"https:\/\/staging2.stylingagenten.com\/fi\/produkt\/wet-n-wild-breakup-proof-retractable-eyeliner-blackest-black\/"},"modified":"2026-04-09T22:38:41","modified_gmt":"2026-04-09T22:38:41","slug":"wet-n-wild-breakup-proof-retractable-eyeliner-blackest-black","status":"publish","type":"product","link":"https:\/\/stylingagenten.com\/fi\/tuote\/wet-n-wild-breakup-proof-retractable-eyeliner-blackest-black\/","title":{"rendered":"Wet n Wild Breakup Proof Retractable Eyeliner &#8211; Blackest Black"},"content":{"rendered":"<p>Wet n Wild Breakup Proof Retractable Eyeliner on vedenpit\u00e4v\u00e4 ja silkkinen koostumus, joka liukuu helposti ja mukavasti. &ouml; Pigmenttirikas koostumus kest\u00e4\u00e4 jopa 16 tuntia.<\/p>\n","protected":false},"excerpt":{"rendered":"<p>Wet n Wild Breakup Proof Retractable Eyeliner on vedenpit\u00e4v\u00e4 ja silkkinen koostumus, joka liukuu helposti ja mukavasti. &ouml; Pigmenttirikas koostumus kest\u00e4\u00e4 jopa 16 tuntia.<\/p>\n","protected":false},"featured_media":119430,"comment_status":"open","ping_status":"closed","template":"","meta":{"_trash_the_other_posts":false},"product_brand":[],"product_cat":[568],"product_tag":[4080],"berocket_brand":[1035],"class_list":{"0":"post-119440","1":"product","2":"type-product","3":"status-publish","4":"has-post-thumbnail","6":"product_cat-eyeliner-kajal","7":"product_tag-wet-n-wild-breakup-proof-retractable-eyeliner","8":"pa_brand-wet-n-wild","9":"pa_variantti-blackest-black","10":"berocket_brand-wet-n-wild","12":"first","13":"outofstock","14":"sale","15":"taxable","16":"shipping-taxable","17":"purchasable","18":"product-type-simple"},"_links":{"self":[{"href":"https:\/\/stylingagenten.com\/fi\/wp-json\/wp\/v2\/product\/119440","targetHints":{"allow":["GET"]}}],"collection":[{"href":"https:\/\/stylingagenten.com\/fi\/wp-json\/wp\/v2\/product"}],"about":[{"href":"https:\/\/stylingagenten.com\/fi\/wp-json\/wp\/v2\/types\/product"}],"replies":[{"embeddable":true,"href":"https:\/\/stylingagenten.com\/fi\/wp-json\/wp\/v2\/comments?post=119440"}],"version-history":[{"count":0,"href":"https:\/\/stylingagenten.com\/fi\/wp-json\/wp\/v2\/product\/119440\/revisions"}],"wp:featuredmedia":[{"embeddable":true,"href":"https:\/\/stylingagenten.com\/fi\/wp-json\/wp\/v2\/media\/119430"}],"wp:attachment":[{"href":"https:\/\/stylingagenten.com\/fi\/wp-json\/wp\/v2\/media?parent=119440"}],"wp:term":[{"taxonomy":"product_brand","embeddable":true,"href":"https:\/\/stylingagenten.com\/fi\/wp-json\/wp\/v2\/product_brand?post=119440"},{"taxonomy":"product_cat","embeddable":true,"href":"https:\/\/stylingagenten.com\/fi\/wp-json\/wp\/v2\/product_cat?post=119440"},{"taxonomy":"product_tag","embeddable":true,"href":"https:\/\/stylingagenten.com\/fi\/wp-json\/wp\/v2\/product_tag?post=119440"},{"taxonomy":"berocket_brand","embeddable":true,"href":"https:\/\/stylingagenten.com\/fi\/wp-json\/wp\/v2\/berocket_brand?post=119440"}],"curies":[{"name":"wp","href":"https:\/\/api.w.org\/{rel}","templated":true}]}}