{"id":119405,"date":"2025-05-18T21:31:16","date_gmt":"2025-05-18T21:31:16","guid":{"rendered":"https:\/\/staging2.stylingagenten.com\/fi\/produkt\/nyx-prof-makeup-epic-wear-liquid-liner-yellow\/"},"modified":"2025-11-19T11:43:06","modified_gmt":"2025-11-19T11:43:06","slug":"nyx-prof-makeup-epic-wear-liquid-liner-yellow","status":"publish","type":"product","link":"https:\/\/stylingagenten.com\/fi\/tuote\/nyx-prof-makeup-epic-wear-liquid-liner-yellow\/","title":{"rendered":"NYX PROF. MAKEUP Epic Wear Liquid Liner &#8211; Yellow"},"content":{"rendered":"<p>NYX PROF. MAKEUP Epic Wear Liquid Liner &#8211; keltainen &#8211; 3 ml<br \/>T\u00e4m\u00e4 intensiivisesti pigmentoitu, vedenpit\u00e4v\u00e4 eyeliner-kyn\u00e4 antaa sinulle tarkat, makeat, ruskeat linjat ilman ongelmia ohuen ja joustavan huopaharjan k\u00e4rjess\u00e4. Jokainen isku on uskomattoman sulava ja hallittu tietyn lopputuloksen saavuttamiseksi. Tarkista levyn paksuus viivojasi painamalla kevyesti. Hienosta ja luonnollisesta leve\u00e4\u00e4n ja rohkeaan &#8211; eyeliner look on aina sinun p\u00e4\u00e4tett\u00e4viss\u00e4si!<\/p>\n","protected":false},"excerpt":{"rendered":"<p>NYX PROF. MAKEUP Epic Wear Liquid Liner &#8211; keltainen &#8211; 3 mlT\u00e4m\u00e4 intensiivisesti pigmentoitu, vedenpit\u00e4v\u00e4 eyeliner-kyn\u00e4 antaa sinulle tarkat, makeat, ruskeat linjat ilman ongelmia ohuen ja joustavan huopaharjan k\u00e4rjess\u00e4. Jokainen isku on uskomattoman sulava ja hallittu tietyn lopputuloksen saavuttamiseksi. Tarkista levyn paksuus viivojasi painamalla kevyesti. Hienosta ja luonnollisesta leve\u00e4\u00e4n ja rohkeaan &#8211; eyeliner look on [&hellip;]<\/p>\n","protected":false},"featured_media":119377,"comment_status":"open","ping_status":"closed","template":"","meta":{"_trash_the_other_posts":false},"product_brand":[],"product_cat":[568],"product_tag":[3664],"berocket_brand":[1025],"class_list":{"0":"post-119405","1":"product","2":"type-product","3":"status-publish","4":"has-post-thumbnail","6":"product_cat-eyeliner-kajal","7":"product_tag-nyx-prof-makeup-epic-wear-liquid-liner","8":"pa_brand-nyx","9":"pa_variantti-yellow","10":"berocket_brand-nyx","12":"first","13":"instock","14":"sale","15":"taxable","16":"shipping-taxable","17":"purchasable","18":"product-type-simple"},"_links":{"self":[{"href":"https:\/\/stylingagenten.com\/fi\/wp-json\/wp\/v2\/product\/119405","targetHints":{"allow":["GET"]}}],"collection":[{"href":"https:\/\/stylingagenten.com\/fi\/wp-json\/wp\/v2\/product"}],"about":[{"href":"https:\/\/stylingagenten.com\/fi\/wp-json\/wp\/v2\/types\/product"}],"replies":[{"embeddable":true,"href":"https:\/\/stylingagenten.com\/fi\/wp-json\/wp\/v2\/comments?post=119405"}],"version-history":[{"count":0,"href":"https:\/\/stylingagenten.com\/fi\/wp-json\/wp\/v2\/product\/119405\/revisions"}],"wp:featuredmedia":[{"embeddable":true,"href":"https:\/\/stylingagenten.com\/fi\/wp-json\/wp\/v2\/media\/119377"}],"wp:attachment":[{"href":"https:\/\/stylingagenten.com\/fi\/wp-json\/wp\/v2\/media?parent=119405"}],"wp:term":[{"taxonomy":"product_brand","embeddable":true,"href":"https:\/\/stylingagenten.com\/fi\/wp-json\/wp\/v2\/product_brand?post=119405"},{"taxonomy":"product_cat","embeddable":true,"href":"https:\/\/stylingagenten.com\/fi\/wp-json\/wp\/v2\/product_cat?post=119405"},{"taxonomy":"product_tag","embeddable":true,"href":"https:\/\/stylingagenten.com\/fi\/wp-json\/wp\/v2\/product_tag?post=119405"},{"taxonomy":"berocket_brand","embeddable":true,"href":"https:\/\/stylingagenten.com\/fi\/wp-json\/wp\/v2\/berocket_brand?post=119405"}],"curies":[{"name":"wp","href":"https:\/\/api.w.org\/{rel}","templated":true}]}}