{"id":119369,"date":"2025-05-18T21:31:11","date_gmt":"2025-05-18T21:31:11","guid":{"rendered":"https:\/\/staging2.stylingagenten.com\/fi\/produkt\/beauty-uk-line-define-eye-pencil-no-8-dark-grey\/"},"modified":"2026-04-06T11:09:19","modified_gmt":"2026-04-06T11:09:19","slug":"beauty-uk-line-define-eye-pencil-no-8-dark-grey","status":"publish","type":"product","link":"https:\/\/stylingagenten.com\/fi\/tuote\/beauty-uk-line-define-eye-pencil-no-8-dark-grey\/","title":{"rendered":"Beauty UK Line &amp; Define Eye Pencil No.8 &#8211; Dark Grey"},"content":{"rendered":"<p>Beauty UK Line &amp; Define Eye Pencil No.8 &#8211; tummanharmaa. Pehme\u00e4 eyeliner, joka rajaa, m\u00e4\u00e4rittelee ja varjostaa silmi\u00e4 t\u00e4ytel\u00e4isell\u00e4 v\u00e4rill\u00e4 ja silkkisen sile\u00e4ll\u00e4 pinnalla.<\/p>\n<p>V\u00e4ri &#8211; tummanharmaa<\/p>\n","protected":false},"excerpt":{"rendered":"<p>Beauty UK Line &amp; Define Eye Pencil No.8 &#8211; tummanharmaa. Pehme\u00e4 eyeliner, joka rajaa, m\u00e4\u00e4rittelee ja varjostaa silmi\u00e4 t\u00e4ytel\u00e4isell\u00e4 v\u00e4rill\u00e4 ja silkkisen sile\u00e4ll\u00e4 pinnalla. V\u00e4ri &#8211; tummanharmaa<\/p>\n","protected":false},"featured_media":119366,"comment_status":"open","ping_status":"closed","template":"","meta":{"_trash_the_other_posts":false},"product_brand":[],"product_cat":[568],"product_tag":[2500],"berocket_brand":[1059],"class_list":{"0":"post-119369","1":"product","2":"type-product","3":"status-publish","4":"has-post-thumbnail","6":"product_cat-eyeliner-kajal","7":"product_tag-beauty-uk-line-define-eye-pencil","8":"pa_brand-beautyuk","9":"pa_variantti-no-8-dark-grey","10":"berocket_brand-beautyuk","12":"first","13":"instock","14":"sale","15":"taxable","16":"shipping-taxable","17":"purchasable","18":"product-type-simple"},"_links":{"self":[{"href":"https:\/\/stylingagenten.com\/fi\/wp-json\/wp\/v2\/product\/119369","targetHints":{"allow":["GET"]}}],"collection":[{"href":"https:\/\/stylingagenten.com\/fi\/wp-json\/wp\/v2\/product"}],"about":[{"href":"https:\/\/stylingagenten.com\/fi\/wp-json\/wp\/v2\/types\/product"}],"replies":[{"embeddable":true,"href":"https:\/\/stylingagenten.com\/fi\/wp-json\/wp\/v2\/comments?post=119369"}],"version-history":[{"count":0,"href":"https:\/\/stylingagenten.com\/fi\/wp-json\/wp\/v2\/product\/119369\/revisions"}],"wp:featuredmedia":[{"embeddable":true,"href":"https:\/\/stylingagenten.com\/fi\/wp-json\/wp\/v2\/media\/119366"}],"wp:attachment":[{"href":"https:\/\/stylingagenten.com\/fi\/wp-json\/wp\/v2\/media?parent=119369"}],"wp:term":[{"taxonomy":"product_brand","embeddable":true,"href":"https:\/\/stylingagenten.com\/fi\/wp-json\/wp\/v2\/product_brand?post=119369"},{"taxonomy":"product_cat","embeddable":true,"href":"https:\/\/stylingagenten.com\/fi\/wp-json\/wp\/v2\/product_cat?post=119369"},{"taxonomy":"product_tag","embeddable":true,"href":"https:\/\/stylingagenten.com\/fi\/wp-json\/wp\/v2\/product_tag?post=119369"},{"taxonomy":"berocket_brand","embeddable":true,"href":"https:\/\/stylingagenten.com\/fi\/wp-json\/wp\/v2\/berocket_brand?post=119369"}],"curies":[{"name":"wp","href":"https:\/\/api.w.org\/{rel}","templated":true}]}}