{"id":119360,"date":"2025-05-18T21:31:09","date_gmt":"2025-05-18T21:31:09","guid":{"rendered":"https:\/\/staging2.stylingagenten.com\/fi\/produkt\/kokie-retractable-liquid-eyeliner-ultimate-black\/"},"modified":"2025-11-19T11:51:50","modified_gmt":"2025-11-19T11:51:50","slug":"kokie-retractable-liquid-eyeliner-ultimate-black","status":"publish","type":"product","link":"https:\/\/stylingagenten.com\/fi\/tuote\/kokie-retractable-liquid-eyeliner-ultimate-black\/","title":{"rendered":"Kokie Retractable Liquid Eyeliner Ultimate Black"},"content":{"rendered":"<p>Kokie Retractable liquid Eyeliner on sis\u00e4\u00e4nvedett\u00e4v\u00e4ss\u00e4 kyn\u00e4ss\u00e4 oleva eyeliner, joka tekee meikkirutiinistasi erityisen. mahdollisimman helppoa. T\u00e4ss\u00e4 upeassa eyelineriss\u00e4 on mustaa mustetta ja ter\u00e4v\u00e4 huopak\u00e4rki &ndash; mik\u00e4 tekee sen tuomisesta eritt\u00e4in helppoa; t\u00e4ydellinen t\u00e4ydellinen eyeliner.<\/p>\n<p>K\u00e4ytt\u00f6: Poista korkki laajentaaksesi tuotetta t\u00e4ysikokoiseksi, ravista hyvin ennen k\u00e4ytt\u00f6\u00e4.<\/p>\n","protected":false},"excerpt":{"rendered":"<p>Kokie Retractable liquid Eyeliner on sis\u00e4\u00e4nvedett\u00e4v\u00e4ss\u00e4 kyn\u00e4ss\u00e4 oleva eyeliner, joka tekee meikkirutiinistasi erityisen. mahdollisimman helppoa. T\u00e4ss\u00e4 upeassa eyelineriss\u00e4 on mustaa mustetta ja ter\u00e4v\u00e4 huopak\u00e4rki &ndash; mik\u00e4 tekee sen tuomisesta eritt\u00e4in helppoa; t\u00e4ydellinen t\u00e4ydellinen eyeliner. K\u00e4ytt\u00f6: Poista korkki laajentaaksesi tuotetta t\u00e4ysikokoiseksi, ravista hyvin ennen k\u00e4ytt\u00f6\u00e4.<\/p>\n","protected":false},"featured_media":119352,"comment_status":"open","ping_status":"closed","template":"","meta":{"_trash_the_other_posts":false},"product_brand":[],"product_cat":[568],"product_tag":[],"berocket_brand":[1198],"class_list":{"0":"post-119360","1":"product","2":"type-product","3":"status-publish","4":"has-post-thumbnail","6":"product_cat-eyeliner-kajal","7":"pa_brand-kokie-cosmetics","8":"berocket_brand-kokie-cosmetics","10":"first","11":"instock","12":"sale","13":"taxable","14":"shipping-taxable","15":"purchasable","16":"product-type-simple"},"_links":{"self":[{"href":"https:\/\/stylingagenten.com\/fi\/wp-json\/wp\/v2\/product\/119360","targetHints":{"allow":["GET"]}}],"collection":[{"href":"https:\/\/stylingagenten.com\/fi\/wp-json\/wp\/v2\/product"}],"about":[{"href":"https:\/\/stylingagenten.com\/fi\/wp-json\/wp\/v2\/types\/product"}],"replies":[{"embeddable":true,"href":"https:\/\/stylingagenten.com\/fi\/wp-json\/wp\/v2\/comments?post=119360"}],"version-history":[{"count":0,"href":"https:\/\/stylingagenten.com\/fi\/wp-json\/wp\/v2\/product\/119360\/revisions"}],"wp:featuredmedia":[{"embeddable":true,"href":"https:\/\/stylingagenten.com\/fi\/wp-json\/wp\/v2\/media\/119352"}],"wp:attachment":[{"href":"https:\/\/stylingagenten.com\/fi\/wp-json\/wp\/v2\/media?parent=119360"}],"wp:term":[{"taxonomy":"product_brand","embeddable":true,"href":"https:\/\/stylingagenten.com\/fi\/wp-json\/wp\/v2\/product_brand?post=119360"},{"taxonomy":"product_cat","embeddable":true,"href":"https:\/\/stylingagenten.com\/fi\/wp-json\/wp\/v2\/product_cat?post=119360"},{"taxonomy":"product_tag","embeddable":true,"href":"https:\/\/stylingagenten.com\/fi\/wp-json\/wp\/v2\/product_tag?post=119360"},{"taxonomy":"berocket_brand","embeddable":true,"href":"https:\/\/stylingagenten.com\/fi\/wp-json\/wp\/v2\/berocket_brand?post=119360"}],"curies":[{"name":"wp","href":"https:\/\/api.w.org\/{rel}","templated":true}]}}