{"id":119350,"date":"2025-05-18T21:31:08","date_gmt":"2025-05-18T21:31:08","guid":{"rendered":"https:\/\/staging2.stylingagenten.com\/fi\/produkt\/beauty-uk-twist-eye-liner-pencil-navy-blue\/"},"modified":"2025-12-03T09:13:22","modified_gmt":"2025-12-03T09:13:22","slug":"beauty-uk-twist-eye-liner-pencil-navy-blue","status":"publish","type":"product","link":"https:\/\/stylingagenten.com\/fi\/tuote\/beauty-uk-twist-eye-liner-pencil-navy-blue\/","title":{"rendered":"Beauty UK Twist Eye Liner Pencil &#8211; Navy Blue"},"content":{"rendered":"<p>Beauty UK Twist Eye Liner Pencil &#8211; tummansininen. Integroidun teroittimen ansiosta kyn\u00e4\u00e4 voi pit\u00e4\u00e4 t\u00e4ydellisesti koko ajan. T\u00e4m\u00e4 pitk\u00e4kestoinen, intensiivisesti pigmentoitu eyeliner tarjoaa t\u00e4yden hallinnan ja maksimaalisen tarkkuuden, joka ei haalistu, kun sit\u00e4 eniten tarvitset.<\/p>\n","protected":false},"excerpt":{"rendered":"<p>Beauty UK Twist Eye Liner Pencil &#8211; tummansininen. Integroidun teroittimen ansiosta kyn\u00e4\u00e4 voi pit\u00e4\u00e4 t\u00e4ydellisesti koko ajan. T\u00e4m\u00e4 pitk\u00e4kestoinen, intensiivisesti pigmentoitu eyeliner tarjoaa t\u00e4yden hallinnan ja maksimaalisen tarkkuuden, joka ei haalistu, kun sit\u00e4 eniten tarvitset.<\/p>\n","protected":false},"featured_media":119349,"comment_status":"open","ping_status":"closed","template":"","meta":{"_trash_the_other_posts":false},"product_brand":[],"product_cat":[568],"product_tag":[2525],"berocket_brand":[1059],"class_list":{"0":"post-119350","1":"product","2":"type-product","3":"status-publish","4":"has-post-thumbnail","6":"product_cat-eyeliner-kajal","7":"product_tag-beauty-uk-twist-eye-liner-pencil","8":"pa_brand-beautyuk","9":"pa_variantti-navy-blue","10":"berocket_brand-beautyuk","12":"first","13":"instock","14":"sale","15":"taxable","16":"shipping-taxable","17":"purchasable","18":"product-type-simple"},"_links":{"self":[{"href":"https:\/\/stylingagenten.com\/fi\/wp-json\/wp\/v2\/product\/119350","targetHints":{"allow":["GET"]}}],"collection":[{"href":"https:\/\/stylingagenten.com\/fi\/wp-json\/wp\/v2\/product"}],"about":[{"href":"https:\/\/stylingagenten.com\/fi\/wp-json\/wp\/v2\/types\/product"}],"replies":[{"embeddable":true,"href":"https:\/\/stylingagenten.com\/fi\/wp-json\/wp\/v2\/comments?post=119350"}],"version-history":[{"count":0,"href":"https:\/\/stylingagenten.com\/fi\/wp-json\/wp\/v2\/product\/119350\/revisions"}],"wp:featuredmedia":[{"embeddable":true,"href":"https:\/\/stylingagenten.com\/fi\/wp-json\/wp\/v2\/media\/119349"}],"wp:attachment":[{"href":"https:\/\/stylingagenten.com\/fi\/wp-json\/wp\/v2\/media?parent=119350"}],"wp:term":[{"taxonomy":"product_brand","embeddable":true,"href":"https:\/\/stylingagenten.com\/fi\/wp-json\/wp\/v2\/product_brand?post=119350"},{"taxonomy":"product_cat","embeddable":true,"href":"https:\/\/stylingagenten.com\/fi\/wp-json\/wp\/v2\/product_cat?post=119350"},{"taxonomy":"product_tag","embeddable":true,"href":"https:\/\/stylingagenten.com\/fi\/wp-json\/wp\/v2\/product_tag?post=119350"},{"taxonomy":"berocket_brand","embeddable":true,"href":"https:\/\/stylingagenten.com\/fi\/wp-json\/wp\/v2\/berocket_brand?post=119350"}],"curies":[{"name":"wp","href":"https:\/\/api.w.org\/{rel}","templated":true}]}}