{"id":119348,"date":"2025-05-18T21:31:06","date_gmt":"2025-05-18T21:31:06","guid":{"rendered":"https:\/\/staging2.stylingagenten.com\/fi\/produkt\/thebalm-mr-write-now-eyeliner-raj-navy-028g\/"},"modified":"2026-03-12T19:27:52","modified_gmt":"2026-03-12T19:27:52","slug":"thebalm-mr-write-now-eyeliner-raj-navy-028g","status":"publish","type":"product","link":"https:\/\/stylingagenten.com\/fi\/tuote\/thebalm-mr-write-now-eyeliner-raj-navy-028g\/","title":{"rendered":"theBalm Mr Write Now Eyeliner Raj Navy 0,28g"},"content":{"rendered":"<p>theBalm Mr Write (nyt) sis\u00e4lt\u00e4\u00e4 s\u00e4vyn jokaiseen viikonp\u00e4iv\u00e4\u00e4n&#8230; ja sitten v\u00e4h\u00e4n! Tutustu uuteen kokoelmaan houkuttelevia eyelinereja, jotka todella imartelevat silmi\u00e4. N\u00e4m\u00e4 kyn\u00e4t tarjoavat pitk\u00e4kestoiset v\u00e4rit, joita olet etsinyt, ja niiss\u00e4 on sis\u00e4\u00e4nrakennetut teroittimet. ne ovat aina valmiina, kun olet. K\u00e4ytett\u00e4v\u00e4t s\u00e4vyt ja satiinisen pehme\u00e4 rakenne.<\/p>\n<p>V\u00e4ri: Navy<\/p>\n","protected":false},"excerpt":{"rendered":"<p>theBalm Mr Write (nyt) sis\u00e4lt\u00e4\u00e4 s\u00e4vyn jokaiseen viikonp\u00e4iv\u00e4\u00e4n&#8230; ja sitten v\u00e4h\u00e4n! Tutustu uuteen kokoelmaan houkuttelevia eyelinereja, jotka todella imartelevat silmi\u00e4. N\u00e4m\u00e4 kyn\u00e4t tarjoavat pitk\u00e4kestoiset v\u00e4rit, joita olet etsinyt, ja niiss\u00e4 on sis\u00e4\u00e4nrakennetut teroittimet. ne ovat aina valmiina, kun olet. K\u00e4ytett\u00e4v\u00e4t s\u00e4vyt ja satiinisen pehme\u00e4 rakenne. V\u00e4ri: Navy<\/p>\n","protected":false},"featured_media":119347,"comment_status":"open","ping_status":"closed","template":"","meta":{"_trash_the_other_posts":false},"product_brand":[],"product_cat":[568],"product_tag":[4008],"berocket_brand":[1118],"class_list":{"0":"post-119348","1":"product","2":"type-product","3":"status-publish","4":"has-post-thumbnail","6":"product_cat-eyeliner-kajal","7":"product_tag-thebalm-mr-write-now-eyeliner-028g","8":"pa_brand-thebalm","9":"pa_variantti-raj-navy","10":"berocket_brand-thebalm","12":"first","13":"instock","14":"sale","15":"taxable","16":"shipping-taxable","17":"purchasable","18":"product-type-simple"},"_links":{"self":[{"href":"https:\/\/stylingagenten.com\/fi\/wp-json\/wp\/v2\/product\/119348","targetHints":{"allow":["GET"]}}],"collection":[{"href":"https:\/\/stylingagenten.com\/fi\/wp-json\/wp\/v2\/product"}],"about":[{"href":"https:\/\/stylingagenten.com\/fi\/wp-json\/wp\/v2\/types\/product"}],"replies":[{"embeddable":true,"href":"https:\/\/stylingagenten.com\/fi\/wp-json\/wp\/v2\/comments?post=119348"}],"version-history":[{"count":0,"href":"https:\/\/stylingagenten.com\/fi\/wp-json\/wp\/v2\/product\/119348\/revisions"}],"wp:featuredmedia":[{"embeddable":true,"href":"https:\/\/stylingagenten.com\/fi\/wp-json\/wp\/v2\/media\/119347"}],"wp:attachment":[{"href":"https:\/\/stylingagenten.com\/fi\/wp-json\/wp\/v2\/media?parent=119348"}],"wp:term":[{"taxonomy":"product_brand","embeddable":true,"href":"https:\/\/stylingagenten.com\/fi\/wp-json\/wp\/v2\/product_brand?post=119348"},{"taxonomy":"product_cat","embeddable":true,"href":"https:\/\/stylingagenten.com\/fi\/wp-json\/wp\/v2\/product_cat?post=119348"},{"taxonomy":"product_tag","embeddable":true,"href":"https:\/\/stylingagenten.com\/fi\/wp-json\/wp\/v2\/product_tag?post=119348"},{"taxonomy":"berocket_brand","embeddable":true,"href":"https:\/\/stylingagenten.com\/fi\/wp-json\/wp\/v2\/berocket_brand?post=119348"}],"curies":[{"name":"wp","href":"https:\/\/api.w.org\/{rel}","templated":true}]}}