{"id":119344,"date":"2025-05-18T21:31:05","date_gmt":"2025-05-18T21:31:05","guid":{"rendered":"https:\/\/staging2.stylingagenten.com\/fi\/produkt\/nyx-prof-makeup-jumbo-eye-pencil-yogurth\/"},"modified":"2025-12-04T07:32:10","modified_gmt":"2025-12-04T07:32:10","slug":"nyx-prof-makeup-jumbo-eye-pencil-yogurth","status":"publish","type":"product","link":"https:\/\/stylingagenten.com\/fi\/tuote\/nyx-prof-makeup-jumbo-eye-pencil-yogurth\/","title":{"rendered":"NYX PROF. MAKEUP Jumbo Eye Pencil Yogurth"},"content":{"rendered":"<p>NYX PROFESSIONAL MAKEUP Jumbo Eye Pencil Yogurtia voidaan k\u00e4ytt\u00e4\u00e4 sek\u00e4 eyelinerina ett\u00e4 varjoina. Mineraali\u00f6ljyj\u00e4 ja puuteria sis\u00e4lt\u00e4v\u00e4 koostumus ei kuivata silm\u00e4luomia ja liukuu helposti.<\/p>\n","protected":false},"excerpt":{"rendered":"<p>NYX PROFESSIONAL MAKEUP Jumbo Eye Pencil Yogurtia voidaan k\u00e4ytt\u00e4\u00e4 sek\u00e4 eyelinerina ett\u00e4 varjoina. Mineraali\u00f6ljyj\u00e4 ja puuteria sis\u00e4lt\u00e4v\u00e4 koostumus ei kuivata silm\u00e4luomia ja liukuu helposti.<\/p>\n","protected":false},"featured_media":119341,"comment_status":"open","ping_status":"closed","template":"","meta":{"_trash_the_other_posts":false},"product_brand":[],"product_cat":[568],"product_tag":[3676],"berocket_brand":[1025],"class_list":{"0":"post-119344","1":"product","2":"type-product","3":"status-publish","4":"has-post-thumbnail","6":"product_cat-eyeliner-kajal","7":"product_tag-nyx-prof-makeup-jumbo-eye-pencil","8":"pa_brand-nyx","9":"pa_variantti-yogurth","10":"berocket_brand-nyx","12":"first","13":"instock","14":"sale","15":"taxable","16":"shipping-taxable","17":"purchasable","18":"product-type-simple"},"_links":{"self":[{"href":"https:\/\/stylingagenten.com\/fi\/wp-json\/wp\/v2\/product\/119344","targetHints":{"allow":["GET"]}}],"collection":[{"href":"https:\/\/stylingagenten.com\/fi\/wp-json\/wp\/v2\/product"}],"about":[{"href":"https:\/\/stylingagenten.com\/fi\/wp-json\/wp\/v2\/types\/product"}],"replies":[{"embeddable":true,"href":"https:\/\/stylingagenten.com\/fi\/wp-json\/wp\/v2\/comments?post=119344"}],"version-history":[{"count":0,"href":"https:\/\/stylingagenten.com\/fi\/wp-json\/wp\/v2\/product\/119344\/revisions"}],"wp:featuredmedia":[{"embeddable":true,"href":"https:\/\/stylingagenten.com\/fi\/wp-json\/wp\/v2\/media\/119341"}],"wp:attachment":[{"href":"https:\/\/stylingagenten.com\/fi\/wp-json\/wp\/v2\/media?parent=119344"}],"wp:term":[{"taxonomy":"product_brand","embeddable":true,"href":"https:\/\/stylingagenten.com\/fi\/wp-json\/wp\/v2\/product_brand?post=119344"},{"taxonomy":"product_cat","embeddable":true,"href":"https:\/\/stylingagenten.com\/fi\/wp-json\/wp\/v2\/product_cat?post=119344"},{"taxonomy":"product_tag","embeddable":true,"href":"https:\/\/stylingagenten.com\/fi\/wp-json\/wp\/v2\/product_tag?post=119344"},{"taxonomy":"berocket_brand","embeddable":true,"href":"https:\/\/stylingagenten.com\/fi\/wp-json\/wp\/v2\/berocket_brand?post=119344"}],"curies":[{"name":"wp","href":"https:\/\/api.w.org\/{rel}","templated":true}]}}