{"id":119342,"date":"2025-05-18T21:31:05","date_gmt":"2025-05-18T21:31:05","guid":{"rendered":"https:\/\/staging2.stylingagenten.com\/fi\/produkt\/kokie-precise-long-wear-liquid-eyeliner\/"},"modified":"2025-12-16T16:57:22","modified_gmt":"2025-12-16T16:57:22","slug":"kokie-precise-long-wear-liquid-eyeliner","status":"publish","type":"product","link":"https:\/\/stylingagenten.com\/fi\/tuote\/kokie-precise-long-wear-liquid-eyeliner\/","title":{"rendered":"Kokie Precise Long Wear Liquid Eyeliner"},"content":{"rendered":"<p>T\u00e4m\u00e4 Precise Longwear Liquid Eyeliner tarjoaa eritt\u00e4in mustaa mustetta, pitk\u00e4\u00e4 kulutusta sek\u00e4 vett\u00e4 ja tahroja muistuttavan koostumuksen. Shaker Ball -toiminto est\u00e4\u00e4 kuivumista. T\u00e4ydellinen ohuille, tarkille linjoille tai ter\u00e4ville, siivekk\u00e4ille linjoille.<\/p>\n","protected":false},"excerpt":{"rendered":"<p>T\u00e4m\u00e4 Precise Longwear Liquid Eyeliner tarjoaa eritt\u00e4in mustaa mustetta, pitk\u00e4\u00e4 kulutusta sek\u00e4 vett\u00e4 ja tahroja muistuttavan koostumuksen. Shaker Ball -toiminto est\u00e4\u00e4 kuivumista. T\u00e4ydellinen ohuille, tarkille linjoille tai ter\u00e4ville, siivekk\u00e4ille linjoille.<\/p>\n","protected":false},"featured_media":119333,"comment_status":"open","ping_status":"closed","template":"","meta":{"_trash_the_other_posts":false},"product_brand":[],"product_cat":[568],"product_tag":[],"berocket_brand":[1198],"class_list":{"0":"post-119342","1":"product","2":"type-product","3":"status-publish","4":"has-post-thumbnail","6":"product_cat-eyeliner-kajal","7":"pa_brand-kokie-cosmetics","8":"berocket_brand-kokie-cosmetics","10":"first","11":"instock","12":"sale","13":"taxable","14":"shipping-taxable","15":"purchasable","16":"product-type-simple"},"_links":{"self":[{"href":"https:\/\/stylingagenten.com\/fi\/wp-json\/wp\/v2\/product\/119342","targetHints":{"allow":["GET"]}}],"collection":[{"href":"https:\/\/stylingagenten.com\/fi\/wp-json\/wp\/v2\/product"}],"about":[{"href":"https:\/\/stylingagenten.com\/fi\/wp-json\/wp\/v2\/types\/product"}],"replies":[{"embeddable":true,"href":"https:\/\/stylingagenten.com\/fi\/wp-json\/wp\/v2\/comments?post=119342"}],"version-history":[{"count":0,"href":"https:\/\/stylingagenten.com\/fi\/wp-json\/wp\/v2\/product\/119342\/revisions"}],"wp:featuredmedia":[{"embeddable":true,"href":"https:\/\/stylingagenten.com\/fi\/wp-json\/wp\/v2\/media\/119333"}],"wp:attachment":[{"href":"https:\/\/stylingagenten.com\/fi\/wp-json\/wp\/v2\/media?parent=119342"}],"wp:term":[{"taxonomy":"product_brand","embeddable":true,"href":"https:\/\/stylingagenten.com\/fi\/wp-json\/wp\/v2\/product_brand?post=119342"},{"taxonomy":"product_cat","embeddable":true,"href":"https:\/\/stylingagenten.com\/fi\/wp-json\/wp\/v2\/product_cat?post=119342"},{"taxonomy":"product_tag","embeddable":true,"href":"https:\/\/stylingagenten.com\/fi\/wp-json\/wp\/v2\/product_tag?post=119342"},{"taxonomy":"berocket_brand","embeddable":true,"href":"https:\/\/stylingagenten.com\/fi\/wp-json\/wp\/v2\/berocket_brand?post=119342"}],"curies":[{"name":"wp","href":"https:\/\/api.w.org\/{rel}","templated":true}]}}