{"id":119332,"date":"2025-05-18T21:31:04","date_gmt":"2025-05-18T21:31:04","guid":{"rendered":"https:\/\/staging2.stylingagenten.com\/fi\/produkt\/make-up-store-cake-eyeliner-brown\/"},"modified":"2026-04-06T09:20:27","modified_gmt":"2026-04-06T09:20:27","slug":"make-up-store-cake-eyeliner-brown","status":"publish","type":"product","link":"https:\/\/stylingagenten.com\/fi\/tuote\/make-up-store-cake-eyeliner-brown\/","title":{"rendered":"Make Up Store Cake Eyeliner Brown"},"content":{"rendered":"<p>Runsaspigmenttinen eyeliner kompaktissa muodossa. Luo t\u00e4ydellinen siipi tai rohkeita linjoja. Levit\u00e4 ohuella, kostutetulla eyeliner-siveltimell\u00e4. Sekoita sekoitusnesteeseen vedenkest\u00e4v\u00e4n tuloksen saamiseksi.<\/p>\n","protected":false},"excerpt":{"rendered":"<p>Runsaspigmenttinen eyeliner kompaktissa muodossa. Luo t\u00e4ydellinen siipi tai rohkeita linjoja. Levit\u00e4 ohuella, kostutetulla eyeliner-siveltimell\u00e4. Sekoita sekoitusnesteeseen vedenkest\u00e4v\u00e4n tuloksen saamiseksi.<\/p>\n","protected":false},"featured_media":119330,"comment_status":"open","ping_status":"closed","template":"","meta":{"_trash_the_other_posts":false},"product_brand":[],"product_cat":[568],"product_tag":[3280],"berocket_brand":[1271],"class_list":{"0":"post-119332","1":"product","2":"type-product","3":"status-publish","4":"has-post-thumbnail","6":"product_cat-eyeliner-kajal","7":"product_tag-make-up-store-cake-eyeliner","8":"pa_brand-make-up-store","9":"pa_variantti-brown","10":"berocket_brand-make-up-store","12":"first","13":"instock","14":"sale","15":"taxable","16":"shipping-taxable","17":"purchasable","18":"product-type-simple"},"_links":{"self":[{"href":"https:\/\/stylingagenten.com\/fi\/wp-json\/wp\/v2\/product\/119332","targetHints":{"allow":["GET"]}}],"collection":[{"href":"https:\/\/stylingagenten.com\/fi\/wp-json\/wp\/v2\/product"}],"about":[{"href":"https:\/\/stylingagenten.com\/fi\/wp-json\/wp\/v2\/types\/product"}],"replies":[{"embeddable":true,"href":"https:\/\/stylingagenten.com\/fi\/wp-json\/wp\/v2\/comments?post=119332"}],"version-history":[{"count":0,"href":"https:\/\/stylingagenten.com\/fi\/wp-json\/wp\/v2\/product\/119332\/revisions"}],"wp:featuredmedia":[{"embeddable":true,"href":"https:\/\/stylingagenten.com\/fi\/wp-json\/wp\/v2\/media\/119330"}],"wp:attachment":[{"href":"https:\/\/stylingagenten.com\/fi\/wp-json\/wp\/v2\/media?parent=119332"}],"wp:term":[{"taxonomy":"product_brand","embeddable":true,"href":"https:\/\/stylingagenten.com\/fi\/wp-json\/wp\/v2\/product_brand?post=119332"},{"taxonomy":"product_cat","embeddable":true,"href":"https:\/\/stylingagenten.com\/fi\/wp-json\/wp\/v2\/product_cat?post=119332"},{"taxonomy":"product_tag","embeddable":true,"href":"https:\/\/stylingagenten.com\/fi\/wp-json\/wp\/v2\/product_tag?post=119332"},{"taxonomy":"berocket_brand","embeddable":true,"href":"https:\/\/stylingagenten.com\/fi\/wp-json\/wp\/v2\/berocket_brand?post=119332"}],"curies":[{"name":"wp","href":"https:\/\/api.w.org\/{rel}","templated":true}]}}