{"id":119325,"date":"2025-05-18T21:31:02","date_gmt":"2025-05-18T21:31:02","guid":{"rendered":"https:\/\/staging2.stylingagenten.com\/fi\/produkt\/beauty-uk-hd-felt-tip-liner-no-1-black-1ml\/"},"modified":"2026-03-29T20:58:57","modified_gmt":"2026-03-29T20:58:57","slug":"beauty-uk-hd-felt-tip-liner-no-1-black-1ml","status":"publish","type":"product","link":"https:\/\/stylingagenten.com\/fi\/tuote\/beauty-uk-hd-felt-tip-liner-no-1-black-1ml\/","title":{"rendered":"Beauty UK HD Felt Tip Liner No.1 Black 1ml"},"content":{"rendered":"<p>Beauty UK HD Felt Liner No.1 Black on pitk\u00e4 ja kapea huopak\u00e4rki, joka liukuu t\u00e4ydellisesti iholla, joten voit luoda eritt\u00e4in selke\u00e4n lookin hetkess\u00e4.<\/p>\n","protected":false},"excerpt":{"rendered":"<p>Beauty UK HD Felt Liner No.1 Black on pitk\u00e4 ja kapea huopak\u00e4rki, joka liukuu t\u00e4ydellisesti iholla, joten voit luoda eritt\u00e4in selke\u00e4n lookin hetkess\u00e4.<\/p>\n","protected":false},"featured_media":119322,"comment_status":"open","ping_status":"closed","template":"","meta":{"_trash_the_other_posts":false},"product_brand":[],"product_cat":[568],"product_tag":[2499],"berocket_brand":[1059],"class_list":{"0":"post-119325","1":"product","2":"type-product","3":"status-publish","4":"has-post-thumbnail","6":"product_cat-eyeliner-kajal","7":"product_tag-beauty-uk-hd-felt-tip-liner","8":"pa_brand-beautyuk","9":"pa_variantti-no-1-black-1ml","10":"berocket_brand-beautyuk","12":"first","13":"instock","14":"sale","15":"taxable","16":"shipping-taxable","17":"purchasable","18":"product-type-simple"},"_links":{"self":[{"href":"https:\/\/stylingagenten.com\/fi\/wp-json\/wp\/v2\/product\/119325","targetHints":{"allow":["GET"]}}],"collection":[{"href":"https:\/\/stylingagenten.com\/fi\/wp-json\/wp\/v2\/product"}],"about":[{"href":"https:\/\/stylingagenten.com\/fi\/wp-json\/wp\/v2\/types\/product"}],"replies":[{"embeddable":true,"href":"https:\/\/stylingagenten.com\/fi\/wp-json\/wp\/v2\/comments?post=119325"}],"version-history":[{"count":0,"href":"https:\/\/stylingagenten.com\/fi\/wp-json\/wp\/v2\/product\/119325\/revisions"}],"wp:featuredmedia":[{"embeddable":true,"href":"https:\/\/stylingagenten.com\/fi\/wp-json\/wp\/v2\/media\/119322"}],"wp:attachment":[{"href":"https:\/\/stylingagenten.com\/fi\/wp-json\/wp\/v2\/media?parent=119325"}],"wp:term":[{"taxonomy":"product_brand","embeddable":true,"href":"https:\/\/stylingagenten.com\/fi\/wp-json\/wp\/v2\/product_brand?post=119325"},{"taxonomy":"product_cat","embeddable":true,"href":"https:\/\/stylingagenten.com\/fi\/wp-json\/wp\/v2\/product_cat?post=119325"},{"taxonomy":"product_tag","embeddable":true,"href":"https:\/\/stylingagenten.com\/fi\/wp-json\/wp\/v2\/product_tag?post=119325"},{"taxonomy":"berocket_brand","embeddable":true,"href":"https:\/\/stylingagenten.com\/fi\/wp-json\/wp\/v2\/berocket_brand?post=119325"}],"curies":[{"name":"wp","href":"https:\/\/api.w.org\/{rel}","templated":true}]}}