{"id":119324,"date":"2025-05-18T21:31:02","date_gmt":"2025-05-18T21:31:02","guid":{"rendered":"https:\/\/staging2.stylingagenten.com\/fi\/produkt\/beauty-uk-double-ended-jumbo-pencil-no-2-blackgrey\/"},"modified":"2026-03-14T09:07:38","modified_gmt":"2026-03-14T09:07:38","slug":"beauty-uk-double-ended-jumbo-pencil-no-2-blackgrey","status":"publish","type":"product","link":"https:\/\/stylingagenten.com\/fi\/tuote\/beauty-uk-double-ended-jumbo-pencil-no-2-blackgrey\/","title":{"rendered":"Beauty UK Double Ended Jumbo Pencil no.2 &#8211; Black&amp;Grey"},"content":{"rendered":"<p>Beauty UK Double Ended Jumbo Pencil no.2 &#8211; musta ja harmaa. Tyylin ja mukavuuden vallankumous \u2013 t\u00e4m\u00e4 kaksipuolinen kyn\u00e4 antaa mustalla eyelinerill\u00e4 t\u00e4ydellisen ja samettisen lopputuloksen sek\u00e4 &#8221;metallisen viimeistelyn&#8221; luomiv\u00e4rill\u00e4. Ihanteellinen kumppani viettelev\u00e4n v\u00e4rin luomiseen silmiin. Toimii t\u00e4ydellisesti pohjana luomiv\u00e4rin rakentamiseen ja halutun lookin luomiseen.<\/p>\n<p>V\u00e4ri &#8211; Musta luomiv\u00e4ri \/ harmaa luomiv\u00e4ri<\/p>\n","protected":false},"excerpt":{"rendered":"<p>Beauty UK Double Ended Jumbo Pencil no.2 &#8211; musta ja harmaa. Tyylin ja mukavuuden vallankumous \u2013 t\u00e4m\u00e4 kaksipuolinen kyn\u00e4 antaa mustalla eyelinerill\u00e4 t\u00e4ydellisen ja samettisen lopputuloksen sek\u00e4 &#8221;metallisen viimeistelyn&#8221; luomiv\u00e4rill\u00e4. Ihanteellinen kumppani viettelev\u00e4n v\u00e4rin luomiseen silmiin. Toimii t\u00e4ydellisesti pohjana luomiv\u00e4rin rakentamiseen ja halutun lookin luomiseen. V\u00e4ri &#8211; Musta luomiv\u00e4ri \/ harmaa luomiv\u00e4ri<\/p>\n","protected":false},"featured_media":119321,"comment_status":"open","ping_status":"closed","template":"","meta":{"_trash_the_other_posts":false},"product_brand":[],"product_cat":[568],"product_tag":[2493],"berocket_brand":[1059],"class_list":{"0":"post-119324","1":"product","2":"type-product","3":"status-publish","4":"has-post-thumbnail","6":"product_cat-eyeliner-kajal","7":"product_tag-beauty-uk-double-ended-jumbo-pencil","8":"pa_brand-beautyuk","9":"pa_variantti-no-2-blackgrey","10":"berocket_brand-beautyuk","12":"first","13":"instock","14":"sale","15":"taxable","16":"shipping-taxable","17":"purchasable","18":"product-type-simple"},"_links":{"self":[{"href":"https:\/\/stylingagenten.com\/fi\/wp-json\/wp\/v2\/product\/119324","targetHints":{"allow":["GET"]}}],"collection":[{"href":"https:\/\/stylingagenten.com\/fi\/wp-json\/wp\/v2\/product"}],"about":[{"href":"https:\/\/stylingagenten.com\/fi\/wp-json\/wp\/v2\/types\/product"}],"replies":[{"embeddable":true,"href":"https:\/\/stylingagenten.com\/fi\/wp-json\/wp\/v2\/comments?post=119324"}],"version-history":[{"count":0,"href":"https:\/\/stylingagenten.com\/fi\/wp-json\/wp\/v2\/product\/119324\/revisions"}],"wp:featuredmedia":[{"embeddable":true,"href":"https:\/\/stylingagenten.com\/fi\/wp-json\/wp\/v2\/media\/119321"}],"wp:attachment":[{"href":"https:\/\/stylingagenten.com\/fi\/wp-json\/wp\/v2\/media?parent=119324"}],"wp:term":[{"taxonomy":"product_brand","embeddable":true,"href":"https:\/\/stylingagenten.com\/fi\/wp-json\/wp\/v2\/product_brand?post=119324"},{"taxonomy":"product_cat","embeddable":true,"href":"https:\/\/stylingagenten.com\/fi\/wp-json\/wp\/v2\/product_cat?post=119324"},{"taxonomy":"product_tag","embeddable":true,"href":"https:\/\/stylingagenten.com\/fi\/wp-json\/wp\/v2\/product_tag?post=119324"},{"taxonomy":"berocket_brand","embeddable":true,"href":"https:\/\/stylingagenten.com\/fi\/wp-json\/wp\/v2\/berocket_brand?post=119324"}],"curies":[{"name":"wp","href":"https:\/\/api.w.org\/{rel}","templated":true}]}}