{"id":119318,"date":"2025-05-18T21:31:01","date_gmt":"2025-05-18T21:31:01","guid":{"rendered":"https:\/\/staging2.stylingagenten.com\/fi\/produkt\/beauty-uk-glitter-eyeliner-silver-5ml\/"},"modified":"2026-04-13T07:27:41","modified_gmt":"2026-04-13T07:27:41","slug":"beauty-uk-glitter-eyeliner-silver-5ml","status":"publish","type":"product","link":"https:\/\/stylingagenten.com\/fi\/tuote\/beauty-uk-glitter-eyeliner-silver-5ml\/","title":{"rendered":"Beauty UK Glitter Eyeliner &#8211; Silver 5ml"},"content":{"rendered":"<p>Beauty UK Glitter Eyeliner \u2013 Hopeaa voidaan k\u00e4ytt\u00e4\u00e4 yksin\u00e4\u00e4n tai yhdess\u00e4 valitsemasi eyelinerin kanssa. Kaava on rikas v\u00e4ripigmenttej\u00e4 ja on helppok\u00e4ytt\u00f6inen. Eyeliner on t\u00e4ytetty mikroglitterill\u00e4 ja yksil\u00f6llisesti suunniteltu pitk\u00e4 applikaattori tarkkuuteen ja yksinkertaiseen ja hienok\u00e4rkiseen siveltimeen, joka antaa t\u00e4ydellisen levityksen joka kerta.<\/p>\n<p>T\u00e4m\u00e4 Glitter Eyeliner -sarja on saatavana kultaisina ja hopeisina vivahteina ja riippuvaisesti&aring; talo paljon valitset soveltaa, voit seurata; pehme\u00e4 hohto tai intensiivinen glamouriin ja glitteriin r\u00e4j\u00e4hdys.<\/p>\n<p>V\u00e4ri: Hopea<\/p>\n","protected":false},"excerpt":{"rendered":"<p>Beauty UK Glitter Eyeliner \u2013 Hopeaa voidaan k\u00e4ytt\u00e4\u00e4 yksin\u00e4\u00e4n tai yhdess\u00e4 valitsemasi eyelinerin kanssa. Kaava on rikas v\u00e4ripigmenttej\u00e4 ja on helppok\u00e4ytt\u00f6inen. Eyeliner on t\u00e4ytetty mikroglitterill\u00e4 ja yksil\u00f6llisesti suunniteltu pitk\u00e4 applikaattori tarkkuuteen ja yksinkertaiseen ja hienok\u00e4rkiseen siveltimeen, joka antaa t\u00e4ydellisen levityksen joka kerta. T\u00e4m\u00e4 Glitter Eyeliner -sarja on saatavana kultaisina ja hopeisina vivahteina ja riippuvaisesti&aring; talo [&hellip;]<\/p>\n","protected":false},"featured_media":119317,"comment_status":"open","ping_status":"closed","template":"","meta":{"_trash_the_other_posts":false},"product_brand":[],"product_cat":[568],"product_tag":[2497],"berocket_brand":[1059],"class_list":{"0":"post-119318","1":"product","2":"type-product","3":"status-publish","4":"has-post-thumbnail","6":"product_cat-eyeliner-kajal","7":"product_tag-beauty-uk-glitter-eyeliner-5ml","8":"pa_brand-beautyuk","9":"pa_variantti-silver","10":"berocket_brand-beautyuk","12":"first","13":"instock","14":"sale","15":"taxable","16":"shipping-taxable","17":"purchasable","18":"product-type-simple"},"_links":{"self":[{"href":"https:\/\/stylingagenten.com\/fi\/wp-json\/wp\/v2\/product\/119318","targetHints":{"allow":["GET"]}}],"collection":[{"href":"https:\/\/stylingagenten.com\/fi\/wp-json\/wp\/v2\/product"}],"about":[{"href":"https:\/\/stylingagenten.com\/fi\/wp-json\/wp\/v2\/types\/product"}],"replies":[{"embeddable":true,"href":"https:\/\/stylingagenten.com\/fi\/wp-json\/wp\/v2\/comments?post=119318"}],"version-history":[{"count":0,"href":"https:\/\/stylingagenten.com\/fi\/wp-json\/wp\/v2\/product\/119318\/revisions"}],"wp:featuredmedia":[{"embeddable":true,"href":"https:\/\/stylingagenten.com\/fi\/wp-json\/wp\/v2\/media\/119317"}],"wp:attachment":[{"href":"https:\/\/stylingagenten.com\/fi\/wp-json\/wp\/v2\/media?parent=119318"}],"wp:term":[{"taxonomy":"product_brand","embeddable":true,"href":"https:\/\/stylingagenten.com\/fi\/wp-json\/wp\/v2\/product_brand?post=119318"},{"taxonomy":"product_cat","embeddable":true,"href":"https:\/\/stylingagenten.com\/fi\/wp-json\/wp\/v2\/product_cat?post=119318"},{"taxonomy":"product_tag","embeddable":true,"href":"https:\/\/stylingagenten.com\/fi\/wp-json\/wp\/v2\/product_tag?post=119318"},{"taxonomy":"berocket_brand","embeddable":true,"href":"https:\/\/stylingagenten.com\/fi\/wp-json\/wp\/v2\/berocket_brand?post=119318"}],"curies":[{"name":"wp","href":"https:\/\/api.w.org\/{rel}","templated":true}]}}