{"id":119286,"date":"2025-05-18T21:30:56","date_gmt":"2025-05-18T21:30:56","guid":{"rendered":"https:\/\/staging2.stylingagenten.com\/fi\/produkt\/artdeco-high-precision-liquid-liner-01-0-55ml\/"},"modified":"2026-03-29T01:08:55","modified_gmt":"2026-03-29T01:08:55","slug":"artdeco-high-precision-liquid-liner-01-0-55ml","status":"publish","type":"product","link":"https:\/\/stylingagenten.com\/fi\/tuote\/artdeco-high-precision-liquid-liner-01-0-55ml\/","title":{"rendered":"Artdeco High Precision Liquid Liner 01 0.55ml"},"content":{"rendered":"<p>Artdeco High Precision Liquid Liner 01 0,55 ml<br \/>Nestem\u00e4inen eyeliner, jolla voit luoda hienoja, tarkkoja linjoja &#8211; jopa aloittelija voi luoda t\u00e4ydellisen siiven t\u00e4ll\u00e4!<\/p>\n<p>&#8211; Hiilipigmentit antavat intensiivist\u00e4 mustuutta<br \/> &#8211; Joustava applikaattorisivellin t\u00e4ydelliseen tarkkuuteen<br \/>&#8211; Helppok\u00e4ytt\u00f6inen ja kest\u00e4v\u00e4 lopputulos<\/p>\n","protected":false},"excerpt":{"rendered":"<p>Artdeco High Precision Liquid Liner 01 0,55 mlNestem\u00e4inen eyeliner, jolla voit luoda hienoja, tarkkoja linjoja &#8211; jopa aloittelija voi luoda t\u00e4ydellisen siiven t\u00e4ll\u00e4! &#8211; Hiilipigmentit antavat intensiivist\u00e4 mustuutta &#8211; Joustava applikaattorisivellin t\u00e4ydelliseen tarkkuuteen&#8211; Helppok\u00e4ytt\u00f6inen ja kest\u00e4v\u00e4 lopputulos<\/p>\n","protected":false},"featured_media":119284,"comment_status":"open","ping_status":"closed","template":"","meta":{"_trash_the_other_posts":false},"product_brand":[],"product_cat":[568],"product_tag":[],"berocket_brand":[1385],"class_list":{"0":"post-119286","1":"product","2":"type-product","3":"status-publish","4":"has-post-thumbnail","6":"product_cat-eyeliner-kajal","7":"pa_brand-artdeco","8":"berocket_brand-artdeco","10":"first","11":"instock","12":"sale","13":"taxable","14":"shipping-taxable","15":"purchasable","16":"product-type-simple"},"_links":{"self":[{"href":"https:\/\/stylingagenten.com\/fi\/wp-json\/wp\/v2\/product\/119286","targetHints":{"allow":["GET"]}}],"collection":[{"href":"https:\/\/stylingagenten.com\/fi\/wp-json\/wp\/v2\/product"}],"about":[{"href":"https:\/\/stylingagenten.com\/fi\/wp-json\/wp\/v2\/types\/product"}],"replies":[{"embeddable":true,"href":"https:\/\/stylingagenten.com\/fi\/wp-json\/wp\/v2\/comments?post=119286"}],"version-history":[{"count":0,"href":"https:\/\/stylingagenten.com\/fi\/wp-json\/wp\/v2\/product\/119286\/revisions"}],"wp:featuredmedia":[{"embeddable":true,"href":"https:\/\/stylingagenten.com\/fi\/wp-json\/wp\/v2\/media\/119284"}],"wp:attachment":[{"href":"https:\/\/stylingagenten.com\/fi\/wp-json\/wp\/v2\/media?parent=119286"}],"wp:term":[{"taxonomy":"product_brand","embeddable":true,"href":"https:\/\/stylingagenten.com\/fi\/wp-json\/wp\/v2\/product_brand?post=119286"},{"taxonomy":"product_cat","embeddable":true,"href":"https:\/\/stylingagenten.com\/fi\/wp-json\/wp\/v2\/product_cat?post=119286"},{"taxonomy":"product_tag","embeddable":true,"href":"https:\/\/stylingagenten.com\/fi\/wp-json\/wp\/v2\/product_tag?post=119286"},{"taxonomy":"berocket_brand","embeddable":true,"href":"https:\/\/stylingagenten.com\/fi\/wp-json\/wp\/v2\/berocket_brand?post=119286"}],"curies":[{"name":"wp","href":"https:\/\/api.w.org\/{rel}","templated":true}]}}