{"id":119254,"date":"2025-05-18T21:30:51","date_gmt":"2025-05-18T21:30:51","guid":{"rendered":"https:\/\/staging2.stylingagenten.com\/fi\/produkt\/artdeco-soft-eyeliner-waterproof-10-black-1-2g\/"},"modified":"2026-04-07T19:38:31","modified_gmt":"2026-04-07T19:38:31","slug":"artdeco-soft-eyeliner-waterproof-10-black-1-2g","status":"publish","type":"product","link":"https:\/\/stylingagenten.com\/fi\/tuote\/artdeco-soft-eyeliner-waterproof-10-black-1-2g\/","title":{"rendered":"Artdeco Soft Eyeliner Waterproof 10 Black 1.2g"},"content":{"rendered":"<p>Artdeco Soft Eyeliner Waterproof 10 Black 1,2g<br \/>Soft Eye Liner on poikkeuksellisen kest\u00e4v\u00e4 eyeliner, joka on helppo levitt\u00e4\u00e4 kermaisen ja sile\u00e4n koostumuksensa ansiosta. Heti kun se kuivuu, se on my\u00f6s vedenpit\u00e4v\u00e4 ja tahraton. Voidaan my\u00f6s pyyhki\u00e4 pehme\u00e4mpi\u00e4 viivoja varten. Sis\u00e4lt\u00e4\u00e4 luonnollisia antioksidantteja ja E-vitamiinia. Hajusteeton.<br \/>\u2022 Helppo levitt\u00e4\u00e4 ja pitk\u00e4kestoinen lopputulos<br \/>\u2022 Vedenpit\u00e4v\u00e4 ja tahraton<br \/>\u2022 Voidaan pyyhki\u00e4 sile\u00e4mmiksi linjoiksi<br \/>\u2022 Sis\u00e4lt\u00e4\u00e4 luonnollisia antioksidantteja ja E-vitamiinia<br \/>\u2022 Tuoksu -vapaa<\/p>\n","protected":false},"excerpt":{"rendered":"<p>Artdeco Soft Eyeliner Waterproof 10 Black 1,2gSoft Eye Liner on poikkeuksellisen kest\u00e4v\u00e4 eyeliner, joka on helppo levitt\u00e4\u00e4 kermaisen ja sile\u00e4n koostumuksensa ansiosta. Heti kun se kuivuu, se on my\u00f6s vedenpit\u00e4v\u00e4 ja tahraton. Voidaan my\u00f6s pyyhki\u00e4 pehme\u00e4mpi\u00e4 viivoja varten. Sis\u00e4lt\u00e4\u00e4 luonnollisia antioksidantteja ja E-vitamiinia. Hajusteeton.\u2022 Helppo levitt\u00e4\u00e4 ja pitk\u00e4kestoinen lopputulos\u2022 Vedenpit\u00e4v\u00e4 ja tahraton\u2022 Voidaan pyyhki\u00e4 sile\u00e4mmiksi [&hellip;]<\/p>\n","protected":false},"featured_media":119232,"comment_status":"open","ping_status":"closed","template":"","meta":{"_trash_the_other_posts":false},"product_brand":[],"product_cat":[568],"product_tag":[2446],"berocket_brand":[1385],"class_list":{"0":"post-119254","1":"product","2":"type-product","3":"status-publish","4":"has-post-thumbnail","6":"product_cat-eyeliner-kajal","7":"product_tag-artdeco-soft-eyeliner-waterproof-1-2g","8":"pa_brand-artdeco","9":"pa_variantti-10-black","10":"berocket_brand-artdeco","12":"first","13":"outofstock","14":"sale","15":"taxable","16":"shipping-taxable","17":"purchasable","18":"product-type-simple"},"_links":{"self":[{"href":"https:\/\/stylingagenten.com\/fi\/wp-json\/wp\/v2\/product\/119254","targetHints":{"allow":["GET"]}}],"collection":[{"href":"https:\/\/stylingagenten.com\/fi\/wp-json\/wp\/v2\/product"}],"about":[{"href":"https:\/\/stylingagenten.com\/fi\/wp-json\/wp\/v2\/types\/product"}],"replies":[{"embeddable":true,"href":"https:\/\/stylingagenten.com\/fi\/wp-json\/wp\/v2\/comments?post=119254"}],"version-history":[{"count":0,"href":"https:\/\/stylingagenten.com\/fi\/wp-json\/wp\/v2\/product\/119254\/revisions"}],"wp:featuredmedia":[{"embeddable":true,"href":"https:\/\/stylingagenten.com\/fi\/wp-json\/wp\/v2\/media\/119232"}],"wp:attachment":[{"href":"https:\/\/stylingagenten.com\/fi\/wp-json\/wp\/v2\/media?parent=119254"}],"wp:term":[{"taxonomy":"product_brand","embeddable":true,"href":"https:\/\/stylingagenten.com\/fi\/wp-json\/wp\/v2\/product_brand?post=119254"},{"taxonomy":"product_cat","embeddable":true,"href":"https:\/\/stylingagenten.com\/fi\/wp-json\/wp\/v2\/product_cat?post=119254"},{"taxonomy":"product_tag","embeddable":true,"href":"https:\/\/stylingagenten.com\/fi\/wp-json\/wp\/v2\/product_tag?post=119254"},{"taxonomy":"berocket_brand","embeddable":true,"href":"https:\/\/stylingagenten.com\/fi\/wp-json\/wp\/v2\/berocket_brand?post=119254"}],"curies":[{"name":"wp","href":"https:\/\/api.w.org\/{rel}","templated":true}]}}