{"id":119217,"date":"2025-05-18T21:30:46","date_gmt":"2025-05-18T21:30:46","guid":{"rendered":"https:\/\/staging2.stylingagenten.com\/fi\/produkt\/beauty-uk-hd-felt-tip-liner-intense-black-1-2ml\/"},"modified":"2025-11-19T12:42:30","modified_gmt":"2025-11-19T12:42:30","slug":"beauty-uk-hd-felt-tip-liner-intense-black-1-2ml","status":"publish","type":"product","link":"https:\/\/stylingagenten.com\/fi\/tuote\/beauty-uk-hd-felt-tip-liner-intense-black-1-2ml\/","title":{"rendered":"Beauty UK HD Felt Tip Liner &#8211; Intense Black 1.2ml"},"content":{"rendered":"<p>Beauty UK:n h\u00e4mm\u00e4stytt\u00e4v\u00e4ss\u00e4 HD Felt Tip Eyelineriss\u00e4 on joustava huopa-applikaattori, joka antaa \u00e4\u00e4rimm\u00e4isen hallinnan ja tarkkuuden!<\/p>\n<p>Hyvin ohuesta dramaattisen rohkeaseen &#8221;cateye&#8221; -loosioon pitk\u00e4, monipuolinen, ohut huopak\u00e4rki liukuu. t\u00e4ydellisesti pitkin ripsien linjaa ja voit luoda eritt\u00e4in selke\u00e4t silm\u00e4t hetkess\u00e4. Se lupaa intensiivisen v\u00e4rin yhdistettyn\u00e4 lyhyeen kuivumisaikaan ja vett\u00e4 hylkiv\u00e4\u00e4n koostumukseen, joka antaa tahrattoman, eritt\u00e4in intensiivisen lopputuloksen.<\/p>\n","protected":false},"excerpt":{"rendered":"<p>Beauty UK:n h\u00e4mm\u00e4stytt\u00e4v\u00e4ss\u00e4 HD Felt Tip Eyelineriss\u00e4 on joustava huopa-applikaattori, joka antaa \u00e4\u00e4rimm\u00e4isen hallinnan ja tarkkuuden! Hyvin ohuesta dramaattisen rohkeaseen &#8221;cateye&#8221; -loosioon pitk\u00e4, monipuolinen, ohut huopak\u00e4rki liukuu. t\u00e4ydellisesti pitkin ripsien linjaa ja voit luoda eritt\u00e4in selke\u00e4t silm\u00e4t hetkess\u00e4. Se lupaa intensiivisen v\u00e4rin yhdistettyn\u00e4 lyhyeen kuivumisaikaan ja vett\u00e4 hylkiv\u00e4\u00e4n koostumukseen, joka antaa tahrattoman, eritt\u00e4in intensiivisen lopputuloksen.<\/p>\n","protected":false},"featured_media":119210,"comment_status":"open","ping_status":"closed","template":"","meta":{"_trash_the_other_posts":false},"product_brand":[],"product_cat":[568],"product_tag":[2499],"berocket_brand":[1059],"class_list":{"0":"post-119217","1":"product","2":"type-product","3":"status-publish","4":"has-post-thumbnail","6":"product_cat-eyeliner-kajal","7":"product_tag-beauty-uk-hd-felt-tip-liner","8":"pa_brand-beautyuk","9":"pa_variantti-intense-black-1-2ml","10":"berocket_brand-beautyuk","12":"first","13":"instock","14":"sale","15":"taxable","16":"shipping-taxable","17":"purchasable","18":"product-type-simple"},"_links":{"self":[{"href":"https:\/\/stylingagenten.com\/fi\/wp-json\/wp\/v2\/product\/119217","targetHints":{"allow":["GET"]}}],"collection":[{"href":"https:\/\/stylingagenten.com\/fi\/wp-json\/wp\/v2\/product"}],"about":[{"href":"https:\/\/stylingagenten.com\/fi\/wp-json\/wp\/v2\/types\/product"}],"replies":[{"embeddable":true,"href":"https:\/\/stylingagenten.com\/fi\/wp-json\/wp\/v2\/comments?post=119217"}],"version-history":[{"count":0,"href":"https:\/\/stylingagenten.com\/fi\/wp-json\/wp\/v2\/product\/119217\/revisions"}],"wp:featuredmedia":[{"embeddable":true,"href":"https:\/\/stylingagenten.com\/fi\/wp-json\/wp\/v2\/media\/119210"}],"wp:attachment":[{"href":"https:\/\/stylingagenten.com\/fi\/wp-json\/wp\/v2\/media?parent=119217"}],"wp:term":[{"taxonomy":"product_brand","embeddable":true,"href":"https:\/\/stylingagenten.com\/fi\/wp-json\/wp\/v2\/product_brand?post=119217"},{"taxonomy":"product_cat","embeddable":true,"href":"https:\/\/stylingagenten.com\/fi\/wp-json\/wp\/v2\/product_cat?post=119217"},{"taxonomy":"product_tag","embeddable":true,"href":"https:\/\/stylingagenten.com\/fi\/wp-json\/wp\/v2\/product_tag?post=119217"},{"taxonomy":"berocket_brand","embeddable":true,"href":"https:\/\/stylingagenten.com\/fi\/wp-json\/wp\/v2\/berocket_brand?post=119217"}],"curies":[{"name":"wp","href":"https:\/\/api.w.org\/{rel}","templated":true}]}}