{"id":119172,"date":"2025-05-18T21:30:37","date_gmt":"2025-05-18T21:30:37","guid":{"rendered":"https:\/\/staging2.stylingagenten.com\/fi\/produkt\/elizabeth-arden-green-tea-bath-shower-gel-500ml\/"},"modified":"2026-04-12T07:18:36","modified_gmt":"2026-04-12T07:18:36","slug":"elizabeth-arden-green-tea-bath-shower-gel-500ml","status":"publish","type":"product","link":"https:\/\/stylingagenten.com\/fi\/tuote\/elizabeth-arden-green-tea-bath-shower-gel-500ml\/","title":{"rendered":"Elizabeth Arden Green Tea Bath &amp; Shower Gel 500ml"},"content":{"rendered":"<p>T\u00e4ss\u00e4 karvaisessa suihkugeeliss\u00e4 on kevyt, karvainen Elizabeth Arden Green Tea -tuoksu, joka on kohottava tuoksu, joka energisoi kehoa, virkist\u00e4\u00e4 aistejasi ja uudistaa sielua.&nbsp; <\/p>\n","protected":false},"excerpt":{"rendered":"<p>T\u00e4ss\u00e4 karvaisessa suihkugeeliss\u00e4 on kevyt, karvainen Elizabeth Arden Green Tea -tuoksu, joka on kohottava tuoksu, joka energisoi kehoa, virkist\u00e4\u00e4 aistejasi ja uudistaa sielua.&nbsp;<\/p>\n","protected":false},"featured_media":119168,"comment_status":"open","ping_status":"closed","template":"","meta":{"_trash_the_other_posts":false},"product_brand":[],"product_cat":[759,1003,560],"product_tag":[],"berocket_brand":[1303],"class_list":{"0":"post-119172","1":"product","2":"type-product","3":"status-publish","4":"has-post-thumbnail","6":"product_cat-elizabeth-arden-green-tea","7":"product_cat-myydyimmat","8":"product_cat-suihkugeeli","9":"pa_brand-elizabeth-arden","10":"berocket_brand-elizabeth-arden","12":"first","13":"instock","14":"sale","15":"taxable","16":"shipping-taxable","17":"purchasable","18":"product-type-simple"},"_links":{"self":[{"href":"https:\/\/stylingagenten.com\/fi\/wp-json\/wp\/v2\/product\/119172","targetHints":{"allow":["GET"]}}],"collection":[{"href":"https:\/\/stylingagenten.com\/fi\/wp-json\/wp\/v2\/product"}],"about":[{"href":"https:\/\/stylingagenten.com\/fi\/wp-json\/wp\/v2\/types\/product"}],"replies":[{"embeddable":true,"href":"https:\/\/stylingagenten.com\/fi\/wp-json\/wp\/v2\/comments?post=119172"}],"version-history":[{"count":0,"href":"https:\/\/stylingagenten.com\/fi\/wp-json\/wp\/v2\/product\/119172\/revisions"}],"wp:featuredmedia":[{"embeddable":true,"href":"https:\/\/stylingagenten.com\/fi\/wp-json\/wp\/v2\/media\/119168"}],"wp:attachment":[{"href":"https:\/\/stylingagenten.com\/fi\/wp-json\/wp\/v2\/media?parent=119172"}],"wp:term":[{"taxonomy":"product_brand","embeddable":true,"href":"https:\/\/stylingagenten.com\/fi\/wp-json\/wp\/v2\/product_brand?post=119172"},{"taxonomy":"product_cat","embeddable":true,"href":"https:\/\/stylingagenten.com\/fi\/wp-json\/wp\/v2\/product_cat?post=119172"},{"taxonomy":"product_tag","embeddable":true,"href":"https:\/\/stylingagenten.com\/fi\/wp-json\/wp\/v2\/product_tag?post=119172"},{"taxonomy":"berocket_brand","embeddable":true,"href":"https:\/\/stylingagenten.com\/fi\/wp-json\/wp\/v2\/berocket_brand?post=119172"}],"curies":[{"name":"wp","href":"https:\/\/api.w.org\/{rel}","templated":true}]}}