{"id":119162,"date":"2025-05-18T21:30:35","date_gmt":"2025-05-18T21:30:35","guid":{"rendered":"https:\/\/staging2.stylingagenten.com\/fi\/produkt\/x-by-margaux-handsome-hand-wash-300ml\/"},"modified":"2026-03-11T21:45:50","modified_gmt":"2026-03-11T21:45:50","slug":"x-by-margaux-handsome-hand-wash-300ml","status":"publish","type":"product","link":"https:\/\/stylingagenten.com\/fi\/tuote\/x-by-margaux-handsome-hand-wash-300ml\/","title":{"rendered":"X by Margaux Handsome Hand Wash 300ml"},"content":{"rendered":"<p><strong>Hei komea! Hymyile itsellesi peiliin k\u00e4ytt\u00e4ess\u00e4ni minua.<\/strong><\/p>\n<p>Ihana k\u00e4sisaippua, jolla on kosteuttavia ominaisuuksia. Saippua vaahtoaa miellytt\u00e4v\u00e4sti ja siin\u00e4 on raikas ja terveellinen bergamotin, mandariinin ja ylang ylangin tuoksu. Lis\u00e4ksi se on todella mukava p\u00e4\u00e4ll\u00e4 allas! 100 % vegaaninen.<\/p>\n<p>Koko: 300 ml<\/p>\n","protected":false},"excerpt":{"rendered":"<p>Hei komea! Hymyile itsellesi peiliin k\u00e4ytt\u00e4ess\u00e4ni minua. Ihana k\u00e4sisaippua, jolla on kosteuttavia ominaisuuksia. Saippua vaahtoaa miellytt\u00e4v\u00e4sti ja siin\u00e4 on raikas ja terveellinen bergamotin, mandariinin ja ylang ylangin tuoksu. Lis\u00e4ksi se on todella mukava p\u00e4\u00e4ll\u00e4 allas! 100 % vegaaninen. Koko: 300 ml<\/p>\n","protected":false},"featured_media":119151,"comment_status":"open","ping_status":"closed","template":"","meta":{"_trash_the_other_posts":false},"product_brand":[],"product_cat":[734],"product_tag":[],"berocket_brand":[1234],"class_list":{"0":"post-119162","1":"product","2":"type-product","3":"status-publish","4":"has-post-thumbnail","6":"product_cat-kasisaippua","7":"pa_brand-x-by-margaux","8":"berocket_brand-x-by-margaux","10":"first","11":"instock","12":"sale","13":"taxable","14":"shipping-taxable","15":"purchasable","16":"product-type-simple"},"_links":{"self":[{"href":"https:\/\/stylingagenten.com\/fi\/wp-json\/wp\/v2\/product\/119162","targetHints":{"allow":["GET"]}}],"collection":[{"href":"https:\/\/stylingagenten.com\/fi\/wp-json\/wp\/v2\/product"}],"about":[{"href":"https:\/\/stylingagenten.com\/fi\/wp-json\/wp\/v2\/types\/product"}],"replies":[{"embeddable":true,"href":"https:\/\/stylingagenten.com\/fi\/wp-json\/wp\/v2\/comments?post=119162"}],"version-history":[{"count":0,"href":"https:\/\/stylingagenten.com\/fi\/wp-json\/wp\/v2\/product\/119162\/revisions"}],"wp:featuredmedia":[{"embeddable":true,"href":"https:\/\/stylingagenten.com\/fi\/wp-json\/wp\/v2\/media\/119151"}],"wp:attachment":[{"href":"https:\/\/stylingagenten.com\/fi\/wp-json\/wp\/v2\/media?parent=119162"}],"wp:term":[{"taxonomy":"product_brand","embeddable":true,"href":"https:\/\/stylingagenten.com\/fi\/wp-json\/wp\/v2\/product_brand?post=119162"},{"taxonomy":"product_cat","embeddable":true,"href":"https:\/\/stylingagenten.com\/fi\/wp-json\/wp\/v2\/product_cat?post=119162"},{"taxonomy":"product_tag","embeddable":true,"href":"https:\/\/stylingagenten.com\/fi\/wp-json\/wp\/v2\/product_tag?post=119162"},{"taxonomy":"berocket_brand","embeddable":true,"href":"https:\/\/stylingagenten.com\/fi\/wp-json\/wp\/v2\/berocket_brand?post=119162"}],"curies":[{"name":"wp","href":"https:\/\/api.w.org\/{rel}","templated":true}]}}