{"id":119152,"date":"2025-05-18T21:30:34","date_gmt":"2025-05-18T21:30:34","guid":{"rendered":"https:\/\/staging2.stylingagenten.com\/fi\/produkt\/american-crew-24-hour-deodorant-body-wash-450ml\/"},"modified":"2026-04-15T07:10:33","modified_gmt":"2026-04-15T07:10:33","slug":"american-crew-24-hour-deodorant-body-wash-450ml","status":"publish","type":"product","link":"https:\/\/stylingagenten.com\/fi\/tuote\/american-crew-24-hour-deodorant-body-wash-450ml\/","title":{"rendered":"American Crew 24-Hour Deodorant Body Wash 450ml"},"content":{"rendered":"<p>American Crew 24-Hour Deodorant Body Wash 450 ml \u2013 T\u00e4m\u00e4 aktiivinen vartalopesu s\u00e4ilytt\u00e4\u00e4 raikkaan tuoksun jopa 24 tuntia.<\/p>\n<p>Ominaisuudet ja edut<br \/>Hallitsee ihon hajua, jonka aiheuttavat mikro-organismeja. Auttaa taistelemaan bakteereja vastaan.Puhdistusaine uutetaan raa&#8217;ista vihanneksista. Rauhoittava ja virkist\u00e4v\u00e4 iho.<\/p>\n<p>Hopeasitraatti:<br \/>Auttaa hallitsemaan mikro-organismien aiheuttamaa hajua. Melaleuca Alternifolia Leaf Oil: Taistelee bakteereja vastaan.<\/p>\n<p>Ionittomat pinta-aktiiviset aineet:<br \/>Raakasta vihanneksista uutettu puhdistava ainesosa.<\/p>\n<p>Piparminttu\u00f6ljy:<br \/>Rauhoittaa ja virkist\u00e4\u00e4 ihoa .<\/p>\n<p>Ainesosat: <br \/>Aqua (vesi), natriumlaurethsulfaatti, kokamidi-MEA, glyseriini, kokamidopropyylibetaiini, PEG-120 metyyliglukoosidioleaatti, polykvaternium-10, natriumkloridi, sitruunahappo, lauryyliglukosidi , Melaleuca Alternifolia (teepuu) lehti\u00f6ljy, Mentha Piperita (Piparminttu) paju, natriumhydroksidi, tokoferyyliasetaatti, hopeasitraatti, allantoiini, hajuvesi (tuoksu), limoneeni, metyyliklooriisotiatsolinoni, metyyli-isotiatsolinoni<\/p>\n","protected":false},"excerpt":{"rendered":"<p>American Crew 24-Hour Deodorant Body Wash 450 ml \u2013 T\u00e4m\u00e4 aktiivinen vartalopesu s\u00e4ilytt\u00e4\u00e4 raikkaan tuoksun jopa 24 tuntia. Ominaisuudet ja edutHallitsee ihon hajua, jonka aiheuttavat mikro-organismeja. Auttaa taistelemaan bakteereja vastaan.Puhdistusaine uutetaan raa&#8217;ista vihanneksista. Rauhoittava ja virkist\u00e4v\u00e4 iho. Hopeasitraatti:Auttaa hallitsemaan mikro-organismien aiheuttamaa hajua. Melaleuca Alternifolia Leaf Oil: Taistelee bakteereja vastaan. Ionittomat pinta-aktiiviset aineet:Raakasta vihanneksista uutettu puhdistava [&hellip;]<\/p>\n","protected":false},"featured_media":119148,"comment_status":"open","ping_status":"closed","template":"","meta":{"_trash_the_other_posts":false},"product_brand":[],"product_cat":[1003,560],"product_tag":[],"berocket_brand":[1071],"class_list":{"0":"post-119152","1":"product","2":"type-product","3":"status-publish","4":"has-post-thumbnail","6":"product_cat-myydyimmat","7":"product_cat-suihkugeeli","8":"pa_brand-american-crew","9":"berocket_brand-american-crew","11":"first","12":"instock","13":"sale","14":"taxable","15":"shipping-taxable","16":"purchasable","17":"product-type-simple"},"_links":{"self":[{"href":"https:\/\/stylingagenten.com\/fi\/wp-json\/wp\/v2\/product\/119152","targetHints":{"allow":["GET"]}}],"collection":[{"href":"https:\/\/stylingagenten.com\/fi\/wp-json\/wp\/v2\/product"}],"about":[{"href":"https:\/\/stylingagenten.com\/fi\/wp-json\/wp\/v2\/types\/product"}],"replies":[{"embeddable":true,"href":"https:\/\/stylingagenten.com\/fi\/wp-json\/wp\/v2\/comments?post=119152"}],"version-history":[{"count":1,"href":"https:\/\/stylingagenten.com\/fi\/wp-json\/wp\/v2\/product\/119152\/revisions"}],"predecessor-version":[{"id":443184,"href":"https:\/\/stylingagenten.com\/fi\/wp-json\/wp\/v2\/product\/119152\/revisions\/443184"}],"wp:featuredmedia":[{"embeddable":true,"href":"https:\/\/stylingagenten.com\/fi\/wp-json\/wp\/v2\/media\/119148"}],"wp:attachment":[{"href":"https:\/\/stylingagenten.com\/fi\/wp-json\/wp\/v2\/media?parent=119152"}],"wp:term":[{"taxonomy":"product_brand","embeddable":true,"href":"https:\/\/stylingagenten.com\/fi\/wp-json\/wp\/v2\/product_brand?post=119152"},{"taxonomy":"product_cat","embeddable":true,"href":"https:\/\/stylingagenten.com\/fi\/wp-json\/wp\/v2\/product_cat?post=119152"},{"taxonomy":"product_tag","embeddable":true,"href":"https:\/\/stylingagenten.com\/fi\/wp-json\/wp\/v2\/product_tag?post=119152"},{"taxonomy":"berocket_brand","embeddable":true,"href":"https:\/\/stylingagenten.com\/fi\/wp-json\/wp\/v2\/berocket_brand?post=119152"}],"curies":[{"name":"wp","href":"https:\/\/api.w.org\/{rel}","templated":true}]}}