{"id":119111,"date":"2025-05-18T21:30:25","date_gmt":"2025-05-18T21:30:25","guid":{"rendered":"https:\/\/staging2.stylingagenten.com\/fi\/produkt\/ida-warg-aromatic-shower-mousse-balancing-formula-200ml\/"},"modified":"2025-11-19T12:03:12","modified_gmt":"2025-11-19T12:03:12","slug":"ida-warg-aromatic-shower-mousse-balancing-formula-200ml","status":"publish","type":"product","link":"https:\/\/stylingagenten.com\/fi\/tuote\/ida-warg-aromatic-shower-mousse-balancing-formula-200ml\/","title":{"rendered":"Ida Warg Aromatic Shower Mousse  &#8211; Balancing Formula 200ml"},"content":{"rendered":"<p>Aromatic Shower Mousse on kermainen ja mausteinen suihkuvaahto iholle, joka kaipaa olla pehme\u00e4\u00e4 ja kosteutettua. Geeli muuttuu v\u00e4litt\u00f6m\u00e4sti ravitsevaksi vaahdoksi joutuessaan kosketuksiin veden kanssa.<\/p>\n<p>Suihkuvaahto on osa Pro Growth -hiussarjaa.<\/p>\n<p>Ota SPA-ylellisyys mukaasi &#8211; kotikokemus , tuoksu sis\u00e4lt\u00e4\u00e4 aromaattisia vivahteita, kuten eukalyptusta, rosmariinia ja sitrushedelmi\u00e4.<\/p>\n<p>100 % vegaaninen<\/p>\n<p>Cruelty-free<\/p>\n<p>200 ml<\/p>\n","protected":false},"excerpt":{"rendered":"<p>Aromatic Shower Mousse on kermainen ja mausteinen suihkuvaahto iholle, joka kaipaa olla pehme\u00e4\u00e4 ja kosteutettua. Geeli muuttuu v\u00e4litt\u00f6m\u00e4sti ravitsevaksi vaahdoksi joutuessaan kosketuksiin veden kanssa. Suihkuvaahto on osa Pro Growth -hiussarjaa. Ota SPA-ylellisyys mukaasi &#8211; kotikokemus , tuoksu sis\u00e4lt\u00e4\u00e4 aromaattisia vivahteita, kuten eukalyptusta, rosmariinia ja sitrushedelmi\u00e4. 100 % vegaaninen Cruelty-free 200 ml<\/p>\n","protected":false},"featured_media":119104,"comment_status":"open","ping_status":"closed","template":"","meta":{"_trash_the_other_posts":false},"product_brand":[],"product_cat":[560],"product_tag":[],"berocket_brand":[1346],"class_list":{"0":"post-119111","1":"product","2":"type-product","3":"status-publish","4":"has-post-thumbnail","6":"product_cat-suihkugeeli","7":"pa_brand-ida-warg","8":"berocket_brand-ida-warg","10":"first","11":"outofstock","12":"sale","13":"taxable","14":"shipping-taxable","15":"purchasable","16":"product-type-simple"},"_links":{"self":[{"href":"https:\/\/stylingagenten.com\/fi\/wp-json\/wp\/v2\/product\/119111","targetHints":{"allow":["GET"]}}],"collection":[{"href":"https:\/\/stylingagenten.com\/fi\/wp-json\/wp\/v2\/product"}],"about":[{"href":"https:\/\/stylingagenten.com\/fi\/wp-json\/wp\/v2\/types\/product"}],"replies":[{"embeddable":true,"href":"https:\/\/stylingagenten.com\/fi\/wp-json\/wp\/v2\/comments?post=119111"}],"version-history":[{"count":0,"href":"https:\/\/stylingagenten.com\/fi\/wp-json\/wp\/v2\/product\/119111\/revisions"}],"wp:featuredmedia":[{"embeddable":true,"href":"https:\/\/stylingagenten.com\/fi\/wp-json\/wp\/v2\/media\/119104"}],"wp:attachment":[{"href":"https:\/\/stylingagenten.com\/fi\/wp-json\/wp\/v2\/media?parent=119111"}],"wp:term":[{"taxonomy":"product_brand","embeddable":true,"href":"https:\/\/stylingagenten.com\/fi\/wp-json\/wp\/v2\/product_brand?post=119111"},{"taxonomy":"product_cat","embeddable":true,"href":"https:\/\/stylingagenten.com\/fi\/wp-json\/wp\/v2\/product_cat?post=119111"},{"taxonomy":"product_tag","embeddable":true,"href":"https:\/\/stylingagenten.com\/fi\/wp-json\/wp\/v2\/product_tag?post=119111"},{"taxonomy":"berocket_brand","embeddable":true,"href":"https:\/\/stylingagenten.com\/fi\/wp-json\/wp\/v2\/berocket_brand?post=119111"}],"curies":[{"name":"wp","href":"https:\/\/api.w.org\/{rel}","templated":true}]}}