{"id":119038,"date":"2025-05-18T21:30:10","date_gmt":"2025-05-18T21:30:10","guid":{"rendered":"https:\/\/staging2.stylingagenten.com\/fi\/produkt\/sachajuan-body-wash-ginger-flower-500ml\/"},"modified":"2026-03-11T22:00:03","modified_gmt":"2026-03-11T22:00:03","slug":"sachajuan-body-wash-ginger-flower-500ml","status":"publish","type":"product","link":"https:\/\/stylingagenten.com\/fi\/tuote\/sachajuan-body-wash-ginger-flower-500ml\/","title":{"rendered":"SACHAJUAN Body Wash Ginger Flower 500ml"},"content":{"rendered":"<p>SACHAJUAN Body Wash Ginger Flower on hell\u00e4varainen vartalonpuhdistusaine, joka on kehitetty Earth Silk Technologylla ja jolla on ihoa rauhoittava ja kosteuttava vaikutus. Ihosi j\u00e4\u00e4 puhtaaksi, kosteutetuksi ja siin\u00e4 on bergamotin ja sitruunan kukkainen tuoksu.<\/p>\n<p>500ml<\/p>\n","protected":false},"excerpt":{"rendered":"<p>SACHAJUAN Body Wash Ginger Flower on hell\u00e4varainen vartalonpuhdistusaine, joka on kehitetty Earth Silk Technologylla ja jolla on ihoa rauhoittava ja kosteuttava vaikutus. Ihosi j\u00e4\u00e4 puhtaaksi, kosteutetuksi ja siin\u00e4 on bergamotin ja sitruunan kukkainen tuoksu. 500ml<\/p>\n","protected":false},"featured_media":119037,"comment_status":"open","ping_status":"closed","template":"","meta":{"_trash_the_other_posts":false},"product_brand":[],"product_cat":[560],"product_tag":[],"berocket_brand":[1409],"class_list":{"0":"post-119038","1":"product","2":"type-product","3":"status-publish","4":"has-post-thumbnail","6":"product_cat-suihkugeeli","7":"pa_brand-sachajuan","8":"berocket_brand-sachajuan","10":"first","11":"instock","12":"sale","13":"taxable","14":"shipping-taxable","15":"purchasable","16":"product-type-simple"},"_links":{"self":[{"href":"https:\/\/stylingagenten.com\/fi\/wp-json\/wp\/v2\/product\/119038","targetHints":{"allow":["GET"]}}],"collection":[{"href":"https:\/\/stylingagenten.com\/fi\/wp-json\/wp\/v2\/product"}],"about":[{"href":"https:\/\/stylingagenten.com\/fi\/wp-json\/wp\/v2\/types\/product"}],"replies":[{"embeddable":true,"href":"https:\/\/stylingagenten.com\/fi\/wp-json\/wp\/v2\/comments?post=119038"}],"version-history":[{"count":0,"href":"https:\/\/stylingagenten.com\/fi\/wp-json\/wp\/v2\/product\/119038\/revisions"}],"wp:featuredmedia":[{"embeddable":true,"href":"https:\/\/stylingagenten.com\/fi\/wp-json\/wp\/v2\/media\/119037"}],"wp:attachment":[{"href":"https:\/\/stylingagenten.com\/fi\/wp-json\/wp\/v2\/media?parent=119038"}],"wp:term":[{"taxonomy":"product_brand","embeddable":true,"href":"https:\/\/stylingagenten.com\/fi\/wp-json\/wp\/v2\/product_brand?post=119038"},{"taxonomy":"product_cat","embeddable":true,"href":"https:\/\/stylingagenten.com\/fi\/wp-json\/wp\/v2\/product_cat?post=119038"},{"taxonomy":"product_tag","embeddable":true,"href":"https:\/\/stylingagenten.com\/fi\/wp-json\/wp\/v2\/product_tag?post=119038"},{"taxonomy":"berocket_brand","embeddable":true,"href":"https:\/\/stylingagenten.com\/fi\/wp-json\/wp\/v2\/berocket_brand?post=119038"}],"curies":[{"name":"wp","href":"https:\/\/api.w.org\/{rel}","templated":true}]}}