{"id":119036,"date":"2025-05-18T21:30:09","date_gmt":"2025-05-18T21:30:09","guid":{"rendered":"https:\/\/staging2.stylingagenten.com\/fi\/produkt\/elizabeth-arden-white-tea-bath-shower-gel-390ml\/"},"modified":"2026-04-11T19:08:25","modified_gmt":"2026-04-11T19:08:25","slug":"elizabeth-arden-white-tea-bath-shower-gel-390ml","status":"publish","type":"product","link":"https:\/\/stylingagenten.com\/fi\/tuote\/elizabeth-arden-white-tea-bath-shower-gel-390ml\/","title":{"rendered":"Elizabeth Arden White Tea Bath &amp; Shower Gel 390ml"},"content":{"rendered":"<p>White Tea Shower Gel on kevyesti vaahtoava koostumus ilman saippuaa, joka puhdistaa ihon poistamatta luonnollisia rasva-aineita. Sis\u00e4lt\u00e4\u00e4 italialaisen mandariinin raikkaan ja kuplivan tuoksun, jota t\u00e4ydent\u00e4v\u00e4t aistilliset suolan ja viilent\u00e4v\u00e4t merituulet, jotka yhdess\u00e4 kuljettavat sinut ylelliseen hemmotteluun.<\/p>\n","protected":false},"excerpt":{"rendered":"<p>White Tea Shower Gel on kevyesti vaahtoava koostumus ilman saippuaa, joka puhdistaa ihon poistamatta luonnollisia rasva-aineita. Sis\u00e4lt\u00e4\u00e4 italialaisen mandariinin raikkaan ja kuplivan tuoksun, jota t\u00e4ydent\u00e4v\u00e4t aistilliset suolan ja viilent\u00e4v\u00e4t merituulet, jotka yhdess\u00e4 kuljettavat sinut ylelliseen hemmotteluun.<\/p>\n","protected":false},"featured_media":119031,"comment_status":"open","ping_status":"closed","template":"","meta":{"_trash_the_other_posts":false},"product_brand":[],"product_cat":[841,560],"product_tag":[],"berocket_brand":[1303],"class_list":{"0":"post-119036","1":"product","2":"type-product","3":"status-publish","4":"has-post-thumbnail","6":"product_cat-elizabeth-arden-white-tea","7":"product_cat-suihkugeeli","8":"pa_brand-elizabeth-arden","9":"berocket_brand-elizabeth-arden","11":"first","12":"instock","13":"sale","14":"taxable","15":"shipping-taxable","16":"purchasable","17":"product-type-simple"},"_links":{"self":[{"href":"https:\/\/stylingagenten.com\/fi\/wp-json\/wp\/v2\/product\/119036","targetHints":{"allow":["GET"]}}],"collection":[{"href":"https:\/\/stylingagenten.com\/fi\/wp-json\/wp\/v2\/product"}],"about":[{"href":"https:\/\/stylingagenten.com\/fi\/wp-json\/wp\/v2\/types\/product"}],"replies":[{"embeddable":true,"href":"https:\/\/stylingagenten.com\/fi\/wp-json\/wp\/v2\/comments?post=119036"}],"version-history":[{"count":0,"href":"https:\/\/stylingagenten.com\/fi\/wp-json\/wp\/v2\/product\/119036\/revisions"}],"wp:featuredmedia":[{"embeddable":true,"href":"https:\/\/stylingagenten.com\/fi\/wp-json\/wp\/v2\/media\/119031"}],"wp:attachment":[{"href":"https:\/\/stylingagenten.com\/fi\/wp-json\/wp\/v2\/media?parent=119036"}],"wp:term":[{"taxonomy":"product_brand","embeddable":true,"href":"https:\/\/stylingagenten.com\/fi\/wp-json\/wp\/v2\/product_brand?post=119036"},{"taxonomy":"product_cat","embeddable":true,"href":"https:\/\/stylingagenten.com\/fi\/wp-json\/wp\/v2\/product_cat?post=119036"},{"taxonomy":"product_tag","embeddable":true,"href":"https:\/\/stylingagenten.com\/fi\/wp-json\/wp\/v2\/product_tag?post=119036"},{"taxonomy":"berocket_brand","embeddable":true,"href":"https:\/\/stylingagenten.com\/fi\/wp-json\/wp\/v2\/berocket_brand?post=119036"}],"curies":[{"name":"wp","href":"https:\/\/api.w.org\/{rel}","templated":true}]}}