{"id":118989,"date":"2025-05-18T21:29:58","date_gmt":"2025-05-18T21:29:58","guid":{"rendered":"https:\/\/staging2.stylingagenten.com\/fi\/produkt\/carolina-herrera-good-girl-shower-gel-200ml\/"},"modified":"2026-04-14T07:09:02","modified_gmt":"2026-04-14T07:09:02","slug":"carolina-herrera-good-girl-shower-gel-200ml","status":"publish","type":"product","link":"https:\/\/stylingagenten.com\/fi\/tuote\/carolina-herrera-good-girl-shower-gel-200ml\/","title":{"rendered":"Carolina Herrera Good Girl Shower Gel 200ml"},"content":{"rendered":"<p>Carolina Herrera Good Girl Shower Gel on suihkugeeli, jossa on sama ihana tuoksu kuin Carolina Herrera Good Girl; aistillinen ja viettelev\u00e4 tuoksu, jossa on kaksijakoisuus, joka edustaa modernia naista. Tuoksu on eritt\u00e4in naisellinen, hienostunut ja aistillinen, mutta samalla voimakas ja itsen\u00e4inen.<\/p>\n<p>Jasmiinin makeat ja viettelev\u00e4t ominaisuudet antavat Good Girlille kirkkaan ja naisellisen s\u00e4vyn. Tuoksuva kaakao ja huumaavat tonkapavut edustavat kiltin tyt\u00f6n mystist\u00e4 puolta, kun taas manteli ja kahvi antavat virkist\u00e4v\u00e4\u00e4 energiaa.<\/p>\n<p>Alkutuoksu: Manteli<br \/>\n<br \/>Syd\u00e4ntuoksut: Tuberosa ja Jasmiini<br \/>\n<br \/>Pohjatuoksut: Tonkapavut ja Kaakao<\/p>\n<p>200ml<\/p>\n","protected":false},"excerpt":{"rendered":"<p>Carolina Herrera Good Girl Shower Gel on suihkugeeli, jossa on sama ihana tuoksu kuin Carolina Herrera Good Girl; aistillinen ja viettelev\u00e4 tuoksu, jossa on kaksijakoisuus, joka edustaa modernia naista. Tuoksu on eritt\u00e4in naisellinen, hienostunut ja aistillinen, mutta samalla voimakas ja itsen\u00e4inen. Jasmiinin makeat ja viettelev\u00e4t ominaisuudet antavat Good Girlille kirkkaan ja naisellisen s\u00e4vyn. Tuoksuva kaakao [&hellip;]<\/p>\n","protected":false},"featured_media":118986,"comment_status":"open","ping_status":"closed","template":"","meta":{"_trash_the_other_posts":false},"product_brand":[],"product_cat":[560],"product_tag":[],"berocket_brand":[1099],"class_list":{"0":"post-118989","1":"product","2":"type-product","3":"status-publish","4":"has-post-thumbnail","6":"product_cat-suihkugeeli","7":"pa_brand-carolina-herrera","8":"berocket_brand-carolina-herrera","10":"first","11":"instock","12":"sale","13":"taxable","14":"shipping-taxable","15":"purchasable","16":"product-type-simple"},"_links":{"self":[{"href":"https:\/\/stylingagenten.com\/fi\/wp-json\/wp\/v2\/product\/118989","targetHints":{"allow":["GET"]}}],"collection":[{"href":"https:\/\/stylingagenten.com\/fi\/wp-json\/wp\/v2\/product"}],"about":[{"href":"https:\/\/stylingagenten.com\/fi\/wp-json\/wp\/v2\/types\/product"}],"replies":[{"embeddable":true,"href":"https:\/\/stylingagenten.com\/fi\/wp-json\/wp\/v2\/comments?post=118989"}],"version-history":[{"count":1,"href":"https:\/\/stylingagenten.com\/fi\/wp-json\/wp\/v2\/product\/118989\/revisions"}],"predecessor-version":[{"id":443145,"href":"https:\/\/stylingagenten.com\/fi\/wp-json\/wp\/v2\/product\/118989\/revisions\/443145"}],"wp:featuredmedia":[{"embeddable":true,"href":"https:\/\/stylingagenten.com\/fi\/wp-json\/wp\/v2\/media\/118986"}],"wp:attachment":[{"href":"https:\/\/stylingagenten.com\/fi\/wp-json\/wp\/v2\/media?parent=118989"}],"wp:term":[{"taxonomy":"product_brand","embeddable":true,"href":"https:\/\/stylingagenten.com\/fi\/wp-json\/wp\/v2\/product_brand?post=118989"},{"taxonomy":"product_cat","embeddable":true,"href":"https:\/\/stylingagenten.com\/fi\/wp-json\/wp\/v2\/product_cat?post=118989"},{"taxonomy":"product_tag","embeddable":true,"href":"https:\/\/stylingagenten.com\/fi\/wp-json\/wp\/v2\/product_tag?post=118989"},{"taxonomy":"berocket_brand","embeddable":true,"href":"https:\/\/stylingagenten.com\/fi\/wp-json\/wp\/v2\/berocket_brand?post=118989"}],"curies":[{"name":"wp","href":"https:\/\/api.w.org\/{rel}","templated":true}]}}