{"id":118980,"date":"2025-05-18T21:29:56","date_gmt":"2025-05-18T21:29:56","guid":{"rendered":"https:\/\/staging2.stylingagenten.com\/fi\/produkt\/elizabeth-arden-green-tea-energizing-bath-shower-gel-200ml\/"},"modified":"2026-03-19T10:17:27","modified_gmt":"2026-03-19T10:17:27","slug":"elizabeth-arden-green-tea-energizing-bath-shower-gel-200ml","status":"publish","type":"product","link":"https:\/\/stylingagenten.com\/fi\/tuote\/elizabeth-arden-green-tea-energizing-bath-shower-gel-200ml\/","title":{"rendered":"Elizabeth Arden Green Tea Energizing Bath &amp; Shower Gel 200ml"},"content":{"rendered":"<p>Elizabeth Arden Green Tea -tuoksun raikkaat, kuplivat vivahteet ja luonnolliset kasviuutteet antavat keholle uutta energiaa, hemmottelevat aisteja ja virkist\u00e4v\u00e4t sielua. Energizing Bath &amp; Shower Gel sis\u00e4lt\u00e4\u00e4 kevyesti vaahtoavan, saippuattoman koostumuksen, joka puhdistaa ihon poistamatta sen luonnollisia \u00f6ljyj\u00e4.<br \/>\n<br \/>200ml<\/p>\n","protected":false},"excerpt":{"rendered":"<p>Elizabeth Arden Green Tea -tuoksun raikkaat, kuplivat vivahteet ja luonnolliset kasviuutteet antavat keholle uutta energiaa, hemmottelevat aisteja ja virkist\u00e4v\u00e4t sielua. Energizing Bath &amp; Shower Gel sis\u00e4lt\u00e4\u00e4 kevyesti vaahtoavan, saippuattoman koostumuksen, joka puhdistaa ihon poistamatta sen luonnollisia \u00f6ljyj\u00e4. 200ml<\/p>\n","protected":false},"featured_media":118978,"comment_status":"open","ping_status":"closed","template":"","meta":{"_trash_the_other_posts":false},"product_brand":[],"product_cat":[560],"product_tag":[],"berocket_brand":[1303],"class_list":{"0":"post-118980","1":"product","2":"type-product","3":"status-publish","4":"has-post-thumbnail","6":"product_cat-suihkugeeli","7":"pa_brand-elizabeth-arden","8":"berocket_brand-elizabeth-arden","10":"first","11":"instock","12":"sale","13":"taxable","14":"shipping-taxable","15":"purchasable","16":"product-type-simple"},"_links":{"self":[{"href":"https:\/\/stylingagenten.com\/fi\/wp-json\/wp\/v2\/product\/118980","targetHints":{"allow":["GET"]}}],"collection":[{"href":"https:\/\/stylingagenten.com\/fi\/wp-json\/wp\/v2\/product"}],"about":[{"href":"https:\/\/stylingagenten.com\/fi\/wp-json\/wp\/v2\/types\/product"}],"replies":[{"embeddable":true,"href":"https:\/\/stylingagenten.com\/fi\/wp-json\/wp\/v2\/comments?post=118980"}],"version-history":[{"count":0,"href":"https:\/\/stylingagenten.com\/fi\/wp-json\/wp\/v2\/product\/118980\/revisions"}],"wp:featuredmedia":[{"embeddable":true,"href":"https:\/\/stylingagenten.com\/fi\/wp-json\/wp\/v2\/media\/118978"}],"wp:attachment":[{"href":"https:\/\/stylingagenten.com\/fi\/wp-json\/wp\/v2\/media?parent=118980"}],"wp:term":[{"taxonomy":"product_brand","embeddable":true,"href":"https:\/\/stylingagenten.com\/fi\/wp-json\/wp\/v2\/product_brand?post=118980"},{"taxonomy":"product_cat","embeddable":true,"href":"https:\/\/stylingagenten.com\/fi\/wp-json\/wp\/v2\/product_cat?post=118980"},{"taxonomy":"product_tag","embeddable":true,"href":"https:\/\/stylingagenten.com\/fi\/wp-json\/wp\/v2\/product_tag?post=118980"},{"taxonomy":"berocket_brand","embeddable":true,"href":"https:\/\/stylingagenten.com\/fi\/wp-json\/wp\/v2\/berocket_brand?post=118980"}],"curies":[{"name":"wp","href":"https:\/\/api.w.org\/{rel}","templated":true}]}}