{"id":118704,"date":"2025-05-18T21:28:54","date_gmt":"2025-05-18T21:28:54","guid":{"rendered":"https:\/\/staging2.stylingagenten.com\/fi\/produkt\/voluspa-3-wick-candle-decorative-tin-goji-tarocco-orange-340g\/"},"modified":"2026-03-11T21:56:41","modified_gmt":"2026-03-11T21:56:41","slug":"voluspa-3-wick-candle-decorative-tin-goji-tarocco-orange-340g","status":"publish","type":"product","link":"https:\/\/stylingagenten.com\/fi\/tuote\/voluspa-3-wick-candle-decorative-tin-goji-tarocco-orange-340g\/","title":{"rendered":"Voluspa 3-Wick Candle Decorative Tin Goji Tarocco Orange 340g"},"content":{"rendered":"<p>Voluspa 3-Wick -kynttil\u00e4 koristepelliss\u00e4 Goji Tarocco -appelsiini tuoksuu hienoista italialaisista tarocco-appelsiineista, kyps\u00e4st\u00e4 mangosta ja goji-marjoista.<\/p>\n<p>Paloaika noin 40 tuntia.<\/p>\n","protected":false},"excerpt":{"rendered":"<p>Voluspa 3-Wick -kynttil\u00e4 koristepelliss\u00e4 Goji Tarocco -appelsiini tuoksuu hienoista italialaisista tarocco-appelsiineista, kyps\u00e4st\u00e4 mangosta ja goji-marjoista. Paloaika noin 40 tuntia.<\/p>\n","protected":false},"featured_media":118696,"comment_status":"open","ping_status":"closed","template":"","meta":{"_trash_the_other_posts":false},"product_brand":[],"product_cat":[1000,999,1005,735,540],"product_tag":[],"berocket_brand":[1208],"class_list":{"0":"post-118704","1":"product","2":"type-product","3":"status-publish","4":"has-post-thumbnail","6":"product_cat-kampanjatarjous-miehelle","7":"product_cat-kampanjatarjous-naiselle","8":"product_cat-outlet","9":"product_cat-kampanjamme","10":"product_cat-duftende-stearinlys","11":"pa_brand-voluspa","12":"berocket_brand-voluspa","14":"first","15":"instock","16":"sale","17":"taxable","18":"shipping-taxable","19":"purchasable","20":"product-type-simple"},"_links":{"self":[{"href":"https:\/\/stylingagenten.com\/fi\/wp-json\/wp\/v2\/product\/118704","targetHints":{"allow":["GET"]}}],"collection":[{"href":"https:\/\/stylingagenten.com\/fi\/wp-json\/wp\/v2\/product"}],"about":[{"href":"https:\/\/stylingagenten.com\/fi\/wp-json\/wp\/v2\/types\/product"}],"replies":[{"embeddable":true,"href":"https:\/\/stylingagenten.com\/fi\/wp-json\/wp\/v2\/comments?post=118704"}],"version-history":[{"count":0,"href":"https:\/\/stylingagenten.com\/fi\/wp-json\/wp\/v2\/product\/118704\/revisions"}],"wp:featuredmedia":[{"embeddable":true,"href":"https:\/\/stylingagenten.com\/fi\/wp-json\/wp\/v2\/media\/118696"}],"wp:attachment":[{"href":"https:\/\/stylingagenten.com\/fi\/wp-json\/wp\/v2\/media?parent=118704"}],"wp:term":[{"taxonomy":"product_brand","embeddable":true,"href":"https:\/\/stylingagenten.com\/fi\/wp-json\/wp\/v2\/product_brand?post=118704"},{"taxonomy":"product_cat","embeddable":true,"href":"https:\/\/stylingagenten.com\/fi\/wp-json\/wp\/v2\/product_cat?post=118704"},{"taxonomy":"product_tag","embeddable":true,"href":"https:\/\/stylingagenten.com\/fi\/wp-json\/wp\/v2\/product_tag?post=118704"},{"taxonomy":"berocket_brand","embeddable":true,"href":"https:\/\/stylingagenten.com\/fi\/wp-json\/wp\/v2\/berocket_brand?post=118704"}],"curies":[{"name":"wp","href":"https:\/\/api.w.org\/{rel}","templated":true}]}}