{"id":118434,"date":"2025-05-18T21:27:46","date_gmt":"2025-05-18T21:27:46","guid":{"rendered":"https:\/\/staging2.stylingagenten.com\/fi\/produkt\/voluspa-classic-candle-french-linen-269g\/"},"modified":"2026-03-11T21:58:28","modified_gmt":"2026-03-11T21:58:28","slug":"voluspa-classic-candle-french-linen-269g","status":"publish","type":"product","link":"https:\/\/stylingagenten.com\/fi\/tuote\/voluspa-classic-candle-french-linen-269g\/","title":{"rendered":"Voluspa Classic Candle French Linen 269g"},"content":{"rendered":"<p>Voluspa Classic Candle French Linen tuoksussa on puuvillakukkia, valkoista setri\u00e4&auml; ja aurinkokuivattu vaniljatanko. Valmistaudu siihen lumoutua t\u00e4st\u00e4 tuoksuvasta haaveesta, joka on saanut inspiraationsa nukahtamisesta vastapestyihin pellavalakanoihin, jotka ovat kuivuneet auringons\u00e4teiden ja lempe\u00e4n tuulen vaikutuksesta.<\/p>\n<p>Paloaika noin 60 tuntia.<\/p>\n","protected":false},"excerpt":{"rendered":"<p>Voluspa Classic Candle French Linen tuoksussa on puuvillakukkia, valkoista setri\u00e4&auml; ja aurinkokuivattu vaniljatanko. Valmistaudu siihen lumoutua t\u00e4st\u00e4 tuoksuvasta haaveesta, joka on saanut inspiraationsa nukahtamisesta vastapestyihin pellavalakanoihin, jotka ovat kuivuneet auringons\u00e4teiden ja lempe\u00e4n tuulen vaikutuksesta. Paloaika noin 60 tuntia.<\/p>\n","protected":false},"featured_media":118416,"comment_status":"open","ping_status":"closed","template":"","meta":{"_trash_the_other_posts":false},"product_brand":[],"product_cat":[1000,999,735,540],"product_tag":[],"berocket_brand":[1208],"class_list":{"0":"post-118434","1":"product","2":"type-product","3":"status-publish","4":"has-post-thumbnail","6":"product_cat-kampanjatarjous-miehelle","7":"product_cat-kampanjatarjous-naiselle","8":"product_cat-kampanjamme","9":"product_cat-duftende-stearinlys","10":"pa_brand-voluspa","11":"berocket_brand-voluspa","13":"first","14":"instock","15":"sale","16":"taxable","17":"shipping-taxable","18":"purchasable","19":"product-type-simple"},"_links":{"self":[{"href":"https:\/\/stylingagenten.com\/fi\/wp-json\/wp\/v2\/product\/118434","targetHints":{"allow":["GET"]}}],"collection":[{"href":"https:\/\/stylingagenten.com\/fi\/wp-json\/wp\/v2\/product"}],"about":[{"href":"https:\/\/stylingagenten.com\/fi\/wp-json\/wp\/v2\/types\/product"}],"replies":[{"embeddable":true,"href":"https:\/\/stylingagenten.com\/fi\/wp-json\/wp\/v2\/comments?post=118434"}],"version-history":[{"count":0,"href":"https:\/\/stylingagenten.com\/fi\/wp-json\/wp\/v2\/product\/118434\/revisions"}],"wp:featuredmedia":[{"embeddable":true,"href":"https:\/\/stylingagenten.com\/fi\/wp-json\/wp\/v2\/media\/118416"}],"wp:attachment":[{"href":"https:\/\/stylingagenten.com\/fi\/wp-json\/wp\/v2\/media?parent=118434"}],"wp:term":[{"taxonomy":"product_brand","embeddable":true,"href":"https:\/\/stylingagenten.com\/fi\/wp-json\/wp\/v2\/product_brand?post=118434"},{"taxonomy":"product_cat","embeddable":true,"href":"https:\/\/stylingagenten.com\/fi\/wp-json\/wp\/v2\/product_cat?post=118434"},{"taxonomy":"product_tag","embeddable":true,"href":"https:\/\/stylingagenten.com\/fi\/wp-json\/wp\/v2\/product_tag?post=118434"},{"taxonomy":"berocket_brand","embeddable":true,"href":"https:\/\/stylingagenten.com\/fi\/wp-json\/wp\/v2\/berocket_brand?post=118434"}],"curies":[{"name":"wp","href":"https:\/\/api.w.org\/{rel}","templated":true}]}}