{"id":118418,"date":"2025-05-18T21:27:44","date_gmt":"2025-05-18T21:27:44","guid":{"rendered":"https:\/\/staging2.stylingagenten.com\/fi\/produkt\/voluspa-petite-jar-moroccan-mint-tea-127g\/"},"modified":"2026-03-11T21:48:56","modified_gmt":"2026-03-11T21:48:56","slug":"voluspa-petite-jar-moroccan-mint-tea-127g","status":"publish","type":"product","link":"https:\/\/stylingagenten.com\/fi\/tuote\/voluspa-petite-jar-moroccan-mint-tea-127g\/","title":{"rendered":"Voluspa Petite Jar Moroccan Mint Tea 127g"},"content":{"rendered":"<p>Voluspa Petite Jar Moroccan Mint Tea sis\u00e4lt\u00e4\u00e4 vihre\u00e4n teen, mintun ja sitruunankuoren aromaattisia vivahteita. Tervetullut helpotus l\u00e4mm\u00f6st\u00e4, marokkolainen minttutee sekoittuu viileisiin ja raikkaisiin sitrushedelmiin sek\u00e4 lehmuskukan, nerolin, jasmiinin ja ylang ylangin j\u00e4nnitt\u00e4v\u00e4sti kukkivaan syd\u00e4meen.<\/p>\n<p>Paloaika noin 40 tuntia.<\/p>\n","protected":false},"excerpt":{"rendered":"<p>Voluspa Petite Jar Moroccan Mint Tea sis\u00e4lt\u00e4\u00e4 vihre\u00e4n teen, mintun ja sitruunankuoren aromaattisia vivahteita. Tervetullut helpotus l\u00e4mm\u00f6st\u00e4, marokkolainen minttutee sekoittuu viileisiin ja raikkaisiin sitrushedelmiin sek\u00e4 lehmuskukan, nerolin, jasmiinin ja ylang ylangin j\u00e4nnitt\u00e4v\u00e4sti kukkivaan syd\u00e4meen. Paloaika noin 40 tuntia.<\/p>\n","protected":false},"featured_media":118412,"comment_status":"open","ping_status":"closed","template":"","meta":{"_trash_the_other_posts":false},"product_brand":[],"product_cat":[1000,999,735,540],"product_tag":[],"berocket_brand":[1208],"class_list":{"0":"post-118418","1":"product","2":"type-product","3":"status-publish","4":"has-post-thumbnail","6":"product_cat-kampanjatarjous-miehelle","7":"product_cat-kampanjatarjous-naiselle","8":"product_cat-kampanjamme","9":"product_cat-duftende-stearinlys","10":"pa_brand-voluspa","11":"berocket_brand-voluspa","13":"first","14":"instock","15":"sale","16":"taxable","17":"shipping-taxable","18":"purchasable","19":"product-type-simple"},"_links":{"self":[{"href":"https:\/\/stylingagenten.com\/fi\/wp-json\/wp\/v2\/product\/118418","targetHints":{"allow":["GET"]}}],"collection":[{"href":"https:\/\/stylingagenten.com\/fi\/wp-json\/wp\/v2\/product"}],"about":[{"href":"https:\/\/stylingagenten.com\/fi\/wp-json\/wp\/v2\/types\/product"}],"replies":[{"embeddable":true,"href":"https:\/\/stylingagenten.com\/fi\/wp-json\/wp\/v2\/comments?post=118418"}],"version-history":[{"count":0,"href":"https:\/\/stylingagenten.com\/fi\/wp-json\/wp\/v2\/product\/118418\/revisions"}],"wp:featuredmedia":[{"embeddable":true,"href":"https:\/\/stylingagenten.com\/fi\/wp-json\/wp\/v2\/media\/118412"}],"wp:attachment":[{"href":"https:\/\/stylingagenten.com\/fi\/wp-json\/wp\/v2\/media?parent=118418"}],"wp:term":[{"taxonomy":"product_brand","embeddable":true,"href":"https:\/\/stylingagenten.com\/fi\/wp-json\/wp\/v2\/product_brand?post=118418"},{"taxonomy":"product_cat","embeddable":true,"href":"https:\/\/stylingagenten.com\/fi\/wp-json\/wp\/v2\/product_cat?post=118418"},{"taxonomy":"product_tag","embeddable":true,"href":"https:\/\/stylingagenten.com\/fi\/wp-json\/wp\/v2\/product_tag?post=118418"},{"taxonomy":"berocket_brand","embeddable":true,"href":"https:\/\/stylingagenten.com\/fi\/wp-json\/wp\/v2\/berocket_brand?post=118418"}],"curies":[{"name":"wp","href":"https:\/\/api.w.org\/{rel}","templated":true}]}}