{"id":118361,"date":"2025-05-18T21:27:31","date_gmt":"2025-05-18T21:27:31","guid":{"rendered":"https:\/\/staging2.stylingagenten.com\/fi\/produkt\/elemis-orangery-candle-210g\/"},"modified":"2026-01-23T09:11:27","modified_gmt":"2026-01-23T09:11:27","slug":"elemis-orangery-candle-210g","status":"publish","type":"product","link":"https:\/\/stylingagenten.com\/fi\/tuote\/elemis-orangery-candle-210g\/","title":{"rendered":"Elemis Orangery Candle 210g"},"content":{"rendered":"<p>T\u00e4ydellinen lahja sukkaan tai huiviin puettavaksi; T\u00e4m\u00e4 vaellushalun inspiroima, k\u00e4sin kaadettu kynttil\u00e4 luo tunnelman juhlavaan keulaan. Upeat appelsiininkukan, nerolin ja petitgrainin aromit valaisevat kotisi kodikkaalla, iloa levitt\u00e4v\u00e4ll\u00e4 hehkulla, joka varmasti miellytt\u00e4\u00e4. Kun se palaa, vieh\u00e4tt\u00e4v\u00e4\u00e4 purkkia voidaan k\u00e4ytt\u00e4\u00e4 uudelleen kukkamaljakona, kyn\u00e4telineen\u00e4 ja kaiken muuna.<\/p>\n<p>Paloaika: 40 tuntia<\/p>\n","protected":false},"excerpt":{"rendered":"<p>T\u00e4ydellinen lahja sukkaan tai huiviin puettavaksi; T\u00e4m\u00e4 vaellushalun inspiroima, k\u00e4sin kaadettu kynttil\u00e4 luo tunnelman juhlavaan keulaan. Upeat appelsiininkukan, nerolin ja petitgrainin aromit valaisevat kotisi kodikkaalla, iloa levitt\u00e4v\u00e4ll\u00e4 hehkulla, joka varmasti miellytt\u00e4\u00e4. Kun se palaa, vieh\u00e4tt\u00e4v\u00e4\u00e4 purkkia voidaan k\u00e4ytt\u00e4\u00e4 uudelleen kukkamaljakona, kyn\u00e4telineen\u00e4 ja kaiken muuna. Paloaika: 40 tuntia<\/p>\n","protected":false},"featured_media":118359,"comment_status":"open","ping_status":"closed","template":"","meta":{"_trash_the_other_posts":false},"product_brand":[],"product_cat":[1005,540],"product_tag":[],"berocket_brand":[1301],"class_list":{"0":"post-118361","1":"product","2":"type-product","3":"status-publish","4":"has-post-thumbnail","6":"product_cat-outlet","7":"product_cat-duftende-stearinlys","8":"pa_brand-elemis","9":"berocket_brand-elemis","11":"first","12":"instock","13":"sale","14":"taxable","15":"shipping-taxable","16":"purchasable","17":"product-type-simple"},"_links":{"self":[{"href":"https:\/\/stylingagenten.com\/fi\/wp-json\/wp\/v2\/product\/118361","targetHints":{"allow":["GET"]}}],"collection":[{"href":"https:\/\/stylingagenten.com\/fi\/wp-json\/wp\/v2\/product"}],"about":[{"href":"https:\/\/stylingagenten.com\/fi\/wp-json\/wp\/v2\/types\/product"}],"replies":[{"embeddable":true,"href":"https:\/\/stylingagenten.com\/fi\/wp-json\/wp\/v2\/comments?post=118361"}],"version-history":[{"count":0,"href":"https:\/\/stylingagenten.com\/fi\/wp-json\/wp\/v2\/product\/118361\/revisions"}],"wp:featuredmedia":[{"embeddable":true,"href":"https:\/\/stylingagenten.com\/fi\/wp-json\/wp\/v2\/media\/118359"}],"wp:attachment":[{"href":"https:\/\/stylingagenten.com\/fi\/wp-json\/wp\/v2\/media?parent=118361"}],"wp:term":[{"taxonomy":"product_brand","embeddable":true,"href":"https:\/\/stylingagenten.com\/fi\/wp-json\/wp\/v2\/product_brand?post=118361"},{"taxonomy":"product_cat","embeddable":true,"href":"https:\/\/stylingagenten.com\/fi\/wp-json\/wp\/v2\/product_cat?post=118361"},{"taxonomy":"product_tag","embeddable":true,"href":"https:\/\/stylingagenten.com\/fi\/wp-json\/wp\/v2\/product_tag?post=118361"},{"taxonomy":"berocket_brand","embeddable":true,"href":"https:\/\/stylingagenten.com\/fi\/wp-json\/wp\/v2\/berocket_brand?post=118361"}],"curies":[{"name":"wp","href":"https:\/\/api.w.org\/{rel}","templated":true}]}}