{"id":118356,"date":"2025-05-18T21:27:30","date_gmt":"2025-05-18T21:27:30","guid":{"rendered":"https:\/\/staging2.stylingagenten.com\/fi\/produkt\/elemis-rose-arbour-candle-210g\/"},"modified":"2026-02-06T13:36:30","modified_gmt":"2026-02-06T13:36:30","slug":"elemis-rose-arbour-candle-210g","status":"publish","type":"product","link":"https:\/\/stylingagenten.com\/fi\/tuote\/elemis-rose-arbour-candle-210g\/","title":{"rendered":"Elemis Rose Arbour Candle 210g"},"content":{"rendered":"<p>Annoitpa sitten erityisen lahjan tai hemmottelet itse\u00e4si, t\u00e4ss\u00e4 upeassa rajoitetun er\u00e4n hohtoaineessa on kaikki mit\u00e4 tarvitset upean ilmeen luomiseen nuotion \u00e4\u00e4ress\u00e4. T\u00e4m\u00e4 hieno k\u00e4sik\u00e4ytt\u00f6inen kynttil\u00e4 ymp\u00e4r\u00f6i huoneen rentouttavan aromin rauhoittavalla ruusulla, jota pehment\u00e4\u00e4 l\u00e4mmitt\u00e4v\u00e4 meripihka ja myski sek\u00e4 eksoottisen Oudin ja mausteen syd\u00e4n. Sill\u00e4 on palamisaika 40 tuntia ja kun se on palanut kokonaan, koristeellista ydint\u00e4 voidaan k\u00e4ytt\u00e4\u00e4 uudelleen muistina meikkisiveltimille tai -tarvikkeille.<\/p>\n<p>Paloaika: 40 tuntia <\/p>\n","protected":false},"excerpt":{"rendered":"<p>Annoitpa sitten erityisen lahjan tai hemmottelet itse\u00e4si, t\u00e4ss\u00e4 upeassa rajoitetun er\u00e4n hohtoaineessa on kaikki mit\u00e4 tarvitset upean ilmeen luomiseen nuotion \u00e4\u00e4ress\u00e4. T\u00e4m\u00e4 hieno k\u00e4sik\u00e4ytt\u00f6inen kynttil\u00e4 ymp\u00e4r\u00f6i huoneen rentouttavan aromin rauhoittavalla ruusulla, jota pehment\u00e4\u00e4 l\u00e4mmitt\u00e4v\u00e4 meripihka ja myski sek\u00e4 eksoottisen Oudin ja mausteen syd\u00e4n. Sill\u00e4 on palamisaika 40 tuntia ja kun se on palanut kokonaan, koristeellista [&hellip;]<\/p>\n","protected":false},"featured_media":118354,"comment_status":"open","ping_status":"closed","template":"","meta":{"_trash_the_other_posts":false},"product_brand":[],"product_cat":[1005,540],"product_tag":[],"berocket_brand":[1301],"class_list":{"0":"post-118356","1":"product","2":"type-product","3":"status-publish","4":"has-post-thumbnail","6":"product_cat-outlet","7":"product_cat-duftende-stearinlys","8":"pa_brand-elemis","9":"berocket_brand-elemis","11":"first","12":"instock","13":"sale","14":"taxable","15":"shipping-taxable","16":"purchasable","17":"product-type-simple"},"_links":{"self":[{"href":"https:\/\/stylingagenten.com\/fi\/wp-json\/wp\/v2\/product\/118356","targetHints":{"allow":["GET"]}}],"collection":[{"href":"https:\/\/stylingagenten.com\/fi\/wp-json\/wp\/v2\/product"}],"about":[{"href":"https:\/\/stylingagenten.com\/fi\/wp-json\/wp\/v2\/types\/product"}],"replies":[{"embeddable":true,"href":"https:\/\/stylingagenten.com\/fi\/wp-json\/wp\/v2\/comments?post=118356"}],"version-history":[{"count":0,"href":"https:\/\/stylingagenten.com\/fi\/wp-json\/wp\/v2\/product\/118356\/revisions"}],"wp:featuredmedia":[{"embeddable":true,"href":"https:\/\/stylingagenten.com\/fi\/wp-json\/wp\/v2\/media\/118354"}],"wp:attachment":[{"href":"https:\/\/stylingagenten.com\/fi\/wp-json\/wp\/v2\/media?parent=118356"}],"wp:term":[{"taxonomy":"product_brand","embeddable":true,"href":"https:\/\/stylingagenten.com\/fi\/wp-json\/wp\/v2\/product_brand?post=118356"},{"taxonomy":"product_cat","embeddable":true,"href":"https:\/\/stylingagenten.com\/fi\/wp-json\/wp\/v2\/product_cat?post=118356"},{"taxonomy":"product_tag","embeddable":true,"href":"https:\/\/stylingagenten.com\/fi\/wp-json\/wp\/v2\/product_tag?post=118356"},{"taxonomy":"berocket_brand","embeddable":true,"href":"https:\/\/stylingagenten.com\/fi\/wp-json\/wp\/v2\/berocket_brand?post=118356"}],"curies":[{"name":"wp","href":"https:\/\/api.w.org\/{rel}","templated":true}]}}