{"id":117600,"date":"2025-05-18T21:24:37","date_gmt":"2025-05-18T21:24:37","guid":{"rendered":"https:\/\/staging2.stylingagenten.com\/fi\/produkt\/woodwick-ellipse-gilded-sands\/"},"modified":"2026-03-11T21:58:37","modified_gmt":"2026-03-11T21:58:37","slug":"woodwick-ellipse-gilded-sands","status":"publish","type":"product","link":"https:\/\/stylingagenten.com\/fi\/tuote\/woodwick-ellipse-gilded-sands\/","title":{"rendered":"WoodWick Ellipse &#8211; Gilded Sands"},"content":{"rendered":"<p>WoodWick Ellipse \u2013 Gilded Sands<\/p>\n<p>Tuoksu, joka vie sinut Egyptin pyramidien k\u00e4tkettyjen aarteiden luo. Yll\u00e4tt\u00e4v\u00e4 ylellisyyden ja ylt\u00e4kyll\u00e4isyyden tunne kuivassa hiekan t\u00e4ytt\u00e4m\u00e4ss\u00e4 maisemassa. L\u00e4mmin autiomaailma sekoittuu viikunapuun ja guajakkipuun aromeihin \u2013 yhdess\u00e4 ne ilment\u00e4v\u00e4t mystiikkaa, jota vain historialliset ymp\u00e4rist\u00f6t voivat tarjota.<\/p>\n<p>Alkutuoksu: Bergamotti, Viikuna, Pippuri<br \/>\n<br \/>Syd\u00e4ntuoksu: Jasmiininkukka, Autiomaailma, Vetiverhein\u00e4<br \/>\n<br \/>Pohjatuoksu: Meripihkahiekka, Elemihunaja, Guajakkipuu<\/p>\n<p>Ellipse-palamisaika: Noin 50 tuntia.<\/p>\n","protected":false},"excerpt":{"rendered":"<p>WoodWick Ellipse \u2013 Gilded Sands Tuoksu, joka vie sinut Egyptin pyramidien k\u00e4tkettyjen aarteiden luo. Yll\u00e4tt\u00e4v\u00e4 ylellisyyden ja ylt\u00e4kyll\u00e4isyyden tunne kuivassa hiekan t\u00e4ytt\u00e4m\u00e4ss\u00e4 maisemassa. L\u00e4mmin autiomaailma sekoittuu viikunapuun ja guajakkipuun aromeihin \u2013 yhdess\u00e4 ne ilment\u00e4v\u00e4t mystiikkaa, jota vain historialliset ymp\u00e4rist\u00f6t voivat tarjota. Alkutuoksu: Bergamotti, Viikuna, Pippuri Syd\u00e4ntuoksu: Jasmiininkukka, Autiomaailma, Vetiverhein\u00e4 Pohjatuoksu: Meripihkahiekka, Elemihunaja, Guajakkipuu Ellipse-palamisaika: Noin [&hellip;]<\/p>\n","protected":false},"featured_media":117593,"comment_status":"open","ping_status":"closed","template":"","meta":{"_trash_the_other_posts":false},"product_brand":[],"product_cat":[1000,999,735,540],"product_tag":[],"berocket_brand":[1375],"class_list":{"0":"post-117600","1":"product","2":"type-product","3":"status-publish","4":"has-post-thumbnail","6":"product_cat-kampanjatarjous-miehelle","7":"product_cat-kampanjatarjous-naiselle","8":"product_cat-kampanjamme","9":"product_cat-duftende-stearinlys","10":"pa_brand-woodwick","11":"berocket_brand-woodwick","13":"first","14":"instock","15":"sale","16":"taxable","17":"shipping-taxable","18":"purchasable","19":"product-type-simple"},"_links":{"self":[{"href":"https:\/\/stylingagenten.com\/fi\/wp-json\/wp\/v2\/product\/117600","targetHints":{"allow":["GET"]}}],"collection":[{"href":"https:\/\/stylingagenten.com\/fi\/wp-json\/wp\/v2\/product"}],"about":[{"href":"https:\/\/stylingagenten.com\/fi\/wp-json\/wp\/v2\/types\/product"}],"replies":[{"embeddable":true,"href":"https:\/\/stylingagenten.com\/fi\/wp-json\/wp\/v2\/comments?post=117600"}],"version-history":[{"count":0,"href":"https:\/\/stylingagenten.com\/fi\/wp-json\/wp\/v2\/product\/117600\/revisions"}],"wp:featuredmedia":[{"embeddable":true,"href":"https:\/\/stylingagenten.com\/fi\/wp-json\/wp\/v2\/media\/117593"}],"wp:attachment":[{"href":"https:\/\/stylingagenten.com\/fi\/wp-json\/wp\/v2\/media?parent=117600"}],"wp:term":[{"taxonomy":"product_brand","embeddable":true,"href":"https:\/\/stylingagenten.com\/fi\/wp-json\/wp\/v2\/product_brand?post=117600"},{"taxonomy":"product_cat","embeddable":true,"href":"https:\/\/stylingagenten.com\/fi\/wp-json\/wp\/v2\/product_cat?post=117600"},{"taxonomy":"product_tag","embeddable":true,"href":"https:\/\/stylingagenten.com\/fi\/wp-json\/wp\/v2\/product_tag?post=117600"},{"taxonomy":"berocket_brand","embeddable":true,"href":"https:\/\/stylingagenten.com\/fi\/wp-json\/wp\/v2\/berocket_brand?post=117600"}],"curies":[{"name":"wp","href":"https:\/\/api.w.org\/{rel}","templated":true}]}}