{"id":117438,"date":"2025-05-18T21:24:15","date_gmt":"2025-05-18T21:24:15","guid":{"rendered":"https:\/\/staging2.stylingagenten.com\/fi\/produkt\/carolina-herrera-212-men-deo-spray-150ml\/"},"modified":"2025-11-19T11:19:02","modified_gmt":"2025-11-19T11:19:02","slug":"carolina-herrera-212-men-deo-spray-150ml","status":"publish","type":"product","link":"https:\/\/stylingagenten.com\/fi\/tuote\/carolina-herrera-212-men-deo-spray-150ml\/","title":{"rendered":"Carolina Herrera 212 Men Deo Spray 150ml"},"content":{"rendered":"<p>212 Men NYC Deo Spraylla on yll\u00e4tt\u00e4v\u00e4 ja eritt\u00e4in houkutteleva tuoksu.<br \/>L\u00e4mmin maskuliinisuuden ja energisen vihre\u00e4n raikkauden kontrastin ansiosta t\u00e4st\u00e4 tuoksusta tulee vastustamaton.<br \/>Erillinen ja hienovarainen luo innovatiivisuutta ja eleganssia, joka esitet\u00e4\u00e4n. t\u00e4ss\u00e4 puisessa tuoksussa.<\/p>\n","protected":false},"excerpt":{"rendered":"<p>212 Men NYC Deo Spraylla on yll\u00e4tt\u00e4v\u00e4 ja eritt\u00e4in houkutteleva tuoksu.L\u00e4mmin maskuliinisuuden ja energisen vihre\u00e4n raikkauden kontrastin ansiosta t\u00e4st\u00e4 tuoksusta tulee vastustamaton.Erillinen ja hienovarainen luo innovatiivisuutta ja eleganssia, joka esitet\u00e4\u00e4n. t\u00e4ss\u00e4 puisessa tuoksussa.<\/p>\n","protected":false},"featured_media":117436,"comment_status":"open","ping_status":"closed","template":"","meta":{"_trash_the_other_posts":false},"product_brand":[],"product_cat":[722],"product_tag":[],"berocket_brand":[1099],"class_list":{"0":"post-117438","1":"product","2":"type-product","3":"status-publish","4":"has-post-thumbnail","6":"product_cat-deo-spray-miehet","7":"pa_brand-carolina-herrera","8":"berocket_brand-carolina-herrera","10":"first","11":"outofstock","12":"sale","13":"taxable","14":"shipping-taxable","15":"purchasable","16":"product-type-simple"},"_links":{"self":[{"href":"https:\/\/stylingagenten.com\/fi\/wp-json\/wp\/v2\/product\/117438","targetHints":{"allow":["GET"]}}],"collection":[{"href":"https:\/\/stylingagenten.com\/fi\/wp-json\/wp\/v2\/product"}],"about":[{"href":"https:\/\/stylingagenten.com\/fi\/wp-json\/wp\/v2\/types\/product"}],"replies":[{"embeddable":true,"href":"https:\/\/stylingagenten.com\/fi\/wp-json\/wp\/v2\/comments?post=117438"}],"version-history":[{"count":0,"href":"https:\/\/stylingagenten.com\/fi\/wp-json\/wp\/v2\/product\/117438\/revisions"}],"wp:featuredmedia":[{"embeddable":true,"href":"https:\/\/stylingagenten.com\/fi\/wp-json\/wp\/v2\/media\/117436"}],"wp:attachment":[{"href":"https:\/\/stylingagenten.com\/fi\/wp-json\/wp\/v2\/media?parent=117438"}],"wp:term":[{"taxonomy":"product_brand","embeddable":true,"href":"https:\/\/stylingagenten.com\/fi\/wp-json\/wp\/v2\/product_brand?post=117438"},{"taxonomy":"product_cat","embeddable":true,"href":"https:\/\/stylingagenten.com\/fi\/wp-json\/wp\/v2\/product_cat?post=117438"},{"taxonomy":"product_tag","embeddable":true,"href":"https:\/\/stylingagenten.com\/fi\/wp-json\/wp\/v2\/product_tag?post=117438"},{"taxonomy":"berocket_brand","embeddable":true,"href":"https:\/\/stylingagenten.com\/fi\/wp-json\/wp\/v2\/berocket_brand?post=117438"}],"curies":[{"name":"wp","href":"https:\/\/api.w.org\/{rel}","templated":true}]}}