{"id":117410,"date":"2025-05-18T21:24:09","date_gmt":"2025-05-18T21:24:09","guid":{"rendered":"https:\/\/staging2.stylingagenten.com\/fi\/produkt\/david-beckham-intimately-for-him-deo-spray-150ml\/"},"modified":"2026-03-16T20:07:52","modified_gmt":"2026-03-16T20:07:52","slug":"david-beckham-intimately-for-him-deo-spray-150ml","status":"publish","type":"product","link":"https:\/\/stylingagenten.com\/fi\/tuote\/david-beckham-intimately-for-him-deo-spray-150ml\/","title":{"rendered":"David Beckham Intimately For Him Deo Spray 150ml"},"content":{"rendered":"<p>David Beckham Intimately For Him on moderni parfyymi, jossa on puumainen ja mausteinen tuoksu, joka s\u00e4teilee l\u00e4mp\u00f6\u00e4 ja aistillisuutta.<\/p>\n<p><strong>Tuoksutuoksu:<\/strong> bergamotti, greippi, kardemumma, orvokki, muskottip\u00e4hkin\u00e4, t\u00e4htianista, santelipuu, patsuli ja meripihka.<\/p>\n","protected":false},"excerpt":{"rendered":"<p>David Beckham Intimately For Him on moderni parfyymi, jossa on puumainen ja mausteinen tuoksu, joka s\u00e4teilee l\u00e4mp\u00f6\u00e4 ja aistillisuutta. Tuoksutuoksu: bergamotti, greippi, kardemumma, orvokki, muskottip\u00e4hkin\u00e4, t\u00e4htianista, santelipuu, patsuli ja meripihka.<\/p>\n","protected":false},"featured_media":117409,"comment_status":"open","ping_status":"closed","template":"","meta":{"_trash_the_other_posts":false},"product_brand":[],"product_cat":[752,722,1000,735],"product_tag":[],"berocket_brand":[1281],"class_list":{"0":"post-117410","1":"product","2":"type-product","3":"status-publish","4":"has-post-thumbnail","6":"product_cat-david-beckham-intimately","7":"product_cat-deo-spray-miehet","8":"product_cat-kampanjatarjous-miehelle","9":"product_cat-kampanjamme","10":"pa_brand-david-beckham","11":"berocket_brand-david-beckham","13":"first","14":"outofstock","15":"sale","16":"taxable","17":"shipping-taxable","18":"purchasable","19":"product-type-simple"},"_links":{"self":[{"href":"https:\/\/stylingagenten.com\/fi\/wp-json\/wp\/v2\/product\/117410","targetHints":{"allow":["GET"]}}],"collection":[{"href":"https:\/\/stylingagenten.com\/fi\/wp-json\/wp\/v2\/product"}],"about":[{"href":"https:\/\/stylingagenten.com\/fi\/wp-json\/wp\/v2\/types\/product"}],"replies":[{"embeddable":true,"href":"https:\/\/stylingagenten.com\/fi\/wp-json\/wp\/v2\/comments?post=117410"}],"version-history":[{"count":0,"href":"https:\/\/stylingagenten.com\/fi\/wp-json\/wp\/v2\/product\/117410\/revisions"}],"wp:featuredmedia":[{"embeddable":true,"href":"https:\/\/stylingagenten.com\/fi\/wp-json\/wp\/v2\/media\/117409"}],"wp:attachment":[{"href":"https:\/\/stylingagenten.com\/fi\/wp-json\/wp\/v2\/media?parent=117410"}],"wp:term":[{"taxonomy":"product_brand","embeddable":true,"href":"https:\/\/stylingagenten.com\/fi\/wp-json\/wp\/v2\/product_brand?post=117410"},{"taxonomy":"product_cat","embeddable":true,"href":"https:\/\/stylingagenten.com\/fi\/wp-json\/wp\/v2\/product_cat?post=117410"},{"taxonomy":"product_tag","embeddable":true,"href":"https:\/\/stylingagenten.com\/fi\/wp-json\/wp\/v2\/product_tag?post=117410"},{"taxonomy":"berocket_brand","embeddable":true,"href":"https:\/\/stylingagenten.com\/fi\/wp-json\/wp\/v2\/berocket_brand?post=117410"}],"curies":[{"name":"wp","href":"https:\/\/api.w.org\/{rel}","templated":true}]}}