{"id":117304,"date":"2025-05-18T21:23:50","date_gmt":"2025-05-18T21:23:50","guid":{"rendered":"https:\/\/staging2.stylingagenten.com\/fi\/produkt\/dior-sauvage-deospray-150ml\/"},"modified":"2026-03-11T22:00:18","modified_gmt":"2026-03-11T22:00:18","slug":"dior-sauvage-deospray-150ml","status":"publish","type":"product","link":"https:\/\/stylingagenten.com\/fi\/tuote\/dior-sauvage-deospray-150ml\/","title":{"rendered":"Dior Sauvage Deospray 150ml"},"content":{"rendered":"<p>Dior Sauvage on moderni ja aromaattinen tuoksu, joka koostuu \u00e4\u00e4rimm\u00e4isen ja tarkan laadun ainesosista. Diorin ainutlaatuinen luomus maskuliinisella ja mieleenpainuvalla allekirjoituksella.<\/p>\n<p><strong>Tuoksutuoksu:<\/strong> bergamotti, laventeli, patsuli &amp; ambroksaani.<\/p>\n","protected":false},"excerpt":{"rendered":"<p>Dior Sauvage on moderni ja aromaattinen tuoksu, joka koostuu \u00e4\u00e4rimm\u00e4isen ja tarkan laadun ainesosista. Diorin ainutlaatuinen luomus maskuliinisella ja mieleenpainuvalla allekirjoituksella. Tuoksutuoksu: bergamotti, laventeli, patsuli &amp; ambroksaani.<\/p>\n","protected":false},"featured_media":117303,"comment_status":"open","ping_status":"closed","template":"","meta":{"_trash_the_other_posts":false},"product_brand":[],"product_cat":[722,831,1006,1000,735],"product_tag":[],"berocket_brand":[1289],"class_list":{"0":"post-117304","1":"product","2":"type-product","3":"status-publish","4":"has-post-thumbnail","6":"product_cat-deo-spray-miehet","7":"product_cat-dior-sauvage","8":"product_cat-kampanjahinta","9":"product_cat-kampanjatarjous-miehelle","10":"product_cat-kampanjamme","11":"pa_brand-dior","12":"berocket_brand-dior","14":"first","15":"instock","16":"sale","17":"taxable","18":"shipping-taxable","19":"purchasable","20":"product-type-simple"},"_links":{"self":[{"href":"https:\/\/stylingagenten.com\/fi\/wp-json\/wp\/v2\/product\/117304","targetHints":{"allow":["GET"]}}],"collection":[{"href":"https:\/\/stylingagenten.com\/fi\/wp-json\/wp\/v2\/product"}],"about":[{"href":"https:\/\/stylingagenten.com\/fi\/wp-json\/wp\/v2\/types\/product"}],"replies":[{"embeddable":true,"href":"https:\/\/stylingagenten.com\/fi\/wp-json\/wp\/v2\/comments?post=117304"}],"version-history":[{"count":0,"href":"https:\/\/stylingagenten.com\/fi\/wp-json\/wp\/v2\/product\/117304\/revisions"}],"wp:featuredmedia":[{"embeddable":true,"href":"https:\/\/stylingagenten.com\/fi\/wp-json\/wp\/v2\/media\/117303"}],"wp:attachment":[{"href":"https:\/\/stylingagenten.com\/fi\/wp-json\/wp\/v2\/media?parent=117304"}],"wp:term":[{"taxonomy":"product_brand","embeddable":true,"href":"https:\/\/stylingagenten.com\/fi\/wp-json\/wp\/v2\/product_brand?post=117304"},{"taxonomy":"product_cat","embeddable":true,"href":"https:\/\/stylingagenten.com\/fi\/wp-json\/wp\/v2\/product_cat?post=117304"},{"taxonomy":"product_tag","embeddable":true,"href":"https:\/\/stylingagenten.com\/fi\/wp-json\/wp\/v2\/product_tag?post=117304"},{"taxonomy":"berocket_brand","embeddable":true,"href":"https:\/\/stylingagenten.com\/fi\/wp-json\/wp\/v2\/berocket_brand?post=117304"}],"curies":[{"name":"wp","href":"https:\/\/api.w.org\/{rel}","templated":true}]}}