{"id":117225,"date":"2025-05-18T21:23:34","date_gmt":"2025-05-18T21:23:34","guid":{"rendered":"https:\/\/staging2.stylingagenten.com\/fi\/produkt\/jean-paul-gaultier-scandal-pour-homme-deodorant-spray-150ml\/"},"modified":"2026-03-30T20:17:25","modified_gmt":"2026-03-30T20:17:25","slug":"jean-paul-gaultier-scandal-pour-homme-deodorant-spray-150ml","status":"publish","type":"product","link":"https:\/\/stylingagenten.com\/fi\/tuote\/jean-paul-gaultier-scandal-pour-homme-deodorant-spray-150ml\/","title":{"rendered":"Jean Paul Gaultier Scandal Pour Homme Deodorant Spray 150ml"},"content":{"rendered":"<p>T\u00e4m\u00e4 urheilullinen deodoranttisuihke pident\u00e4\u00e4 Scandal Pour Hommen tuoksua viriilill\u00e4 ja aistillisella riippuvuudella. Pitk\u00e4kestoinen, alkoholiton suoja, joka antaa sinulle raikkaan mukavuuden tunteen koko p\u00e4iv\u00e4n ajan.<\/p>\n","protected":false},"excerpt":{"rendered":"<p>T\u00e4m\u00e4 urheilullinen deodoranttisuihke pident\u00e4\u00e4 Scandal Pour Hommen tuoksua viriilill\u00e4 ja aistillisella riippuvuudella. Pitk\u00e4kestoinen, alkoholiton suoja, joka antaa sinulle raikkaan mukavuuden tunteen koko p\u00e4iv\u00e4n ajan.<\/p>\n","protected":false},"featured_media":117224,"comment_status":"open","ping_status":"closed","template":"","meta":{"_trash_the_other_posts":false},"product_brand":[],"product_cat":[722],"product_tag":[],"berocket_brand":[1353],"class_list":{"0":"post-117225","1":"product","2":"type-product","3":"status-publish","4":"has-post-thumbnail","6":"product_cat-deo-spray-miehet","7":"pa_brand-jean-paul-gaultier","8":"berocket_brand-jean-paul-gaultier","10":"first","11":"instock","12":"taxable","13":"shipping-taxable","14":"purchasable","15":"product-type-simple"},"_links":{"self":[{"href":"https:\/\/stylingagenten.com\/fi\/wp-json\/wp\/v2\/product\/117225","targetHints":{"allow":["GET"]}}],"collection":[{"href":"https:\/\/stylingagenten.com\/fi\/wp-json\/wp\/v2\/product"}],"about":[{"href":"https:\/\/stylingagenten.com\/fi\/wp-json\/wp\/v2\/types\/product"}],"replies":[{"embeddable":true,"href":"https:\/\/stylingagenten.com\/fi\/wp-json\/wp\/v2\/comments?post=117225"}],"version-history":[{"count":0,"href":"https:\/\/stylingagenten.com\/fi\/wp-json\/wp\/v2\/product\/117225\/revisions"}],"wp:featuredmedia":[{"embeddable":true,"href":"https:\/\/stylingagenten.com\/fi\/wp-json\/wp\/v2\/media\/117224"}],"wp:attachment":[{"href":"https:\/\/stylingagenten.com\/fi\/wp-json\/wp\/v2\/media?parent=117225"}],"wp:term":[{"taxonomy":"product_brand","embeddable":true,"href":"https:\/\/stylingagenten.com\/fi\/wp-json\/wp\/v2\/product_brand?post=117225"},{"taxonomy":"product_cat","embeddable":true,"href":"https:\/\/stylingagenten.com\/fi\/wp-json\/wp\/v2\/product_cat?post=117225"},{"taxonomy":"product_tag","embeddable":true,"href":"https:\/\/stylingagenten.com\/fi\/wp-json\/wp\/v2\/product_tag?post=117225"},{"taxonomy":"berocket_brand","embeddable":true,"href":"https:\/\/stylingagenten.com\/fi\/wp-json\/wp\/v2\/berocket_brand?post=117225"}],"curies":[{"name":"wp","href":"https:\/\/api.w.org\/{rel}","templated":true}]}}