{"id":117189,"date":"2025-05-18T21:23:27","date_gmt":"2025-05-18T21:23:27","guid":{"rendered":"https:\/\/staging2.stylingagenten.com\/fi\/produkt\/cerruti-1881-pour-homme-deo-spray-150ml\/"},"modified":"2026-04-01T07:38:56","modified_gmt":"2026-04-01T07:38:56","slug":"cerruti-1881-pour-homme-deo-spray-150ml","status":"publish","type":"product","link":"https:\/\/stylingagenten.com\/fi\/tuote\/cerruti-1881-pour-homme-deo-spray-150ml\/","title":{"rendered":"Cerruti 1881 Pour Homme Deo Spray 150ml"},"content":{"rendered":"<p>Cerrutti 1881 For Men on aromaattinen ja puinen parfyymi, jossa on maskuliininen mausteinen luonne, joka antaa sinulle klassisen, raikkaan ja puhtaan auran. Ihana miespuolinen deosuihke, joka kest\u00e4\u00e4 koko p\u00e4iv\u00e4n. <\/p>\n<p>Tuoksutuoksu: bergamotti, kataja, galbanum, neilikka, laventeli, mustaherukka, ylang-ylang, Maybells, vetiveria\u00f6ljy, santelipuu, setri, tamm sammal &amp; patsuli.<\/p>\n","protected":false},"excerpt":{"rendered":"<p>Cerrutti 1881 For Men on aromaattinen ja puinen parfyymi, jossa on maskuliininen mausteinen luonne, joka antaa sinulle klassisen, raikkaan ja puhtaan auran. Ihana miespuolinen deosuihke, joka kest\u00e4\u00e4 koko p\u00e4iv\u00e4n. Tuoksutuoksu: bergamotti, kataja, galbanum, neilikka, laventeli, mustaherukka, ylang-ylang, Maybells, vetiveria\u00f6ljy, santelipuu, setri, tamm sammal &amp; patsuli.<\/p>\n","protected":false},"featured_media":117185,"comment_status":"open","ping_status":"closed","template":"","meta":{"_trash_the_other_posts":false},"product_brand":[],"product_cat":[722,1000,735],"product_tag":[],"berocket_brand":[1075],"class_list":{"0":"post-117189","1":"product","2":"type-product","3":"status-publish","4":"has-post-thumbnail","6":"product_cat-deo-spray-miehet","7":"product_cat-kampanjatarjous-miehelle","8":"product_cat-kampanjamme","9":"pa_brand-cerruti","10":"berocket_brand-cerruti","12":"first","13":"instock","14":"sale","15":"taxable","16":"shipping-taxable","17":"purchasable","18":"product-type-simple"},"_links":{"self":[{"href":"https:\/\/stylingagenten.com\/fi\/wp-json\/wp\/v2\/product\/117189","targetHints":{"allow":["GET"]}}],"collection":[{"href":"https:\/\/stylingagenten.com\/fi\/wp-json\/wp\/v2\/product"}],"about":[{"href":"https:\/\/stylingagenten.com\/fi\/wp-json\/wp\/v2\/types\/product"}],"replies":[{"embeddable":true,"href":"https:\/\/stylingagenten.com\/fi\/wp-json\/wp\/v2\/comments?post=117189"}],"version-history":[{"count":0,"href":"https:\/\/stylingagenten.com\/fi\/wp-json\/wp\/v2\/product\/117189\/revisions"}],"wp:featuredmedia":[{"embeddable":true,"href":"https:\/\/stylingagenten.com\/fi\/wp-json\/wp\/v2\/media\/117185"}],"wp:attachment":[{"href":"https:\/\/stylingagenten.com\/fi\/wp-json\/wp\/v2\/media?parent=117189"}],"wp:term":[{"taxonomy":"product_brand","embeddable":true,"href":"https:\/\/stylingagenten.com\/fi\/wp-json\/wp\/v2\/product_brand?post=117189"},{"taxonomy":"product_cat","embeddable":true,"href":"https:\/\/stylingagenten.com\/fi\/wp-json\/wp\/v2\/product_cat?post=117189"},{"taxonomy":"product_tag","embeddable":true,"href":"https:\/\/stylingagenten.com\/fi\/wp-json\/wp\/v2\/product_tag?post=117189"},{"taxonomy":"berocket_brand","embeddable":true,"href":"https:\/\/stylingagenten.com\/fi\/wp-json\/wp\/v2\/berocket_brand?post=117189"}],"curies":[{"name":"wp","href":"https:\/\/api.w.org\/{rel}","templated":true}]}}