{"id":117160,"date":"2025-05-18T21:23:21","date_gmt":"2025-05-18T21:23:21","guid":{"rendered":"https:\/\/staging2.stylingagenten.com\/fi\/produkt\/acqua-di-parma-colonia-deodorant-spray-150ml\/"},"modified":"2026-03-30T13:35:12","modified_gmt":"2026-03-30T13:35:12","slug":"acqua-di-parma-colonia-deodorant-spray-150ml","status":"publish","type":"product","link":"https:\/\/stylingagenten.com\/fi\/tuote\/acqua-di-parma-colonia-deodorant-spray-150ml\/","title":{"rendered":"Acqua di Parma Colonia Deodorant Spray 150ml"},"content":{"rendered":"<p>Acqua di Parman luomalla Colonia-kokoelman deodorantilla on pitk\u00e4kestoinen vaikutus ja se on hell\u00e4varaisesti hajustettu Colonia-esanssilla, joka takaa v\u00e4litt\u00f6m\u00e4n raikkauden.<br \/>Colonia-deodorantin aktiivisen koostumuksen ansiosta pysyt raikkaana koko p\u00e4iv\u00e4n . T\u00e4lle deodoranttisuihkeelle on ominaista miellytt\u00e4v\u00e4 Colonia-tuoksu ja se takaa miellytt\u00e4v\u00e4n suojan my\u00f6s herk\u00e4lle iholle.<\/p>\n","protected":false},"excerpt":{"rendered":"<p>Acqua di Parman luomalla Colonia-kokoelman deodorantilla on pitk\u00e4kestoinen vaikutus ja se on hell\u00e4varaisesti hajustettu Colonia-esanssilla, joka takaa v\u00e4litt\u00f6m\u00e4n raikkauden.Colonia-deodorantin aktiivisen koostumuksen ansiosta pysyt raikkaana koko p\u00e4iv\u00e4n . T\u00e4lle deodoranttisuihkeelle on ominaista miellytt\u00e4v\u00e4 Colonia-tuoksu ja se takaa miellytt\u00e4v\u00e4n suojan my\u00f6s herk\u00e4lle iholle.<\/p>\n","protected":false},"featured_media":117157,"comment_status":"open","ping_status":"closed","template":"","meta":{"_trash_the_other_posts":false},"product_brand":[],"product_cat":[722,1000,735],"product_tag":[],"berocket_brand":[1161],"class_list":{"0":"post-117160","1":"product","2":"type-product","3":"status-publish","4":"has-post-thumbnail","6":"product_cat-deo-spray-miehet","7":"product_cat-kampanjatarjous-miehelle","8":"product_cat-kampanjamme","9":"pa_brand-acqua-di-parma","10":"berocket_brand-acqua-di-parma","12":"first","13":"instock","14":"sale","15":"taxable","16":"shipping-taxable","17":"purchasable","18":"product-type-simple"},"_links":{"self":[{"href":"https:\/\/stylingagenten.com\/fi\/wp-json\/wp\/v2\/product\/117160","targetHints":{"allow":["GET"]}}],"collection":[{"href":"https:\/\/stylingagenten.com\/fi\/wp-json\/wp\/v2\/product"}],"about":[{"href":"https:\/\/stylingagenten.com\/fi\/wp-json\/wp\/v2\/types\/product"}],"replies":[{"embeddable":true,"href":"https:\/\/stylingagenten.com\/fi\/wp-json\/wp\/v2\/comments?post=117160"}],"version-history":[{"count":0,"href":"https:\/\/stylingagenten.com\/fi\/wp-json\/wp\/v2\/product\/117160\/revisions"}],"wp:featuredmedia":[{"embeddable":true,"href":"https:\/\/stylingagenten.com\/fi\/wp-json\/wp\/v2\/media\/117157"}],"wp:attachment":[{"href":"https:\/\/stylingagenten.com\/fi\/wp-json\/wp\/v2\/media?parent=117160"}],"wp:term":[{"taxonomy":"product_brand","embeddable":true,"href":"https:\/\/stylingagenten.com\/fi\/wp-json\/wp\/v2\/product_brand?post=117160"},{"taxonomy":"product_cat","embeddable":true,"href":"https:\/\/stylingagenten.com\/fi\/wp-json\/wp\/v2\/product_cat?post=117160"},{"taxonomy":"product_tag","embeddable":true,"href":"https:\/\/stylingagenten.com\/fi\/wp-json\/wp\/v2\/product_tag?post=117160"},{"taxonomy":"berocket_brand","embeddable":true,"href":"https:\/\/stylingagenten.com\/fi\/wp-json\/wp\/v2\/berocket_brand?post=117160"}],"curies":[{"name":"wp","href":"https:\/\/api.w.org\/{rel}","templated":true}]}}