{"id":117121,"date":"2025-05-18T21:23:13","date_gmt":"2025-05-18T21:23:13","guid":{"rendered":"https:\/\/staging2.stylingagenten.com\/fi\/produkt\/paco-rabanne-invictus-deostick-75ml\/"},"modified":"2026-03-23T13:52:29","modified_gmt":"2026-03-23T13:52:29","slug":"paco-rabanne-invictus-deostick-75ml","status":"publish","type":"product","link":"https:\/\/stylingagenten.com\/fi\/tuote\/paco-rabanne-invictus-deostick-75ml\/","title":{"rendered":"Paco Rabanne Invictus Deostick 75ml"},"content":{"rendered":"<p>Paco Rabanne Invictus on tyylik\u00e4s tuoksu miehelle, joka on huolellinen, innovatiivinen ja ter\u00e4v\u00e4. Tyylik\u00e4s tuoksu miehelle, joka rakastaa adrenaliinin pumppaamista ja joka uskaltaa istua! Hajuvesi avautuu makeilla greipin, laakerinlehden ja merellisill\u00e4 tuoksuilla, ennen kuin se sulkeutuu. maskuliinisessa syd\u00e4mess\u00e4 patsulia ja puun vivahteita. Tuoksu laskeutuu sitten pehme\u00e4sti ja aistillisesti ambrapohjaan.<\/p>\n<p><strong>Tuoksutuoksu:<\/strong> greippi, laakerinlehdet, merelliset tuoksut, patsuli, puiset &amp; ambra.<\/p>\n<p><span lang=\"FI-US\" style=\"font-size: 11.0pt;font-family: 'Calibri',sans-serif\">&nbsp;<\/span><\/p>\n<p>&nbsp;<\/p>\n","protected":false},"excerpt":{"rendered":"<p>Paco Rabanne Invictus on tyylik\u00e4s tuoksu miehelle, joka on huolellinen, innovatiivinen ja ter\u00e4v\u00e4. Tyylik\u00e4s tuoksu miehelle, joka rakastaa adrenaliinin pumppaamista ja joka uskaltaa istua! Hajuvesi avautuu makeilla greipin, laakerinlehden ja merellisill\u00e4 tuoksuilla, ennen kuin se sulkeutuu. maskuliinisessa syd\u00e4mess\u00e4 patsulia ja puun vivahteita. Tuoksu laskeutuu sitten pehme\u00e4sti ja aistillisesti ambrapohjaan. Tuoksutuoksu: greippi, laakerinlehdet, merelliset tuoksut, patsuli, [&hellip;]<\/p>\n","protected":false},"featured_media":117120,"comment_status":"open","ping_status":"closed","template":"","meta":{"_trash_the_other_posts":false},"product_brand":[],"product_cat":[720,1000,735],"product_tag":[],"berocket_brand":[1048],"class_list":{"0":"post-117121","1":"product","2":"type-product","3":"status-publish","4":"has-post-thumbnail","6":"product_cat-deostick-miehet","7":"product_cat-kampanjatarjous-miehelle","8":"product_cat-kampanjamme","9":"pa_brand-paco-rabanne","10":"berocket_brand-paco-rabanne","12":"first","13":"instock","14":"sale","15":"taxable","16":"shipping-taxable","17":"purchasable","18":"product-type-simple"},"_links":{"self":[{"href":"https:\/\/stylingagenten.com\/fi\/wp-json\/wp\/v2\/product\/117121","targetHints":{"allow":["GET"]}}],"collection":[{"href":"https:\/\/stylingagenten.com\/fi\/wp-json\/wp\/v2\/product"}],"about":[{"href":"https:\/\/stylingagenten.com\/fi\/wp-json\/wp\/v2\/types\/product"}],"replies":[{"embeddable":true,"href":"https:\/\/stylingagenten.com\/fi\/wp-json\/wp\/v2\/comments?post=117121"}],"version-history":[{"count":0,"href":"https:\/\/stylingagenten.com\/fi\/wp-json\/wp\/v2\/product\/117121\/revisions"}],"wp:featuredmedia":[{"embeddable":true,"href":"https:\/\/stylingagenten.com\/fi\/wp-json\/wp\/v2\/media\/117120"}],"wp:attachment":[{"href":"https:\/\/stylingagenten.com\/fi\/wp-json\/wp\/v2\/media?parent=117121"}],"wp:term":[{"taxonomy":"product_brand","embeddable":true,"href":"https:\/\/stylingagenten.com\/fi\/wp-json\/wp\/v2\/product_brand?post=117121"},{"taxonomy":"product_cat","embeddable":true,"href":"https:\/\/stylingagenten.com\/fi\/wp-json\/wp\/v2\/product_cat?post=117121"},{"taxonomy":"product_tag","embeddable":true,"href":"https:\/\/stylingagenten.com\/fi\/wp-json\/wp\/v2\/product_tag?post=117121"},{"taxonomy":"berocket_brand","embeddable":true,"href":"https:\/\/stylingagenten.com\/fi\/wp-json\/wp\/v2\/berocket_brand?post=117121"}],"curies":[{"name":"wp","href":"https:\/\/api.w.org\/{rel}","templated":true}]}}