{"id":116873,"date":"2025-05-18T21:22:05","date_gmt":"2025-05-18T21:22:05","guid":{"rendered":"https:\/\/staging2.stylingagenten.com\/fi\/produkt\/makeup-revolution-chocolate-face-palette-waffle\/"},"modified":"2026-04-09T14:48:46","modified_gmt":"2026-04-09T14:48:46","slug":"makeup-revolution-chocolate-face-palette-waffle","status":"publish","type":"product","link":"https:\/\/stylingagenten.com\/fi\/tuote\/makeup-revolution-chocolate-face-palette-waffle\/","title":{"rendered":"Makeup Revolution Chocolate Face Palette &#8211; Waffle"},"content":{"rendered":"<p>I Heart Revolution Waffle Chocolate Palette &auml;on kasvojen paletti, jossa on 5 pigmentoitua s\u00e4vy\u00e4.<\/p>\n<p>vohveli &ndash; l\u00e4mmin ruskea matta \u00e4\u00e4riviiva\/bronzer<br \/>Taikina &ndash; nude matta jauhe\/korostustuote<br \/>Paahdettua &ndash; t\u00e4ytel\u00e4isen hohtavan kohokohta<br \/>Vahterasiirappi &ndash; l\u00e4mmin violetti matta poskipuna<\/p>\n","protected":false},"excerpt":{"rendered":"<p>I Heart Revolution Waffle Chocolate Palette &auml;on kasvojen paletti, jossa on 5 pigmentoitua s\u00e4vy\u00e4. vohveli &ndash; l\u00e4mmin ruskea matta \u00e4\u00e4riviiva\/bronzerTaikina &ndash; nude matta jauhe\/korostustuotePaahdettua &ndash; t\u00e4ytel\u00e4isen hohtavan kohokohtaVahterasiirappi &ndash; l\u00e4mmin violetti matta poskipuna<\/p>\n","protected":false},"featured_media":116859,"comment_status":"open","ping_status":"closed","template":"","meta":{"_trash_the_other_posts":false},"product_brand":[],"product_cat":[639],"product_tag":[3293],"berocket_brand":[1050],"class_list":{"0":"post-116873","1":"product","2":"type-product","3":"status-publish","4":"has-post-thumbnail","6":"product_cat-contour","7":"product_tag-makeup-revolution-chocolate-face-palette","8":"pa_brand-makeup-revolution","9":"pa_variantti-waffle","10":"berocket_brand-makeup-revolution","12":"first","13":"instock","14":"sale","15":"taxable","16":"shipping-taxable","17":"purchasable","18":"product-type-simple"},"_links":{"self":[{"href":"https:\/\/stylingagenten.com\/fi\/wp-json\/wp\/v2\/product\/116873","targetHints":{"allow":["GET"]}}],"collection":[{"href":"https:\/\/stylingagenten.com\/fi\/wp-json\/wp\/v2\/product"}],"about":[{"href":"https:\/\/stylingagenten.com\/fi\/wp-json\/wp\/v2\/types\/product"}],"replies":[{"embeddable":true,"href":"https:\/\/stylingagenten.com\/fi\/wp-json\/wp\/v2\/comments?post=116873"}],"version-history":[{"count":0,"href":"https:\/\/stylingagenten.com\/fi\/wp-json\/wp\/v2\/product\/116873\/revisions"}],"wp:featuredmedia":[{"embeddable":true,"href":"https:\/\/stylingagenten.com\/fi\/wp-json\/wp\/v2\/media\/116859"}],"wp:attachment":[{"href":"https:\/\/stylingagenten.com\/fi\/wp-json\/wp\/v2\/media?parent=116873"}],"wp:term":[{"taxonomy":"product_brand","embeddable":true,"href":"https:\/\/stylingagenten.com\/fi\/wp-json\/wp\/v2\/product_brand?post=116873"},{"taxonomy":"product_cat","embeddable":true,"href":"https:\/\/stylingagenten.com\/fi\/wp-json\/wp\/v2\/product_cat?post=116873"},{"taxonomy":"product_tag","embeddable":true,"href":"https:\/\/stylingagenten.com\/fi\/wp-json\/wp\/v2\/product_tag?post=116873"},{"taxonomy":"berocket_brand","embeddable":true,"href":"https:\/\/stylingagenten.com\/fi\/wp-json\/wp\/v2\/berocket_brand?post=116873"}],"curies":[{"name":"wp","href":"https:\/\/api.w.org\/{rel}","templated":true}]}}