{"id":116864,"date":"2025-05-18T21:22:04","date_gmt":"2025-05-18T21:22:04","guid":{"rendered":"https:\/\/staging2.stylingagenten.com\/fi\/produkt\/kokie-cream-contour-palette-deep-dark\/"},"modified":"2026-04-06T12:37:26","modified_gmt":"2026-04-06T12:37:26","slug":"kokie-cream-contour-palette-deep-dark","status":"publish","type":"product","link":"https:\/\/stylingagenten.com\/fi\/tuote\/kokie-cream-contour-palette-deep-dark\/","title":{"rendered":"Kokie Cream Contour Palette &#8211; Deep\/Dark"},"content":{"rendered":"<p>Hankinta; ammattimaisia \u200b\u200btuloksia Kokie Professional Cream Contour Palettella. <br \/>Kuusi rakennettavaa, kermanv\u00e4rist\u00e4 s\u00e4vy\u00e4 vaaleissa, keskikokoisissa ja tummissa s\u00e4vyiss\u00e4 m\u00e4\u00e4rittelem\u00e4\u00e4n ja korostamaan piirteit\u00e4si. <br \/>Paletti sis\u00e4lt\u00e4\u00e4 kolme sekoitettavaa s\u00e4vy\u00e4 korostamiseen ja kolme s\u00e4vy\u00e4 muotoiluun.<\/p>\n","protected":false},"excerpt":{"rendered":"<p>Hankinta; ammattimaisia \u200b\u200btuloksia Kokie Professional Cream Contour Palettella. Kuusi rakennettavaa, kermanv\u00e4rist\u00e4 s\u00e4vy\u00e4 vaaleissa, keskikokoisissa ja tummissa s\u00e4vyiss\u00e4 m\u00e4\u00e4rittelem\u00e4\u00e4n ja korostamaan piirteit\u00e4si. Paletti sis\u00e4lt\u00e4\u00e4 kolme sekoitettavaa s\u00e4vy\u00e4 korostamiseen ja kolme s\u00e4vy\u00e4 muotoiluun.<\/p>\n","protected":false},"featured_media":116861,"comment_status":"open","ping_status":"closed","template":"","meta":{"_trash_the_other_posts":false},"product_brand":[],"product_cat":[639],"product_tag":[3138],"berocket_brand":[1198],"class_list":{"0":"post-116864","1":"product","2":"type-product","3":"status-publish","4":"has-post-thumbnail","6":"product_cat-contour","7":"product_tag-kokie-cream-contour-palette","8":"pa_brand-kokie-cosmetics","9":"pa_variantti-deep-dark","10":"berocket_brand-kokie-cosmetics","12":"first","13":"instock","14":"sale","15":"taxable","16":"shipping-taxable","17":"purchasable","18":"product-type-simple"},"_links":{"self":[{"href":"https:\/\/stylingagenten.com\/fi\/wp-json\/wp\/v2\/product\/116864","targetHints":{"allow":["GET"]}}],"collection":[{"href":"https:\/\/stylingagenten.com\/fi\/wp-json\/wp\/v2\/product"}],"about":[{"href":"https:\/\/stylingagenten.com\/fi\/wp-json\/wp\/v2\/types\/product"}],"replies":[{"embeddable":true,"href":"https:\/\/stylingagenten.com\/fi\/wp-json\/wp\/v2\/comments?post=116864"}],"version-history":[{"count":0,"href":"https:\/\/stylingagenten.com\/fi\/wp-json\/wp\/v2\/product\/116864\/revisions"}],"wp:featuredmedia":[{"embeddable":true,"href":"https:\/\/stylingagenten.com\/fi\/wp-json\/wp\/v2\/media\/116861"}],"wp:attachment":[{"href":"https:\/\/stylingagenten.com\/fi\/wp-json\/wp\/v2\/media?parent=116864"}],"wp:term":[{"taxonomy":"product_brand","embeddable":true,"href":"https:\/\/stylingagenten.com\/fi\/wp-json\/wp\/v2\/product_brand?post=116864"},{"taxonomy":"product_cat","embeddable":true,"href":"https:\/\/stylingagenten.com\/fi\/wp-json\/wp\/v2\/product_cat?post=116864"},{"taxonomy":"product_tag","embeddable":true,"href":"https:\/\/stylingagenten.com\/fi\/wp-json\/wp\/v2\/product_tag?post=116864"},{"taxonomy":"berocket_brand","embeddable":true,"href":"https:\/\/stylingagenten.com\/fi\/wp-json\/wp\/v2\/berocket_brand?post=116864"}],"curies":[{"name":"wp","href":"https:\/\/api.w.org\/{rel}","templated":true}]}}