{"id":116613,"date":"2025-05-18T21:20:58","date_gmt":"2025-05-18T21:20:58","guid":{"rendered":"https:\/\/staging2.stylingagenten.com\/fi\/produkt\/nyx-prof-makeup-cant-stop-wont-stop-contour-concealer-soft-beige\/"},"modified":"2025-11-19T11:24:39","modified_gmt":"2025-11-19T11:24:39","slug":"nyx-prof-makeup-cant-stop-wont-stop-contour-concealer-soft-beige","status":"publish","type":"product","link":"https:\/\/stylingagenten.com\/fi\/tuote\/nyx-prof-makeup-cant-stop-wont-stop-contour-concealer-soft-beige\/","title":{"rendered":"NYX PROF. MAKEUP Can\u00b4t Stop Won\u00b4t Stop Contour Concealer &#8211; Soft Beige"},"content":{"rendered":"<p>Can&rsquo;t Stop Won&rsquo;t Stop Contour Concealer &auml;on kevyt ja nestem\u00e4inen peitevoide, joka on saatavana useissa superpigmentoivissa s\u00e4vyiss\u00e4.<br \/>Voit k\u00e4ytt\u00e4\u00e4 t\u00e4t\u00e4 mattapintaista koostumusta, joka h\u00e4ivytt\u00e4\u00e4, korjaa ja kirkastaa kasvot tai korosta piirteit\u00e4si muotoilemalla.<br \/>T\u00e4m\u00e4 kermainen multitasker tarjoaa t\u00e4ydellisen peitt\u00e4vyyden ja viimeistelyn, joka kest\u00e4\u00e4 jopa 24 tuntia. <br \/>K\u00e4yt\u00e4 yhdess\u00e4 Can&rsquo;t Won&rsquo;t Stop Full Coverage Foundationin s\u00e4vyjen kanssa ja Puuterimeikkivoide takaa \u00e4\u00e4rimm\u00e4isen ilmeen.<\/p>\n","protected":false},"excerpt":{"rendered":"<p>Can&rsquo;t Stop Won&rsquo;t Stop Contour Concealer &auml;on kevyt ja nestem\u00e4inen peitevoide, joka on saatavana useissa superpigmentoivissa s\u00e4vyiss\u00e4.Voit k\u00e4ytt\u00e4\u00e4 t\u00e4t\u00e4 mattapintaista koostumusta, joka h\u00e4ivytt\u00e4\u00e4, korjaa ja kirkastaa kasvot tai korosta piirteit\u00e4si muotoilemalla.T\u00e4m\u00e4 kermainen multitasker tarjoaa t\u00e4ydellisen peitt\u00e4vyyden ja viimeistelyn, joka kest\u00e4\u00e4 jopa 24 tuntia. K\u00e4yt\u00e4 yhdess\u00e4 Can&rsquo;t Won&rsquo;t Stop Full Coverage Foundationin s\u00e4vyjen kanssa ja Puuterimeikkivoide [&hellip;]<\/p>\n","protected":false},"featured_media":116603,"comment_status":"open","ping_status":"closed","template":"","meta":{"_trash_the_other_posts":false},"product_brand":[],"product_cat":[567],"product_tag":[3657],"berocket_brand":[1025],"class_list":{"0":"post-116613","1":"product","2":"type-product","3":"status-publish","4":"has-post-thumbnail","6":"product_cat-peitevoide","7":"product_tag-nyx-prof-makeup-cant-stop-wont-stop-contour-concealer","8":"pa_brand-nyx","9":"pa_variantti-soft-beige","10":"berocket_brand-nyx","12":"first","13":"instock","14":"sale","15":"taxable","16":"shipping-taxable","17":"purchasable","18":"product-type-simple"},"_links":{"self":[{"href":"https:\/\/stylingagenten.com\/fi\/wp-json\/wp\/v2\/product\/116613","targetHints":{"allow":["GET"]}}],"collection":[{"href":"https:\/\/stylingagenten.com\/fi\/wp-json\/wp\/v2\/product"}],"about":[{"href":"https:\/\/stylingagenten.com\/fi\/wp-json\/wp\/v2\/types\/product"}],"replies":[{"embeddable":true,"href":"https:\/\/stylingagenten.com\/fi\/wp-json\/wp\/v2\/comments?post=116613"}],"version-history":[{"count":0,"href":"https:\/\/stylingagenten.com\/fi\/wp-json\/wp\/v2\/product\/116613\/revisions"}],"wp:featuredmedia":[{"embeddable":true,"href":"https:\/\/stylingagenten.com\/fi\/wp-json\/wp\/v2\/media\/116603"}],"wp:attachment":[{"href":"https:\/\/stylingagenten.com\/fi\/wp-json\/wp\/v2\/media?parent=116613"}],"wp:term":[{"taxonomy":"product_brand","embeddable":true,"href":"https:\/\/stylingagenten.com\/fi\/wp-json\/wp\/v2\/product_brand?post=116613"},{"taxonomy":"product_cat","embeddable":true,"href":"https:\/\/stylingagenten.com\/fi\/wp-json\/wp\/v2\/product_cat?post=116613"},{"taxonomy":"product_tag","embeddable":true,"href":"https:\/\/stylingagenten.com\/fi\/wp-json\/wp\/v2\/product_tag?post=116613"},{"taxonomy":"berocket_brand","embeddable":true,"href":"https:\/\/stylingagenten.com\/fi\/wp-json\/wp\/v2\/berocket_brand?post=116613"}],"curies":[{"name":"wp","href":"https:\/\/api.w.org\/{rel}","templated":true}]}}