{"id":116566,"date":"2025-05-18T21:20:45","date_gmt":"2025-05-18T21:20:45","guid":{"rendered":"https:\/\/staging2.stylingagenten.com\/fi\/produkt\/milani-conceal-perfect-longwear-155-cool-sand\/"},"modified":"2025-11-19T11:26:11","modified_gmt":"2025-11-19T11:26:11","slug":"milani-conceal-perfect-longwear-155-cool-sand","status":"publish","type":"product","link":"https:\/\/stylingagenten.com\/fi\/tuote\/milani-conceal-perfect-longwear-155-cool-sand\/","title":{"rendered":"Milani Conceal + Perfect Longwear &#8211; 155 Cool Sand"},"content":{"rendered":"<p>Milani Conceal + Perfect Longwear on kermainen peitevoide, joka peitt\u00e4\u00e4 t\u00e4ydellisesti. Vedenkest\u00e4v\u00e4 koostumus, jonka s\u00e4ilyvyysaika jopa 12 tuntia. <br \/>T\u00e4ydellinen piilottamaan tummia silm\u00e4nalusia, v\u00e4rj\u00e4ytymi\u00e4 ja pigmentaatiota. Koostumus sis\u00e4lt\u00e4\u00e4 E-vitamiinia, joka auttaa kosteuttamaan ihoa.<br \/>Vegaaninen.<\/p>\n","protected":false},"excerpt":{"rendered":"<p>Milani Conceal + Perfect Longwear on kermainen peitevoide, joka peitt\u00e4\u00e4 t\u00e4ydellisesti. Vedenkest\u00e4v\u00e4 koostumus, jonka s\u00e4ilyvyysaika jopa 12 tuntia. T\u00e4ydellinen piilottamaan tummia silm\u00e4nalusia, v\u00e4rj\u00e4ytymi\u00e4 ja pigmentaatiota. Koostumus sis\u00e4lt\u00e4\u00e4 E-vitamiinia, joka auttaa kosteuttamaan ihoa.Vegaaninen.<\/p>\n","protected":false},"featured_media":116552,"comment_status":"open","ping_status":"closed","template":"","meta":{"_trash_the_other_posts":false},"product_brand":[],"product_cat":[567],"product_tag":[3538],"berocket_brand":[1027],"class_list":{"0":"post-116566","1":"product","2":"type-product","3":"status-publish","4":"has-post-thumbnail","6":"product_cat-peitevoide","7":"product_tag-milani-conceal-perfect-longwear","8":"pa_brand-milani","9":"pa_variantti-155-cool-sand","10":"berocket_brand-milani","12":"first","13":"instock","14":"sale","15":"taxable","16":"shipping-taxable","17":"purchasable","18":"product-type-simple"},"_links":{"self":[{"href":"https:\/\/stylingagenten.com\/fi\/wp-json\/wp\/v2\/product\/116566","targetHints":{"allow":["GET"]}}],"collection":[{"href":"https:\/\/stylingagenten.com\/fi\/wp-json\/wp\/v2\/product"}],"about":[{"href":"https:\/\/stylingagenten.com\/fi\/wp-json\/wp\/v2\/types\/product"}],"replies":[{"embeddable":true,"href":"https:\/\/stylingagenten.com\/fi\/wp-json\/wp\/v2\/comments?post=116566"}],"version-history":[{"count":0,"href":"https:\/\/stylingagenten.com\/fi\/wp-json\/wp\/v2\/product\/116566\/revisions"}],"wp:featuredmedia":[{"embeddable":true,"href":"https:\/\/stylingagenten.com\/fi\/wp-json\/wp\/v2\/media\/116552"}],"wp:attachment":[{"href":"https:\/\/stylingagenten.com\/fi\/wp-json\/wp\/v2\/media?parent=116566"}],"wp:term":[{"taxonomy":"product_brand","embeddable":true,"href":"https:\/\/stylingagenten.com\/fi\/wp-json\/wp\/v2\/product_brand?post=116566"},{"taxonomy":"product_cat","embeddable":true,"href":"https:\/\/stylingagenten.com\/fi\/wp-json\/wp\/v2\/product_cat?post=116566"},{"taxonomy":"product_tag","embeddable":true,"href":"https:\/\/stylingagenten.com\/fi\/wp-json\/wp\/v2\/product_tag?post=116566"},{"taxonomy":"berocket_brand","embeddable":true,"href":"https:\/\/stylingagenten.com\/fi\/wp-json\/wp\/v2\/berocket_brand?post=116566"}],"curies":[{"name":"wp","href":"https:\/\/api.w.org\/{rel}","templated":true}]}}