{"id":116511,"date":"2025-05-18T21:20:30","date_gmt":"2025-05-18T21:20:30","guid":{"rendered":"https:\/\/staging2.stylingagenten.com\/fi\/produkt\/kokie-be-bright-illuminating-concealer-fair\/"},"modified":"2025-12-18T19:57:49","modified_gmt":"2025-12-18T19:57:49","slug":"kokie-be-bright-illuminating-concealer-fair","status":"publish","type":"product","link":"https:\/\/stylingagenten.com\/fi\/tuote\/kokie-be-bright-illuminating-concealer-fair\/","title":{"rendered":"Kokie Be Bright Illuminating Concealer &#8211; Fair"},"content":{"rendered":"<p>Piilota tummat silm\u00e4nalusit, sumenna ep\u00e4tasaisuudet ja kirkastaa sameaa ihoa Kokie Be Bright Illuminating Concealerilla. <br \/>N\u00e4m\u00e4 kermaiset peitevoiteet auttavat v\u00e4hent\u00e4m\u00e4\u00e4n ryppyj\u00e4 ja juonteita, ne eiv\u00e4t rypisty tai halkeile helposti; ett\u00e4 ihosi n\u00e4ytt\u00e4\u00e4 sile\u00e4lt\u00e4 ja mukavalta koko p\u00e4iv\u00e4n.<\/p>\n","protected":false},"excerpt":{"rendered":"<p>Piilota tummat silm\u00e4nalusit, sumenna ep\u00e4tasaisuudet ja kirkastaa sameaa ihoa Kokie Be Bright Illuminating Concealerilla. N\u00e4m\u00e4 kermaiset peitevoiteet auttavat v\u00e4hent\u00e4m\u00e4\u00e4n ryppyj\u00e4 ja juonteita, ne eiv\u00e4t rypisty tai halkeile helposti; ett\u00e4 ihosi n\u00e4ytt\u00e4\u00e4 sile\u00e4lt\u00e4 ja mukavalta koko p\u00e4iv\u00e4n.<\/p>\n","protected":false},"featured_media":116505,"comment_status":"open","ping_status":"closed","template":"","meta":{"_trash_the_other_posts":false},"product_brand":[],"product_cat":[567],"product_tag":[3132],"berocket_brand":[1198],"class_list":{"0":"post-116511","1":"product","2":"type-product","3":"status-publish","4":"has-post-thumbnail","6":"product_cat-peitevoide","7":"product_tag-kokie-be-bright-illuminating-concealer","8":"pa_brand-kokie-cosmetics","9":"pa_variantti-fair","10":"berocket_brand-kokie-cosmetics","12":"first","13":"instock","14":"sale","15":"taxable","16":"shipping-taxable","17":"purchasable","18":"product-type-simple"},"_links":{"self":[{"href":"https:\/\/stylingagenten.com\/fi\/wp-json\/wp\/v2\/product\/116511","targetHints":{"allow":["GET"]}}],"collection":[{"href":"https:\/\/stylingagenten.com\/fi\/wp-json\/wp\/v2\/product"}],"about":[{"href":"https:\/\/stylingagenten.com\/fi\/wp-json\/wp\/v2\/types\/product"}],"replies":[{"embeddable":true,"href":"https:\/\/stylingagenten.com\/fi\/wp-json\/wp\/v2\/comments?post=116511"}],"version-history":[{"count":0,"href":"https:\/\/stylingagenten.com\/fi\/wp-json\/wp\/v2\/product\/116511\/revisions"}],"wp:featuredmedia":[{"embeddable":true,"href":"https:\/\/stylingagenten.com\/fi\/wp-json\/wp\/v2\/media\/116505"}],"wp:attachment":[{"href":"https:\/\/stylingagenten.com\/fi\/wp-json\/wp\/v2\/media?parent=116511"}],"wp:term":[{"taxonomy":"product_brand","embeddable":true,"href":"https:\/\/stylingagenten.com\/fi\/wp-json\/wp\/v2\/product_brand?post=116511"},{"taxonomy":"product_cat","embeddable":true,"href":"https:\/\/stylingagenten.com\/fi\/wp-json\/wp\/v2\/product_cat?post=116511"},{"taxonomy":"product_tag","embeddable":true,"href":"https:\/\/stylingagenten.com\/fi\/wp-json\/wp\/v2\/product_tag?post=116511"},{"taxonomy":"berocket_brand","embeddable":true,"href":"https:\/\/stylingagenten.com\/fi\/wp-json\/wp\/v2\/berocket_brand?post=116511"}],"curies":[{"name":"wp","href":"https:\/\/api.w.org\/{rel}","templated":true}]}}