{"id":116451,"date":"2025-05-18T21:20:10","date_gmt":"2025-05-18T21:20:10","guid":{"rendered":"https:\/\/staging2.stylingagenten.com\/fi\/produkt\/maybelline-fit-me-concealer-08-nude\/"},"modified":"2026-03-24T11:37:29","modified_gmt":"2026-03-24T11:37:29","slug":"maybelline-fit-me-concealer-08-nude","status":"publish","type":"product","link":"https:\/\/stylingagenten.com\/fi\/tuote\/maybelline-fit-me-concealer-08-nude\/","title":{"rendered":"Maybelline Fit Me Concealer 08 Nude"},"content":{"rendered":"<p>Maybelline Fit Me Concealer on t\u00e4ydellinen korjaamaan ep\u00e4tasaisuuksia ja peitt\u00e4m\u00e4\u00e4n tummia silm\u00e4nalusia. <br \/>Peitevoide tarjoaa luonnollisen peiton, joka tekee ihosta raikkaan ja luonnollisen sek\u00e4 varmistaa, ett\u00e4 iho voi hengitt\u00e4\u00e4. Ei tukkia huokosia.&nbsp;<\/p>\n<p>6,8 ml<\/p>\n","protected":false},"excerpt":{"rendered":"<p>Maybelline Fit Me Concealer on t\u00e4ydellinen korjaamaan ep\u00e4tasaisuuksia ja peitt\u00e4m\u00e4\u00e4n tummia silm\u00e4nalusia. Peitevoide tarjoaa luonnollisen peiton, joka tekee ihosta raikkaan ja luonnollisen sek\u00e4 varmistaa, ett\u00e4 iho voi hengitt\u00e4\u00e4. Ei tukkia huokosia.&nbsp; 6,8 ml<\/p>\n","protected":false},"featured_media":116448,"comment_status":"open","ping_status":"closed","template":"","meta":{"_trash_the_other_posts":false},"product_brand":[],"product_cat":[567],"product_tag":[3501],"berocket_brand":[1016],"class_list":{"0":"post-116451","1":"product","2":"type-product","3":"status-publish","4":"has-post-thumbnail","6":"product_cat-peitevoide","7":"product_tag-maybelline-fit-me-concealer","8":"pa_brand-maybelline","9":"pa_variantti-08-nude","10":"berocket_brand-maybelline","12":"first","13":"instock","14":"sale","15":"taxable","16":"shipping-taxable","17":"purchasable","18":"product-type-simple"},"_links":{"self":[{"href":"https:\/\/stylingagenten.com\/fi\/wp-json\/wp\/v2\/product\/116451","targetHints":{"allow":["GET"]}}],"collection":[{"href":"https:\/\/stylingagenten.com\/fi\/wp-json\/wp\/v2\/product"}],"about":[{"href":"https:\/\/stylingagenten.com\/fi\/wp-json\/wp\/v2\/types\/product"}],"replies":[{"embeddable":true,"href":"https:\/\/stylingagenten.com\/fi\/wp-json\/wp\/v2\/comments?post=116451"}],"version-history":[{"count":0,"href":"https:\/\/stylingagenten.com\/fi\/wp-json\/wp\/v2\/product\/116451\/revisions"}],"wp:featuredmedia":[{"embeddable":true,"href":"https:\/\/stylingagenten.com\/fi\/wp-json\/wp\/v2\/media\/116448"}],"wp:attachment":[{"href":"https:\/\/stylingagenten.com\/fi\/wp-json\/wp\/v2\/media?parent=116451"}],"wp:term":[{"taxonomy":"product_brand","embeddable":true,"href":"https:\/\/stylingagenten.com\/fi\/wp-json\/wp\/v2\/product_brand?post=116451"},{"taxonomy":"product_cat","embeddable":true,"href":"https:\/\/stylingagenten.com\/fi\/wp-json\/wp\/v2\/product_cat?post=116451"},{"taxonomy":"product_tag","embeddable":true,"href":"https:\/\/stylingagenten.com\/fi\/wp-json\/wp\/v2\/product_tag?post=116451"},{"taxonomy":"berocket_brand","embeddable":true,"href":"https:\/\/stylingagenten.com\/fi\/wp-json\/wp\/v2\/berocket_brand?post=116451"}],"curies":[{"name":"wp","href":"https:\/\/api.w.org\/{rel}","templated":true}]}}